{"id":16634,"date":"2018-10-15T15:21:30","date_gmt":"2018-10-15T13:21:30","guid":{"rendered":"https:\/\/www.tentickle.ch\/datenschutzerklaerung\/"},"modified":"2022-02-22T15:27:46","modified_gmt":"2022-02-22T14:27:46","slug":"protezione-dati","status":"publish","type":"page","link":"https:\/\/www.tentickle.ch\/it\/protezione-dati\/","title":{"rendered":"Protezione dati"},"content":{"rendered":"<p>[vc_row css_animation=&#8221;&#8221; row_type=&#8221;row&#8221; use_row_as_full_screen_section=&#8221;no&#8221; type=&#8221;full_width&#8221; angled_section=&#8221;no&#8221; text_align=&#8221;left&#8221; background_image_as_pattern=&#8221;without_pattern&#8221;][vc_column][vc_column_text]<\/p>\n<h1>Protezione dati<\/h1>\n<p>[vc_separator type=&#8221;transparent&#8221; position=&#8221;center&#8221; thickness=&#8221;0&#8243; up=&#8221;50&#8243; down=&#8221;50&#8243;]<\/p>\n<h3>ESCLUSIONE DI RESPONSABILIT\u00c0<\/h3>\n<p class=\"p1\">L\u2019autore non si assume alcuna responsabilit\u00e0 per la correttezza, l\u2019accuratezza, la tempestivit\u00e0, l\u2019affidabilit\u00e0 e la completezza delle informazioni. Sono escluse rivendicazioni di responsabilit\u00e0 nei confronti dell\u2019autore per danni materiali o immateriali derivanti dall\u2019accesso, dall\u2019utilizzo o dal mancato utilizzo delle informazioni pubblicate, dall\u2019uso improprio del collegamento da malfunzionamenti tecnici. Tutte le offerte non sono vincolanti. L\u2019autore si riserva espressamente il diritto di modificare, aggiungere o cancellare parti delle pagine o l\u2019intera offerta o di cessare la pubblicazione temporaneamente o definitivamente senza preavviso.<\/p>\n<div class=\"separator transparent center \">[vc_separator type=&#8221;transparent&#8221; position=&#8221;center&#8221; thickness=&#8221;0&#8243; up=&#8221;10&#8243; down=&#8221;10&#8243;]<\/div>\n<h3>RESPONSABILIT\u00c0 PER I LINK<\/h3>\n<p>Riferimenti e collegamenti a siti web di terzi sono al di fuori della nostra area di responsabilit\u00e0. Decliniamo qualsiasi responsabilit\u00e0 per tali siti web. L\u2019accesso e l\u2019utilizzo di tali siti web \u00e8 a rischio dell\u2019utente.<\/p>\n<div class=\"separator transparent center \">[vc_separator type=&#8221;transparent&#8221; position=&#8221;center&#8221; thickness=&#8221;0&#8243; up=&#8221;10&#8243; down=&#8221;10&#8243;]<\/div>\n<div>\n<h3>Cookies<\/h3>\n<p>Se scrivi un commento sul nostro sito web, esso pu\u00f2 essere un consenso a salvare il tuo nome, indirizzo email e sito web nei cookie. Questa \u00e8 una funzione di comodit\u00e0 in modo che tu non debba reinserire tutti questi dati se scrivi un altro commento. Questi cookie vengono conservati per un anno.<\/p>\n<p>[vc_separator type=&#8221;transparent&#8221; position=&#8221;center&#8221; thickness=&#8221;0&#8243; up=&#8221;10&#8243; down=&#8221;10&#8243;]<\/p>\n<h3>CONTENUTI INCORPORATI DA ALTRI SITI WEB<\/h3>\n<p>Gli articoli su questo sito web possono contenere contenuti incorporati (ad esempio video, immagini, articoli, ecc.). I contenuti incorporati di altri siti web si comportano esattamente come se il visitatore avesse visitato l\u2019altro sito web. Questi siti web possono raccogliere dati su di te, utilizzare cookie, incorporare servizi di tracciamento aggiuntivi di terze parti e registrare la tua interazione con questo contenuto incorporato, inclusa la tua interazione con il contenuto incorporato, se hai un account e sei connesso a questo sito web.<\/p>\n<\/div>\n<p>[vc_separator type=&#8221;transparent&#8221; position=&#8221;center&#8221; thickness=&#8221;0&#8243; up=&#8221;10&#8243; down=&#8221;10&#8243;]<\/p>\n<h3>COPYRIGHT<\/h3>\n<p>I diritti d\u2019autore e tutti gli altri diritti su contenuti, immagini, foto o altri file sul sito web appartengono esclusivamente a Tentickle Schweiz AG o ai titolari dei diritti specificatamente nominati. Il consenso scritto del titolare del diritto d\u2019autore deve essere ottenuto in anticipo per la riproduzione di qualsiasi elemento.<\/p>\n<div class=\"separator transparent center \">[vc_separator type=&#8221;transparent&#8221; position=&#8221;center&#8221; thickness=&#8221;0&#8243; up=&#8221;10&#8243; down=&#8221;10&#8243;]<\/div>\n<h3>PROTEZIONE DATI<\/h3>\n<p>In base all\u2019articolo 13 della Costituzione federale svizzera e alle disposizioni sulla protezione dei dati del governo federale (legge sulla protezione dei dati, DSG), ogni persona ha diritto alla protezione della propria privacy e alla protezione contro l\u2019abuso dei propri dati personali. Rispettiamo queste normative. I dati personali sono trattati come strettamente confidenziali e non vengono venduti n\u00e9 ceduti a terzi. In stretta collaborazione con i nostri fornitori di hosting, ci sforziamo di proteggere al meglio i database da accessi non autorizzati, perdita, uso improprio o falsificazione. Quando si accede al nostro sito web, i seguenti dati vengono memorizzati nei file di registro: indirizzo IP, data, ora, richiesta del browser e informazioni generali sul sistema operativo. Questi dati di utilizzo costituiscono la base per valutazioni statistiche anonime in modo da poter identificare le tendenze, che possiamo utilizzare per migliorare di conseguenza le nostre offerte.<\/p>\n<div class=\"separator transparent center \">[vc_separator type=&#8221;transparent&#8221; position=&#8221;center&#8221; thickness=&#8221;0&#8243; up=&#8221;10&#8243; down=&#8221;10&#8243;]<\/div>\n<h3>DICHIARAZIONE SULLA PROTEZIONE DEI DATI PER L\u2019UTILIZZO DI GOOGLE ANALYTICS<\/h3>\n<p>Questo sito web utilizza Google Analytics, un servizio di analisi web di Google Inc. (\u201eGoogle\u201c). Google Analytics utilizza i cosiddetti \u201ecookie\u201c, file di testo che vengono memorizzati sul tuo computer e che consentono di analizzare il tuo utilizzo del sito web. Le informazioni generate dal cookie sull\u2019utilizzo di questo sito web vengono generalmente trasferite a un server di Google negli Stati Uniti e l\u00ec memorizzate. Tuttavia, se l\u2019anonimizzazione dell\u2019IP \u00e8 attivata su questo sito web, il tuo indirizzo IP verr\u00e0 preventivamente abbreviato da Google all\u2019interno degli Stati membri dell\u2019Unione europea o in altri Stati contraenti dell\u2019Accordo sullo Spazio economico europeo.<br \/>\nSolo in casi eccezionali l\u2019indirizzo IP completo verr\u00e0 trasmesso a un server di Google negli Stati Uniti e l\u00ec abbreviato. Google utilizzer\u00e0 queste informazioni per valutare l\u2019utilizzo del sito web, compilare report sull\u2019attivit\u00e0 del sito web per l\u2019operatore del sito web e fornire altri servizi relativi all\u2019attivit\u00e0 del sito web e all\u2019utilizzo di internet. Google pu\u00f2 anche trasferire queste informazioni a terzi ove ci\u00f2 sia imposto dalla legge o laddove terzi trattino questi dati per conto di Google.<br \/>\nL\u2019indirizzo IP trasmesso dal tuo browser nell\u2019ambito di Google Analytics non verr\u00e0 unito ad altri dati di Google. \u00c8 possibile impedire l\u2019installazione dei cookie impostando di conseguenza il software del browser; tuttavia, vorremmo sottolineare che in questo caso potresti non essere in grado di utilizzare tutte le funzioni di questo sito web nella loro massima misura. Attraverso l\u2019uso di questo sito web, acconsenti al trattamento dei dati raccolti su di te da Google secondo le modalit\u00e0 sopra descritte e per le finalit\u00e0 sopra indicate.<\/p>\n<p>[vc_separator type=&#8221;transparent&#8221; position=&#8221;center&#8221; thickness=&#8221;0&#8243; up=&#8221;50&#8243; down=&#8221;50&#8243;][\/vc_column_text][\/vc_column][\/vc_row]<\/p>\n","protected":false},"excerpt":{"rendered":"<p>[vc_row css_animation=&#8221;&#8221; row_type=&#8221;row&#8221; use_row_as_full_screen_section=&#8221;no&#8221; type=&#8221;full_width&#8221; angled_section=&#8221;no&#8221; text_align=&#8221;left&#8221; background_image_as_pattern=&#8221;without_pattern&#8221;][vc_column][vc_column_text] Protezione dati [vc_separator type=&#8221;transparent&#8221; position=&#8221;center&#8221; thickness=&#8221;0&#8243; up=&#8221;50&#8243; down=&#8221;50&#8243;] ESCLUSIONE DI RESPONSABILIT\u00c0 L\u2019autore non si assume alcuna responsabilit\u00e0 per la correttezza, l\u2019accuratezza, la tempestivit\u00e0, l\u2019affidabilit\u00e0 e la completezza delle informazioni. Sono escluse rivendicazioni di responsabilit\u00e0 nei confronti dell\u2019autore&#8230;<\/p>\n","protected":false},"author":1,"featured_media":0,"parent":0,"menu_order":0,"comment_status":"closed","ping_status":"closed","template":"","meta":{"footnotes":""},"class_list":["post-16634","page","type-page","status-publish","hentry"],"yoast_head":"<!-- This site is optimized with the Yoast SEO plugin v27.0 - https:\/\/yoast.com\/product\/yoast-seo-wordpress\/ -->\n<title>Protezione dati - Tentickle<\/title>\n<meta name=\"robots\" content=\"index, follow, max-snippet:-1, max-image-preview:large, max-video-preview:-1\" \/>\n<link rel=\"canonical\" href=\"https:\/\/www.tentickle.ch\/datenschutzerklaerung\/\" \/>\n<meta property=\"og:locale\" content=\"it_IT\" \/>\n<meta property=\"og:type\" content=\"article\" \/>\n<meta property=\"og:title\" content=\"Protezione dati - Tentickle\" \/>\n<meta property=\"og:description\" content=\"[vc_row css_animation=&#8221;&#8221; row_type=&#8221;row&#8221; use_row_as_full_screen_section=&#8221;no&#8221; type=&#8221;full_width&#8221; angled_section=&#8221;no&#8221; text_align=&#8221;left&#8221; background_image_as_pattern=&#8221;without_pattern&#8221;][vc_column][vc_column_text] Protezione dati [vc_separator type=&#8221;transparent&#8221; position=&#8221;center&#8221; thickness=&#8221;0&#8243; up=&#8221;50&#8243; down=&#8221;50&#8243;] ESCLUSIONE DI RESPONSABILIT\u00c0 L\u2019autore non si assume alcuna responsabilit\u00e0 per la correttezza, l\u2019accuratezza, la tempestivit\u00e0, l\u2019affidabilit\u00e0 e la completezza delle informazioni. Sono escluse rivendicazioni di responsabilit\u00e0 nei confronti dell\u2019autore...\" \/>\n<meta property=\"og:url\" content=\"https:\/\/www.tentickle.ch\/datenschutzerklaerung\/\" \/>\n<meta property=\"og:site_name\" content=\"Tentickle\" \/>\n<meta property=\"article:publisher\" content=\"https:\/\/www.facebook.com\/CreativeTents\/\" \/>\n<meta property=\"article:modified_time\" content=\"2022-02-22T14:27:46+00:00\" \/>\n<meta name=\"twitter:card\" content=\"summary_large_image\" \/>\n<meta name=\"twitter:label1\" content=\"Tempo di lettura stimato\" \/>\n\t<meta name=\"twitter:data1\" content=\"4 minuti\" \/>\n<script type=\"application\/ld+json\" class=\"yoast-schema-graph\">{\"@context\":\"https:\/\/schema.org\",\"@graph\":[{\"@type\":\"WebPage\",\"@id\":\"https:\/\/www.tentickle.ch\/datenschutzerklaerung\/\",\"url\":\"https:\/\/www.tentickle.ch\/datenschutzerklaerung\/\",\"name\":\"Protezione dati - Tentickle\",\"isPartOf\":{\"@id\":\"https:\/\/www.tentickle.ch\/#website\"},\"datePublished\":\"2018-10-15T13:21:30+00:00\",\"dateModified\":\"2022-02-22T14:27:46+00:00\",\"breadcrumb\":{\"@id\":\"https:\/\/www.tentickle.ch\/datenschutzerklaerung\/#breadcrumb\"},\"inLanguage\":\"it-IT\",\"potentialAction\":[{\"@type\":\"ReadAction\",\"target\":[\"https:\/\/www.tentickle.ch\/datenschutzerklaerung\/\"]}]},{\"@type\":\"BreadcrumbList\",\"@id\":\"https:\/\/www.tentickle.ch\/datenschutzerklaerung\/#breadcrumb\",\"itemListElement\":[{\"@type\":\"ListItem\",\"position\":1,\"name\":\"Home\",\"item\":\"https:\/\/www.tentickle.ch\/\"},{\"@type\":\"ListItem\",\"position\":2,\"name\":\"Protezione dati\"}]},{\"@type\":\"WebSite\",\"@id\":\"https:\/\/www.tentickle.ch\/#website\",\"url\":\"https:\/\/www.tentickle.ch\/\",\"name\":\"Tentickle Schweiz\",\"description\":\"Stilvolle Zelte f\u00fcr Feste und Anl\u00e4sse\",\"publisher\":{\"@id\":\"https:\/\/www.tentickle.ch\/#organization\"},\"potentialAction\":[{\"@type\":\"SearchAction\",\"target\":{\"@type\":\"EntryPoint\",\"urlTemplate\":\"https:\/\/www.tentickle.ch\/?s={search_term_string}\"},\"query-input\":{\"@type\":\"PropertyValueSpecification\",\"valueRequired\":true,\"valueName\":\"search_term_string\"}}],\"inLanguage\":\"it-IT\"},{\"@type\":\"Organization\",\"@id\":\"https:\/\/www.tentickle.ch\/#organization\",\"name\":\"Tentickle\",\"url\":\"https:\/\/www.tentickle.ch\/\",\"logo\":{\"@type\":\"ImageObject\",\"inLanguage\":\"it-IT\",\"@id\":\"https:\/\/www.tentickle.ch\/#\/schema\/logo\/image\/\",\"url\":\"https:\/\/www.tentickle.ch\/wp-content\/uploads\/2018\/10\/TentickleLogoTransparentohneCanopies-web.png\",\"contentUrl\":\"https:\/\/www.tentickle.ch\/wp-content\/uploads\/2018\/10\/TentickleLogoTransparentohneCanopies-web.png\",\"width\":1000,\"height\":294,\"caption\":\"Tentickle\"},\"image\":{\"@id\":\"https:\/\/www.tentickle.ch\/#\/schema\/logo\/image\/\"},\"sameAs\":[\"https:\/\/www.facebook.com\/CreativeTents\/\",\"https:\/\/www.instagram.com\/tentickle.switzerland\"]}]}<\/script>\n<!-- \/ Yoast SEO plugin. -->","yoast_head_json":{"title":"Protezione dati - Tentickle","robots":{"index":"index","follow":"follow","max-snippet":"max-snippet:-1","max-image-preview":"max-image-preview:large","max-video-preview":"max-video-preview:-1"},"canonical":"https:\/\/www.tentickle.ch\/datenschutzerklaerung\/","og_locale":"it_IT","og_type":"article","og_title":"Protezione dati - Tentickle","og_description":"[vc_row css_animation=&#8221;&#8221; row_type=&#8221;row&#8221; use_row_as_full_screen_section=&#8221;no&#8221; type=&#8221;full_width&#8221; angled_section=&#8221;no&#8221; text_align=&#8221;left&#8221; background_image_as_pattern=&#8221;without_pattern&#8221;][vc_column][vc_column_text] Protezione dati [vc_separator type=&#8221;transparent&#8221; position=&#8221;center&#8221; thickness=&#8221;0&#8243; up=&#8221;50&#8243; down=&#8221;50&#8243;] ESCLUSIONE DI RESPONSABILIT\u00c0 L\u2019autore non si assume alcuna responsabilit\u00e0 per la correttezza, l\u2019accuratezza, la tempestivit\u00e0, l\u2019affidabilit\u00e0 e la completezza delle informazioni. Sono escluse rivendicazioni di responsabilit\u00e0 nei confronti dell\u2019autore...","og_url":"https:\/\/www.tentickle.ch\/datenschutzerklaerung\/","og_site_name":"Tentickle","article_publisher":"https:\/\/www.facebook.com\/CreativeTents\/","article_modified_time":"2022-02-22T14:27:46+00:00","twitter_card":"summary_large_image","twitter_misc":{"Tempo di lettura stimato":"4 minuti"},"schema":{"@context":"https:\/\/schema.org","@graph":[{"@type":"WebPage","@id":"https:\/\/www.tentickle.ch\/datenschutzerklaerung\/","url":"https:\/\/www.tentickle.ch\/datenschutzerklaerung\/","name":"Protezione dati - Tentickle","isPartOf":{"@id":"https:\/\/www.tentickle.ch\/#website"},"datePublished":"2018-10-15T13:21:30+00:00","dateModified":"2022-02-22T14:27:46+00:00","breadcrumb":{"@id":"https:\/\/www.tentickle.ch\/datenschutzerklaerung\/#breadcrumb"},"inLanguage":"it-IT","potentialAction":[{"@type":"ReadAction","target":["https:\/\/www.tentickle.ch\/datenschutzerklaerung\/"]}]},{"@type":"BreadcrumbList","@id":"https:\/\/www.tentickle.ch\/datenschutzerklaerung\/#breadcrumb","itemListElement":[{"@type":"ListItem","position":1,"name":"Home","item":"https:\/\/www.tentickle.ch\/"},{"@type":"ListItem","position":2,"name":"Protezione dati"}]},{"@type":"WebSite","@id":"https:\/\/www.tentickle.ch\/#website","url":"https:\/\/www.tentickle.ch\/","name":"Tentickle Schweiz","description":"Stilvolle Zelte f\u00fcr Feste und Anl\u00e4sse","publisher":{"@id":"https:\/\/www.tentickle.ch\/#organization"},"potentialAction":[{"@type":"SearchAction","target":{"@type":"EntryPoint","urlTemplate":"https:\/\/www.tentickle.ch\/?s={search_term_string}"},"query-input":{"@type":"PropertyValueSpecification","valueRequired":true,"valueName":"search_term_string"}}],"inLanguage":"it-IT"},{"@type":"Organization","@id":"https:\/\/www.tentickle.ch\/#organization","name":"Tentickle","url":"https:\/\/www.tentickle.ch\/","logo":{"@type":"ImageObject","inLanguage":"it-IT","@id":"https:\/\/www.tentickle.ch\/#\/schema\/logo\/image\/","url":"https:\/\/www.tentickle.ch\/wp-content\/uploads\/2018\/10\/TentickleLogoTransparentohneCanopies-web.png","contentUrl":"https:\/\/www.tentickle.ch\/wp-content\/uploads\/2018\/10\/TentickleLogoTransparentohneCanopies-web.png","width":1000,"height":294,"caption":"Tentickle"},"image":{"@id":"https:\/\/www.tentickle.ch\/#\/schema\/logo\/image\/"},"sameAs":["https:\/\/www.facebook.com\/CreativeTents\/","https:\/\/www.instagram.com\/tentickle.switzerland"]}]}},"_links":{"self":[{"href":"https:\/\/www.tentickle.ch\/it\/wp-json\/wp\/v2\/pages\/16634","targetHints":{"allow":["GET"]}}],"collection":[{"href":"https:\/\/www.tentickle.ch\/it\/wp-json\/wp\/v2\/pages"}],"about":[{"href":"https:\/\/www.tentickle.ch\/it\/wp-json\/wp\/v2\/types\/page"}],"author":[{"embeddable":true,"href":"https:\/\/www.tentickle.ch\/it\/wp-json\/wp\/v2\/users\/1"}],"replies":[{"embeddable":true,"href":"https:\/\/www.tentickle.ch\/it\/wp-json\/wp\/v2\/comments?post=16634"}],"version-history":[{"count":2,"href":"https:\/\/www.tentickle.ch\/it\/wp-json\/wp\/v2\/pages\/16634\/revisions"}],"predecessor-version":[{"id":16636,"href":"https:\/\/www.tentickle.ch\/it\/wp-json\/wp\/v2\/pages\/16634\/revisions\/16636"}],"wp:attachment":[{"href":"https:\/\/www.tentickle.ch\/it\/wp-json\/wp\/v2\/media?parent=16634"}],"curies":[{"name":"wp","href":"https:\/\/api.w.org\/{rel}","templated":true}]}}