{"id":16609,"date":"2018-10-22T11:21:46","date_gmt":"2018-10-22T09:21:46","guid":{"rendered":"https:\/\/www.tentickle.ch\/agb\/"},"modified":"2023-05-28T13:19:06","modified_gmt":"2023-05-28T11:19:06","slug":"agb","status":"publish","type":"page","link":"https:\/\/www.tentickle.ch\/it\/agb\/","title":{"rendered":"AGB"},"content":{"rendered":"<p>[vc_row css_animation=&#8221;&#8221; row_type=&#8221;row&#8221; use_row_as_full_screen_section=&#8221;no&#8221; type=&#8221;full_width&#8221; angled_section=&#8221;no&#8221; text_align=&#8221;left&#8221; background_image_as_pattern=&#8221;without_pattern&#8221;][vc_column][vc_column_text]<\/p>\n<div class=\"page\" title=\"Page 1\">\n<div class=\"section\">\n<div class=\"layoutArea\">\n<div class=\"column\">\n<h1 class=\"p1\">Termini e condizioni generali di noleggio<\/h1>\n<\/div>\n<\/div>\n<\/div>\n<\/div>\n<p>[vc_separator type=&#8221;transparent&#8221; position=&#8221;center&#8221; thickness=&#8221;0&#8243; up=&#8221;50&#8243; down=&#8221;50&#8243;]<\/p>\n<div class=\"page\" title=\"Page 1\">\n<div class=\"section\">\n<div class=\"layoutArea\">\n<div class=\"column\">\n<div class=\"page\" title=\"Page 1\">\n<div class=\"section\">\n<div class=\"layoutArea\">\n<div class=\"column\">\n<h3 class=\"p1\">OGGETTO IN AFFITTO<\/h3>\n<p class=\"p1\">Oggetto del noleggio sono gli articoli indicati sulla bolla di consegna\/offerta, compresi gli accessori. Il locatario deve controllare l\u2019oggetto noleggiato al momento della consegna e segnalare immediatamente eventuali difetti, in caso contrario l\u2019oggetto noleggiato \u00e8 considerato privo di difetti.<\/p>\n<p>[vc_separator type=&#8221;transparent&#8221; position=&#8221;center&#8221; thickness=&#8221;0&#8243; up=&#8221;10&#8243; down=&#8221;10&#8243;]<\/p>\n<h3 class=\"p1\">USO DELLA PROPRIET\u00c0 IN AFFITTO<\/h3>\n<p class=\"p1\">La propriet\u00e0 locata pu\u00f2 essere utilizzata dal locatario solo da personale operativo idoneo e istruito per l\u2019uso previsto e con la cura necessaria. Il locatario deve rispettare le istruzioni per l\u2019uso e le norme di sicurezza. L\u2019immobile locato deve essere custodito in ambiente sicuro per l\u2019intero periodo di locazione.<\/p>\n<p>[vc_separator type=&#8221;transparent&#8221; position=&#8221;center&#8221; thickness=&#8221;0&#8243; up=&#8221;10&#8243; down=&#8221;10&#8243;]<\/p>\n<h3 class=\"p1\">PROPRIET\u00c0<\/h3>\n<p class=\"p1\">Tentickle Schweiz AG mantiene la propriet\u00e0 dell\u2019oggetto noleggiato, inclusi accessori e piccoli oggetti. Solo ci\u00f2 che \u00e8 espressamente designato come tale \u00e8 considerato consumabile.<\/p>\n<p>[vc_separator type=&#8221;transparent&#8221; position=&#8221;center&#8221; thickness=&#8221;0&#8243; up=&#8221;10&#8243; down=&#8221;10&#8243;]<\/p>\n<h3 class=\"p1\">PERIODO DI NOLEGGIO<\/h3>\n<p class=\"p1\">Salvo diverso accordo espresso, il periodo di noleggio \u00e8 misurato in giorni e si basa sul periodo di utilizzo concordato. Il periodo minimo di noleggio \u00e8 di un giorno.<\/p>\n<p>[vc_separator type=&#8221;transparent&#8221; position=&#8221;center&#8221; thickness=&#8221;0&#8243; up=&#8221;10&#8243; down=&#8221;10&#8243;]<\/p>\n<h3 class=\"p1\">CANCELLAZIONE<\/h3>\n<p class=\"p1\">In caso di disdetta di un contratto di locazione concordato, il locatario \u00e8 tenuto a risarcire Tentickle Schweiz AG senza prova del danno e previa richiesta di un danno aggiuntivo secondo le seguenti modalit\u00e0:<\/p>\n<p class=\"p1\">annullamento fino a 4 settimane prima dell\u2019inizio del noleggio: 25% dell\u2019importo totale del noleggio; annullamento fino a 10 giorni prima dell\u2019inizio del noleggio: 50% dell\u2019importo totale del noleggio; annullamento fino a 3 giorni prima dell\u2019inizio del noleggio: 75% dell\u2019importo totale del noleggio; cancellazione entro 3 giorni prima dell\u2019inizio del noleggio: 100% dell\u2019importo totale del noleggio.<\/p>\n<p>[vc_separator type=&#8221;transparent&#8221; position=&#8221;center&#8221; thickness=&#8221;0&#8243; up=&#8221;10&#8243; down=&#8221;10&#8243;]<\/p>\n<h3 class=\"p1\">PERSONALE\/CIBO\/HOTEL<\/h3>\n<p class=\"p1\">Il catering del personale presente \u00e8 a carico del cliente, per giornata di produzione (max 10 ore) e addetto deve essere messo a disposizione almeno di 1 pasto caldo oltre ad acqua minerale e caff\u00e8 a richiesta.<\/p>\n<p class=\"p1\">Se gli aiutanti dell\u2019organizzatore sono concordati nell\u2019offerta, all\u2019organizzatore verr\u00e0 addebitato un importo di CHF 400.- per aiutante mancante. Inoltre, in questo caso, Tentickle Schweiz AG non si assume alcuna responsabilit\u00e0 per il rispetto degli orari. Se sono necessari pernottamenti, l\u2019organizzatore deve mettere a disposizione di tutti i dipendenti Tentickle Schweiz AG una camera singola in un hotel vicino. L\u2019organizzatore sostiene i costi.<\/p>\n<p>[vc_separator type=&#8221;transparent&#8221; position=&#8221;center&#8221; thickness=&#8221;0&#8243; up=&#8221;10&#8243; down=&#8221;10&#8243;]<\/p>\n<h3 class=\"p1\">COCESSIONI, PERMESSI, ECC.<\/h3>\n<p class=\"p1\">Il locatario \u00e8 responsabile dell\u2019ottenimento di tutti i permessi, concessioni, diritti di licenza e simili necessari e deve sopportare tutte le condizioni associate. Se la propriet\u00e0 locata viene confiscata o data una cauzione a causa di violazioni del locatario in questo senso, il locatario \u00e8 responsabile nei confronti di Tentickle Schweiz AG per tutti i danni.<\/p>\n<p>[vc_separator type=&#8221;transparent&#8221; position=&#8221;center&#8221; thickness=&#8221;0&#8243; up=&#8221;10&#8243; down=&#8221;10&#8243;]<\/p>\n<h3 class=\"p1\">RESPONSABILIT\u00c0 DELL\u2019INQUILINO<\/h3>\n<p class=\"p1\">Il locatario \u00e8 responsabile di qualsiasi danno e difetto dell\u2019oggetto locato che non sia stato denunciato al momento della presa in consegna. \u00c8 inoltre responsabile della perdita o della distruzione della propriet\u00e0 locata. In questi casi, il locatario deve a Tentickle Schweiz AG non solo l\u2019intero valore di sostituzione o di ripristino, ma anche gli ulteriori danni subiti da Tentickle Schweiz AG.<\/p>\n<p>[vc_separator type=&#8221;transparent&#8221; position=&#8221;center&#8221; thickness=&#8221;0&#8243; up=&#8221;10&#8243; down=&#8221;10&#8243;]<\/p>\n<h3 class=\"p1\">RIPARAZIONE E MANUTENZIONE<\/h3>\n<p class=\"p1\">Eventuali lavori di manutenzione o riparazione sull\u2019immobile locato necessari durante il periodo di locazione possono essere eseguiti esclusivamente da Tentickle Schweiz AG o da una terza parte da essa designata.<\/p>\n<p>[vc_separator type=&#8221;transparent&#8221; position=&#8221;center&#8221; thickness=&#8221;0&#8243; up=&#8221;10&#8243; down=&#8221;10&#8243;]<\/p>\n<h3 class=\"p1\">RESTITUZIONE DELL\u2019OGGETTO NOLEGGIATO<\/h3>\n<p class=\"p1\">L\u2019oggetto noleggiato deve essere restituito all\u2019ora e nel luogo concordati. In caso di ritardo nella riconsegna, il locatario \u00e8 responsabile per ogni giorno iniziato secondo le tariffe giornaliere concordate per il noleggio senza prova del danno da Tentickle Schweiz AG. Resta riservato il diritto al risarcimento di ulteriori danni.<\/p>\n<p>[vc_separator type=&#8221;transparent&#8221; position=&#8221;center&#8221; thickness=&#8221;0&#8243; up=&#8221;10&#8243; down=&#8221;10&#8243;]<\/p>\n<h3 class=\"p1\">OGGETTI A NOLEGGIO RESI DIFETTOSI<\/h3>\n<p class=\"p1\">Il locatario \u00e8 responsabile per il materiale danneggiato. Tutti gli articoli restituiti vengono controllati da Tentickle Schweiz AG. Se viene scoperto un difetto, Tentickle Schweiz AG si riserva il diritto di rivalersi nei confronti del locatario entro 3 giorni.<\/p>\n<p>[vc_separator type=&#8221;transparent&#8221; position=&#8221;center&#8221; thickness=&#8221;0&#8243; up=&#8221;10&#8243; down=&#8221;10&#8243;]<\/p>\n<h3 class=\"p1\">MODIFICA DELLA PROPRIET\u00c0 IN AFFITTO<\/h3>\n<p class=\"p1\">Al locatario \u00e8 divieto apportare modifiche all\u2019immobile locato o di farle apportare. In particolare, gli \u00e8 vietato coprire, modificare o rimuovere pubblicit\u00e0 o scritte aziendali apposte sulla propriet\u00e0 locata da Tentickle Schweiz AG.<\/p>\n<p>[vc_separator type=&#8221;transparent&#8221; position=&#8221;center&#8221; thickness=&#8221;0&#8243; up=&#8221;10&#8243; down=&#8221;10&#8243;]<\/p>\n<h3 class=\"p1\">SUBAFFITTO E ASSEGNAZIONE<\/h3>\n<p class=\"p1\">Salvo patto contrario, \u00e8 vietato al locatario di cedere la locazione a terzi o dare in locazione l\u2019immobile locato.<\/p>\n<p>[vc_separator type=&#8221;transparent&#8221; position=&#8221;center&#8221; thickness=&#8221;0&#8243; up=&#8221;10&#8243; down=&#8221;10&#8243;]<\/p>\n<h3 class=\"p1\">PREZZI E CONDIZIONI<\/h3>\n<p class=\"p1\">Il prezzo del noleggio e le condizioni sono determinati in base alla ripartizione dei costi\/conferma dell\u2019ordine. Il 50% del prezzo di noleggio deve essere stato registrato sul conto di Tentickle Schweiz AG 10 giorni lavorativi prima dell\u2019inizio del noleggio. Il restante 50% deve essere pagato in contanti al momento della consegna della merce o deve essere prenotato per conto di Tentickle Schweiz AG entro la data di consegna.<\/p>\n<p>[vc_separator type=&#8221;transparent&#8221; position=&#8221;center&#8221; thickness=&#8221;0&#8243; up=&#8221;10&#8243; down=&#8221;10&#8243;]<\/p>\n<h3 class=\"p1\">ASSICURAZIONE \/ SICUREZZA<\/h3>\n<p>\u00c8 responsabilit\u00e0 del noleggiatore assicurare gli articoli, compresi gli accessori, contro tutti i rischi a proprie spese.<\/p>\n<p>Le funi metalliche, gli ancoraggi a terra, i pali o altre parti che l&#8217;organizzatore o un addetto alla sicurezza ritengono essere una zona di pericolo devono essere segnalati o protetti o delimitati da quest&#8217;ultimo. Ci\u00f2 deve avvenire previa consultazione con Tentickle Schweiz AG. I relativi costi sono a carico dell&#8217;operatore\/organizzatore. Si declina ogni responsabilit\u00e0 per danni a persone o cose derivanti da parti non segnalate, protette o delimitate.<\/p>\n<p>[vc_separator type=&#8221;transparent&#8221; position=&#8221;center&#8221; thickness=&#8221;0&#8243; up=&#8221;10&#8243; down=&#8221;10&#8243;]<\/p>\n<h3 class=\"p1\">FURTO\/DANNO DA TRASPORTO<\/h3>\n<p class=\"p1\">In caso di furto o smarrimento, il locatario \u00e8 sempre tenuto a far redigere una denuncia alla polizia. Se viene scoperto un danno da trasporto, il locatario delle far fare il punto della situazione al vettore.<\/p>\n<p>[vc_separator type=&#8221;transparent&#8221; position=&#8221;center&#8221; thickness=&#8221;0&#8243; up=&#8221;10&#8243; down=&#8221;10&#8243;]<\/p>\n<h3 class=\"p1\">LEGGE APPLICABILE E GIURISDIZIONE<\/h3>\n<p class=\"p1\">Si applica il diritto svizzero secondo OR. Il foro competente esclusivo \u00e8 Zugo.<\/p>\n<\/div>\n<\/div>\n<\/div>\n<\/div>\n<\/div>\n<\/div>\n<\/div>\n<\/div>\n<p>[vc_separator type=&#8221;transparent&#8221; position=&#8221;center&#8221; thickness=&#8221;0&#8243; up=&#8221;50&#8243; down=&#8221;50&#8243;][\/vc_column_text][\/vc_column][\/vc_row]<\/p>\n","protected":false},"excerpt":{"rendered":"<p>[vc_row css_animation=&#8221;&#8221; row_type=&#8221;row&#8221; use_row_as_full_screen_section=&#8221;no&#8221; type=&#8221;full_width&#8221; angled_section=&#8221;no&#8221; text_align=&#8221;left&#8221; background_image_as_pattern=&#8221;without_pattern&#8221;][vc_column][vc_column_text] Termini e condizioni generali di noleggio [vc_separator type=&#8221;transparent&#8221; position=&#8221;center&#8221; thickness=&#8221;0&#8243; up=&#8221;50&#8243; down=&#8221;50&#8243;] OGGETTO IN AFFITTO Oggetto del noleggio sono gli articoli indicati sulla bolla di consegna\/offerta, compresi gli accessori. Il locatario deve controllare l\u2019oggetto noleggiato al momento&#8230;<\/p>\n","protected":false},"author":1,"featured_media":0,"parent":0,"menu_order":0,"comment_status":"closed","ping_status":"closed","template":"","meta":{"footnotes":""},"class_list":["post-16609","page","type-page","status-publish","hentry"],"yoast_head":"<!-- This site is optimized with the Yoast SEO plugin v27.0 - https:\/\/yoast.com\/product\/yoast-seo-wordpress\/ -->\n<title>AGB - Tentickle<\/title>\n<meta name=\"robots\" content=\"index, follow, max-snippet:-1, max-image-preview:large, max-video-preview:-1\" \/>\n<link rel=\"canonical\" href=\"https:\/\/www.tentickle.ch\/agb\/\" \/>\n<meta property=\"og:locale\" content=\"it_IT\" \/>\n<meta property=\"og:type\" content=\"article\" \/>\n<meta property=\"og:title\" content=\"AGB - Tentickle\" \/>\n<meta property=\"og:description\" content=\"[vc_row css_animation=&#8221;&#8221; row_type=&#8221;row&#8221; use_row_as_full_screen_section=&#8221;no&#8221; type=&#8221;full_width&#8221; angled_section=&#8221;no&#8221; text_align=&#8221;left&#8221; background_image_as_pattern=&#8221;without_pattern&#8221;][vc_column][vc_column_text] Termini e condizioni generali di noleggio [vc_separator type=&#8221;transparent&#8221; position=&#8221;center&#8221; thickness=&#8221;0&#8243; up=&#8221;50&#8243; down=&#8221;50&#8243;] OGGETTO IN AFFITTO Oggetto del noleggio sono gli articoli indicati sulla bolla di consegna\/offerta, compresi gli accessori. Il locatario deve controllare l\u2019oggetto noleggiato al momento...\" \/>\n<meta property=\"og:url\" content=\"https:\/\/www.tentickle.ch\/agb\/\" \/>\n<meta property=\"og:site_name\" content=\"Tentickle\" \/>\n<meta property=\"article:publisher\" content=\"https:\/\/www.facebook.com\/CreativeTents\/\" \/>\n<meta property=\"article:modified_time\" content=\"2023-05-28T11:19:06+00:00\" \/>\n<meta name=\"twitter:card\" content=\"summary_large_image\" \/>\n<meta name=\"twitter:label1\" content=\"Tempo di lettura stimato\" \/>\n\t<meta name=\"twitter:data1\" content=\"5 minuti\" \/>\n<script type=\"application\/ld+json\" class=\"yoast-schema-graph\">{\"@context\":\"https:\/\/schema.org\",\"@graph\":[{\"@type\":\"WebPage\",\"@id\":\"https:\/\/www.tentickle.ch\/agb\/\",\"url\":\"https:\/\/www.tentickle.ch\/agb\/\",\"name\":\"AGB - Tentickle\",\"isPartOf\":{\"@id\":\"https:\/\/www.tentickle.ch\/#website\"},\"datePublished\":\"2018-10-22T09:21:46+00:00\",\"dateModified\":\"2023-05-28T11:19:06+00:00\",\"breadcrumb\":{\"@id\":\"https:\/\/www.tentickle.ch\/agb\/#breadcrumb\"},\"inLanguage\":\"it-IT\",\"potentialAction\":[{\"@type\":\"ReadAction\",\"target\":[\"https:\/\/www.tentickle.ch\/agb\/\"]}]},{\"@type\":\"BreadcrumbList\",\"@id\":\"https:\/\/www.tentickle.ch\/agb\/#breadcrumb\",\"itemListElement\":[{\"@type\":\"ListItem\",\"position\":1,\"name\":\"Home\",\"item\":\"https:\/\/www.tentickle.ch\/\"},{\"@type\":\"ListItem\",\"position\":2,\"name\":\"AGB\"}]},{\"@type\":\"WebSite\",\"@id\":\"https:\/\/www.tentickle.ch\/#website\",\"url\":\"https:\/\/www.tentickle.ch\/\",\"name\":\"Tentickle Schweiz\",\"description\":\"Stilvolle Zelte f\u00fcr Feste und Anl\u00e4sse\",\"publisher\":{\"@id\":\"https:\/\/www.tentickle.ch\/#organization\"},\"potentialAction\":[{\"@type\":\"SearchAction\",\"target\":{\"@type\":\"EntryPoint\",\"urlTemplate\":\"https:\/\/www.tentickle.ch\/?s={search_term_string}\"},\"query-input\":{\"@type\":\"PropertyValueSpecification\",\"valueRequired\":true,\"valueName\":\"search_term_string\"}}],\"inLanguage\":\"it-IT\"},{\"@type\":\"Organization\",\"@id\":\"https:\/\/www.tentickle.ch\/#organization\",\"name\":\"Tentickle\",\"url\":\"https:\/\/www.tentickle.ch\/\",\"logo\":{\"@type\":\"ImageObject\",\"inLanguage\":\"it-IT\",\"@id\":\"https:\/\/www.tentickle.ch\/#\/schema\/logo\/image\/\",\"url\":\"https:\/\/www.tentickle.ch\/wp-content\/uploads\/2018\/10\/TentickleLogoTransparentohneCanopies-web.png\",\"contentUrl\":\"https:\/\/www.tentickle.ch\/wp-content\/uploads\/2018\/10\/TentickleLogoTransparentohneCanopies-web.png\",\"width\":1000,\"height\":294,\"caption\":\"Tentickle\"},\"image\":{\"@id\":\"https:\/\/www.tentickle.ch\/#\/schema\/logo\/image\/\"},\"sameAs\":[\"https:\/\/www.facebook.com\/CreativeTents\/\",\"https:\/\/www.instagram.com\/tentickle.switzerland\"]}]}<\/script>\n<!-- \/ Yoast SEO plugin. -->","yoast_head_json":{"title":"AGB - Tentickle","robots":{"index":"index","follow":"follow","max-snippet":"max-snippet:-1","max-image-preview":"max-image-preview:large","max-video-preview":"max-video-preview:-1"},"canonical":"https:\/\/www.tentickle.ch\/agb\/","og_locale":"it_IT","og_type":"article","og_title":"AGB - Tentickle","og_description":"[vc_row css_animation=&#8221;&#8221; row_type=&#8221;row&#8221; use_row_as_full_screen_section=&#8221;no&#8221; type=&#8221;full_width&#8221; angled_section=&#8221;no&#8221; text_align=&#8221;left&#8221; background_image_as_pattern=&#8221;without_pattern&#8221;][vc_column][vc_column_text] Termini e condizioni generali di noleggio [vc_separator type=&#8221;transparent&#8221; position=&#8221;center&#8221; thickness=&#8221;0&#8243; up=&#8221;50&#8243; down=&#8221;50&#8243;] OGGETTO IN AFFITTO Oggetto del noleggio sono gli articoli indicati sulla bolla di consegna\/offerta, compresi gli accessori. Il locatario deve controllare l\u2019oggetto noleggiato al momento...","og_url":"https:\/\/www.tentickle.ch\/agb\/","og_site_name":"Tentickle","article_publisher":"https:\/\/www.facebook.com\/CreativeTents\/","article_modified_time":"2023-05-28T11:19:06+00:00","twitter_card":"summary_large_image","twitter_misc":{"Tempo di lettura stimato":"5 minuti"},"schema":{"@context":"https:\/\/schema.org","@graph":[{"@type":"WebPage","@id":"https:\/\/www.tentickle.ch\/agb\/","url":"https:\/\/www.tentickle.ch\/agb\/","name":"AGB - Tentickle","isPartOf":{"@id":"https:\/\/www.tentickle.ch\/#website"},"datePublished":"2018-10-22T09:21:46+00:00","dateModified":"2023-05-28T11:19:06+00:00","breadcrumb":{"@id":"https:\/\/www.tentickle.ch\/agb\/#breadcrumb"},"inLanguage":"it-IT","potentialAction":[{"@type":"ReadAction","target":["https:\/\/www.tentickle.ch\/agb\/"]}]},{"@type":"BreadcrumbList","@id":"https:\/\/www.tentickle.ch\/agb\/#breadcrumb","itemListElement":[{"@type":"ListItem","position":1,"name":"Home","item":"https:\/\/www.tentickle.ch\/"},{"@type":"ListItem","position":2,"name":"AGB"}]},{"@type":"WebSite","@id":"https:\/\/www.tentickle.ch\/#website","url":"https:\/\/www.tentickle.ch\/","name":"Tentickle Schweiz","description":"Stilvolle Zelte f\u00fcr Feste und Anl\u00e4sse","publisher":{"@id":"https:\/\/www.tentickle.ch\/#organization"},"potentialAction":[{"@type":"SearchAction","target":{"@type":"EntryPoint","urlTemplate":"https:\/\/www.tentickle.ch\/?s={search_term_string}"},"query-input":{"@type":"PropertyValueSpecification","valueRequired":true,"valueName":"search_term_string"}}],"inLanguage":"it-IT"},{"@type":"Organization","@id":"https:\/\/www.tentickle.ch\/#organization","name":"Tentickle","url":"https:\/\/www.tentickle.ch\/","logo":{"@type":"ImageObject","inLanguage":"it-IT","@id":"https:\/\/www.tentickle.ch\/#\/schema\/logo\/image\/","url":"https:\/\/www.tentickle.ch\/wp-content\/uploads\/2018\/10\/TentickleLogoTransparentohneCanopies-web.png","contentUrl":"https:\/\/www.tentickle.ch\/wp-content\/uploads\/2018\/10\/TentickleLogoTransparentohneCanopies-web.png","width":1000,"height":294,"caption":"Tentickle"},"image":{"@id":"https:\/\/www.tentickle.ch\/#\/schema\/logo\/image\/"},"sameAs":["https:\/\/www.facebook.com\/CreativeTents\/","https:\/\/www.instagram.com\/tentickle.switzerland"]}]}},"_links":{"self":[{"href":"https:\/\/www.tentickle.ch\/it\/wp-json\/wp\/v2\/pages\/16609","targetHints":{"allow":["GET"]}}],"collection":[{"href":"https:\/\/www.tentickle.ch\/it\/wp-json\/wp\/v2\/pages"}],"about":[{"href":"https:\/\/www.tentickle.ch\/it\/wp-json\/wp\/v2\/types\/page"}],"author":[{"embeddable":true,"href":"https:\/\/www.tentickle.ch\/it\/wp-json\/wp\/v2\/users\/1"}],"replies":[{"embeddable":true,"href":"https:\/\/www.tentickle.ch\/it\/wp-json\/wp\/v2\/comments?post=16609"}],"version-history":[{"count":4,"href":"https:\/\/www.tentickle.ch\/it\/wp-json\/wp\/v2\/pages\/16609\/revisions"}],"predecessor-version":[{"id":17079,"href":"https:\/\/www.tentickle.ch\/it\/wp-json\/wp\/v2\/pages\/16609\/revisions\/17079"}],"wp:attachment":[{"href":"https:\/\/www.tentickle.ch\/it\/wp-json\/wp\/v2\/media?parent=16609"}],"curies":[{"name":"wp","href":"https:\/\/api.w.org\/{rel}","templated":true}]}}