{"id":16543,"date":"2018-10-22T11:50:57","date_gmt":"2018-10-22T09:50:57","guid":{"rendered":"https:\/\/www.tentickle.ch\/tende-da-giardino\/"},"modified":"2022-02-16T17:52:23","modified_gmt":"2022-02-16T16:52:23","slug":"tende-da-giardino","status":"publish","type":"page","link":"https:\/\/www.tentickle.ch\/it\/variante-tenda\/tende-da-giardino\/","title":{"rendered":"TENDE DA GIARDINO"},"content":{"rendered":"<p>[vc_row css_animation=&#8221;&#8221; row_type=&#8221;row&#8221; use_row_as_full_screen_section=&#8221;no&#8221; type=&#8221;grid&#8221; angled_section=&#8221;no&#8221; text_align=&#8221;left&#8221; background_image_as_pattern=&#8221;without_pattern&#8221; z_index=&#8221;&#8221;][vc_column][vc_column_text][vc_separator type=&#8221;transparent&#8221; position=&#8221;center&#8221; thickness=&#8221;0&#8243; up=&#8221;50&#8243; down=&#8221;50&#8243;]<\/p>\n<h1>Tende da giardino<\/h1>\n<p>[vc_separator type=&#8221;transparent&#8221; position=&#8221;center&#8221; thickness=&#8221;0&#8243; up=&#8221;50&#8243; down=&#8221;50&#8243;][\/vc_column_text][\/vc_column][\/vc_row]<\/p>\n<p>[vc_row css_animation=&#8221;&#8221; row_type=&#8221;row&#8221; use_row_as_full_screen_section=&#8221;no&#8221; type=&#8221;grid&#8221; angled_section=&#8221;no&#8221; text_align=&#8221;left&#8221; background_image_as_pattern=&#8221;without_pattern&#8221; z_index=&#8221;&#8221;][vc_column width=&#8221;1\/2&#8243;][vc_column_text]La versatilit\u00e0 di un Tentickle \u00e8 uno dei suoi pi\u00f9 grandi punti di forza. State cercando una tenda da giardino o un baldacchino per il camper?<br \/>\nRealizziamo il tuo tentickle nella misura e nella forma di cui hai bisogno.<br \/>\nNel nostro giardino abbiamo una tenda da giardino di Tentickle e la decisione \u00e8 stata facile per noi, perch\u00e9 una tenda&#8230;<\/p>\n<p>[\/vc_column_text][\/vc_column][vc_column width=&#8221;1\/4&#8243;][vc_column_text]<\/p>\n<p><a href=\"https:\/\/tentickle.ch\/wp-content\/uploads\/2018\/11\/DSC07717.jpg\"><img loading=\"lazy\" decoding=\"async\" class=\"alignnone wp-image-15159 size-large\" src=\"https:\/\/tentickle.ch\/wp-content\/uploads\/2018\/11\/DSC07717-1024x768.jpg\" alt=\"Tentickle Gartenzelt, ein Stretchzelt.\" width=\"1024\" height=\"768\" srcset=\"https:\/\/www.tentickle.ch\/wp-content\/uploads\/2018\/11\/DSC07717-1024x768.jpg 1024w, https:\/\/www.tentickle.ch\/wp-content\/uploads\/2018\/11\/DSC07717-300x225.jpg 300w, https:\/\/www.tentickle.ch\/wp-content\/uploads\/2018\/11\/DSC07717-768x576.jpg 768w, https:\/\/www.tentickle.ch\/wp-content\/uploads\/2018\/11\/DSC07717-800x600.jpg 800w, https:\/\/www.tentickle.ch\/wp-content\/uploads\/2018\/11\/DSC07717-700x525.jpg 700w\" sizes=\"auto, (max-width: 1024px) 100vw, 1024px\" \/><\/a><\/p>\n<p>[\/vc_column_text][\/vc_column][vc_column width=&#8221;1\/4&#8243;][vc_column_text]<\/p>\n<p><a href=\"https:\/\/tentickle.ch\/wp-content\/uploads\/2018\/11\/IMG_0858.jpg\"><img loading=\"lazy\" decoding=\"async\" class=\"alignnone wp-image-16162 size-large\" src=\"https:\/\/www.tentickle.ch\/wp-content\/uploads\/2018\/11\/IMG_0858-1024x768.jpg\" alt=\"Tentickle Gartenzelt, ein Stretchzelt.\" width=\"1024\" height=\"768\" srcset=\"https:\/\/www.tentickle.ch\/wp-content\/uploads\/2018\/11\/IMG_0858-1024x768.jpg 1024w, https:\/\/www.tentickle.ch\/wp-content\/uploads\/2018\/11\/IMG_0858-300x225.jpg 300w, https:\/\/www.tentickle.ch\/wp-content\/uploads\/2018\/11\/IMG_0858-768x576.jpg 768w, https:\/\/www.tentickle.ch\/wp-content\/uploads\/2018\/11\/IMG_0858-800x600.jpg 800w, https:\/\/www.tentickle.ch\/wp-content\/uploads\/2018\/11\/IMG_0858-700x525.jpg 700w\" sizes=\"auto, (max-width: 1024px) 100vw, 1024px\" \/><\/a><\/p>\n<p>[\/vc_column_text][\/vc_column][\/vc_row]<\/p>\n<p>[vc_row css_animation=&#8221;&#8221; row_type=&#8221;row&#8221; use_row_as_full_screen_section=&#8221;no&#8221; type=&#8221;grid&#8221; angled_section=&#8221;no&#8221; text_align=&#8221;left&#8221; background_image_as_pattern=&#8221;without_pattern&#8221; z_index=&#8221;&#8221;][vc_column][vc_column_text]<\/p>\n<ul>\n<li>ha un look tessile imbattibile ed \u00e8 impermeabile al 100%.<\/li>\n<li>\u00e8 elastico e pu\u00f2 essere allungato in situazioni quasi impossibili, anche su un tetto o una barca.<\/li>\n<li>Pu\u00f2 essere impostato in diverse varianti<\/li>\n<li>pu\u00f2 anche sopportare un forte vento da ovest grazie alla sua flessibilit\u00e0.<\/li>\n<li>pu\u00f2 essere attaccato a un bordo con una guida lungo un muro o un veicolo.<\/li>\n<li>ha un aspetto cos\u00ec bello che non deve nascondersi nei giardini nobili o nelle case di lusso.<\/li>\n<li>\u00e8 facile da montare e smontare una volta fissati i punti di fissaggio.<\/li>\n<li>\u00e8 lavabile.<\/li>\n<\/ul>\n<p>[vc_separator type=&#8221;transparent&#8221; position=&#8221;center&#8221; thickness=&#8221;0&#8243; up=&#8221;50&#8243; down=&#8221;50&#8243;][\/vc_column_text][\/vc_column][\/vc_row]<\/p>\n<p>[vc_row css_animation=&#8221;&#8221; row_type=&#8221;row&#8221; use_row_as_full_screen_section=&#8221;no&#8221; type=&#8221;grid&#8221; angled_section=&#8221;no&#8221; text_align=&#8221;left&#8221; background_image_as_pattern=&#8221;without_pattern&#8221; z_index=&#8221;&#8221;][vc_column width=&#8221;1\/4&#8243;][vc_column_text]<\/p>\n<p><a href=\"https:\/\/tentickle.ch\/wp-content\/uploads\/2018\/11\/IMG_0505.jpg\"><img loading=\"lazy\" decoding=\"async\" class=\"alignnone wp-image-16156 size-large\" src=\"https:\/\/www.tentickle.ch\/wp-content\/uploads\/2018\/11\/IMG_0505-1024x768.jpg\" alt=\"Tentickle Gartenzelt, ein Stretchzelt.\" width=\"1024\" height=\"768\" srcset=\"https:\/\/www.tentickle.ch\/wp-content\/uploads\/2018\/11\/IMG_0505-1024x768.jpg 1024w, https:\/\/www.tentickle.ch\/wp-content\/uploads\/2018\/11\/IMG_0505-300x225.jpg 300w, https:\/\/www.tentickle.ch\/wp-content\/uploads\/2018\/11\/IMG_0505-768x576.jpg 768w, https:\/\/www.tentickle.ch\/wp-content\/uploads\/2018\/11\/IMG_0505-800x600.jpg 800w, https:\/\/www.tentickle.ch\/wp-content\/uploads\/2018\/11\/IMG_0505-700x525.jpg 700w\" sizes=\"auto, (max-width: 1024px) 100vw, 1024px\" \/><\/a><\/p>\n<p>[\/vc_column_text][\/vc_column][vc_column width=&#8221;1\/4&#8243;][vc_column_text]<\/p>\n<p><a href=\"https:\/\/tentickle.ch\/wp-content\/uploads\/2018\/11\/IMG_0850.jpg\"><img loading=\"lazy\" decoding=\"async\" class=\"alignnone wp-image-16159 size-large\" src=\"https:\/\/www.tentickle.ch\/wp-content\/uploads\/2018\/11\/IMG_0850-1024x768.jpg\" alt=\"Tentickle Gartenzelt, ein Stretchzelt.\" width=\"1024\" height=\"768\" srcset=\"https:\/\/www.tentickle.ch\/wp-content\/uploads\/2018\/11\/IMG_0850-1024x768.jpg 1024w, https:\/\/www.tentickle.ch\/wp-content\/uploads\/2018\/11\/IMG_0850-300x225.jpg 300w, https:\/\/www.tentickle.ch\/wp-content\/uploads\/2018\/11\/IMG_0850-768x576.jpg 768w, https:\/\/www.tentickle.ch\/wp-content\/uploads\/2018\/11\/IMG_0850-800x600.jpg 800w, https:\/\/www.tentickle.ch\/wp-content\/uploads\/2018\/11\/IMG_0850-700x525.jpg 700w\" sizes=\"auto, (max-width: 1024px) 100vw, 1024px\" \/><\/a>[\/vc_column_text][\/vc_column][vc_column width=&#8221;1\/2&#8243;][vc_column_text]<\/p>\n<p>Le tende da giardino di Tentickle possono sopportare molto, ma non possono rimanere erette tutto l&#8217;anno. Se i pali sono posti direttamente nel telo, questi pali devono essere spostati leggermente ogni mese in modo che non rimangano impronte permanenti. Durante l&#8217;inverno, un tentacolo dovrebbe essere smontato. Potete farlo voi stessi o farcelo fare per voi.<\/p>\n<p>[\/vc_column_text][\/vc_column][\/vc_row]<\/p>\n<p>[vc_separator type=&#8221;transparent&#8221; position=&#8221;center&#8221; thickness=&#8221;0&#8243; up=&#8221;50&#8243; down=&#8221;50&#8243;]<\/p>\n","protected":false},"excerpt":{"rendered":"<p>[vc_row css_animation=&#8221;&#8221; row_type=&#8221;row&#8221; use_row_as_full_screen_section=&#8221;no&#8221; type=&#8221;grid&#8221; angled_section=&#8221;no&#8221; text_align=&#8221;left&#8221; background_image_as_pattern=&#8221;without_pattern&#8221; z_index=&#8221;&#8221;][vc_column][vc_column_text][vc_separator type=&#8221;transparent&#8221; position=&#8221;center&#8221; thickness=&#8221;0&#8243; up=&#8221;50&#8243; down=&#8221;50&#8243;] Tende da giardino [vc_separator type=&#8221;transparent&#8221; position=&#8221;center&#8221; thickness=&#8221;0&#8243; up=&#8221;50&#8243; down=&#8221;50&#8243;][\/vc_column_text][\/vc_column][\/vc_row] [vc_row css_animation=&#8221;&#8221; row_type=&#8221;row&#8221; use_row_as_full_screen_section=&#8221;no&#8221; type=&#8221;grid&#8221; angled_section=&#8221;no&#8221; text_align=&#8221;left&#8221; background_image_as_pattern=&#8221;without_pattern&#8221; z_index=&#8221;&#8221;][vc_column width=&#8221;1\/2&#8243;][vc_column_text]La versatilit\u00e0 di un Tentickle \u00e8 uno dei suoi pi\u00f9 grandi punti di&#8230;<\/p>\n","protected":false},"author":1,"featured_media":0,"parent":16568,"menu_order":0,"comment_status":"closed","ping_status":"closed","template":"full_width.php","meta":{"footnotes":""},"class_list":["post-16543","page","type-page","status-publish","hentry"],"yoast_head":"<!-- This site is optimized with the Yoast SEO plugin v27.0 - https:\/\/yoast.com\/product\/yoast-seo-wordpress\/ -->\n<title>Tende da giardino belle e resistenti da Tentickle.<\/title>\n<meta name=\"description\" content=\"Una tenda da giardino che si abbini ad ogni casa, sia bella e non abbia paura del vento? Naturalmente, una tenda stretch di Tentickle! Anche ai vicini piace.\" \/>\n<meta name=\"robots\" content=\"index, follow, max-snippet:-1, max-image-preview:large, max-video-preview:-1\" \/>\n<link rel=\"canonical\" href=\"https:\/\/www.tentickle.ch\/stretchzelt\/gartenzelte\/\" \/>\n<meta property=\"og:locale\" content=\"it_IT\" \/>\n<meta property=\"og:type\" content=\"article\" \/>\n<meta property=\"og:title\" content=\"Tende da giardino belle e resistenti da Tentickle.\" \/>\n<meta property=\"og:description\" content=\"Una tenda da giardino che si abbini ad ogni casa, sia bella e non abbia paura del vento? Naturalmente, una tenda stretch di Tentickle! Anche ai vicini piace.\" \/>\n<meta property=\"og:url\" content=\"https:\/\/www.tentickle.ch\/stretchzelt\/gartenzelte\/\" \/>\n<meta property=\"og:site_name\" content=\"Tentickle\" \/>\n<meta property=\"article:publisher\" content=\"https:\/\/www.facebook.com\/CreativeTents\/\" \/>\n<meta property=\"article:modified_time\" content=\"2022-02-16T16:52:23+00:00\" \/>\n<meta property=\"og:image\" content=\"https:\/\/www.tentickle.ch\/wp-content\/uploads\/2018\/11\/DSC07717-1024x768.jpg\" \/>\n\t<meta property=\"og:image:width\" content=\"1024\" \/>\n\t<meta property=\"og:image:height\" content=\"768\" \/>\n\t<meta property=\"og:image:type\" content=\"image\/jpeg\" \/>\n<meta name=\"twitter:card\" content=\"summary_large_image\" \/>\n<meta name=\"twitter:label1\" content=\"Tempo di lettura stimato\" \/>\n\t<meta name=\"twitter:data1\" content=\"2 minuti\" \/>\n<script type=\"application\/ld+json\" class=\"yoast-schema-graph\">{\"@context\":\"https:\/\/schema.org\",\"@graph\":[{\"@type\":\"WebPage\",\"@id\":\"https:\/\/www.tentickle.ch\/stretchzelt\/gartenzelte\/\",\"url\":\"https:\/\/www.tentickle.ch\/stretchzelt\/gartenzelte\/\",\"name\":\"Tende da giardino belle e resistenti da Tentickle.\",\"isPartOf\":{\"@id\":\"https:\/\/www.tentickle.ch\/#website\"},\"primaryImageOfPage\":{\"@id\":\"https:\/\/www.tentickle.ch\/stretchzelt\/gartenzelte\/#primaryimage\"},\"image\":{\"@id\":\"https:\/\/www.tentickle.ch\/stretchzelt\/gartenzelte\/#primaryimage\"},\"thumbnailUrl\":\"https:\/\/tentickle.ch\/wp-content\/uploads\/2018\/11\/DSC07717-1024x768.jpg\",\"datePublished\":\"2018-10-22T09:50:57+00:00\",\"dateModified\":\"2022-02-16T16:52:23+00:00\",\"description\":\"Una tenda da giardino che si abbini ad ogni casa, sia bella e non abbia paura del vento? Naturalmente, una tenda stretch di Tentickle! Anche ai vicini piace.\",\"breadcrumb\":{\"@id\":\"https:\/\/www.tentickle.ch\/stretchzelt\/gartenzelte\/#breadcrumb\"},\"inLanguage\":\"it-IT\",\"potentialAction\":[{\"@type\":\"ReadAction\",\"target\":[\"https:\/\/www.tentickle.ch\/stretchzelt\/gartenzelte\/\"]}]},{\"@type\":\"ImageObject\",\"inLanguage\":\"it-IT\",\"@id\":\"https:\/\/www.tentickle.ch\/stretchzelt\/gartenzelte\/#primaryimage\",\"url\":\"https:\/\/tentickle.ch\/wp-content\/uploads\/2018\/11\/DSC07717-1024x768.jpg\",\"contentUrl\":\"https:\/\/tentickle.ch\/wp-content\/uploads\/2018\/11\/DSC07717-1024x768.jpg\"},{\"@type\":\"BreadcrumbList\",\"@id\":\"https:\/\/www.tentickle.ch\/stretchzelt\/gartenzelte\/#breadcrumb\",\"itemListElement\":[{\"@type\":\"ListItem\",\"position\":1,\"name\":\"Home\",\"item\":\"https:\/\/www.tentickle.ch\/\"},{\"@type\":\"ListItem\",\"position\":2,\"name\":\"VARIANTE TENDA\",\"item\":\"https:\/\/www.tentickle.ch\/stretchzelt\/\"},{\"@type\":\"ListItem\",\"position\":3,\"name\":\"TENDE DA GIARDINO\"}]},{\"@type\":\"WebSite\",\"@id\":\"https:\/\/www.tentickle.ch\/#website\",\"url\":\"https:\/\/www.tentickle.ch\/\",\"name\":\"Tentickle Schweiz\",\"description\":\"Stilvolle Zelte f\u00fcr Feste und Anl\u00e4sse\",\"publisher\":{\"@id\":\"https:\/\/www.tentickle.ch\/#organization\"},\"potentialAction\":[{\"@type\":\"SearchAction\",\"target\":{\"@type\":\"EntryPoint\",\"urlTemplate\":\"https:\/\/www.tentickle.ch\/?s={search_term_string}\"},\"query-input\":{\"@type\":\"PropertyValueSpecification\",\"valueRequired\":true,\"valueName\":\"search_term_string\"}}],\"inLanguage\":\"it-IT\"},{\"@type\":\"Organization\",\"@id\":\"https:\/\/www.tentickle.ch\/#organization\",\"name\":\"Tentickle\",\"url\":\"https:\/\/www.tentickle.ch\/\",\"logo\":{\"@type\":\"ImageObject\",\"inLanguage\":\"it-IT\",\"@id\":\"https:\/\/www.tentickle.ch\/#\/schema\/logo\/image\/\",\"url\":\"https:\/\/www.tentickle.ch\/wp-content\/uploads\/2018\/10\/TentickleLogoTransparentohneCanopies-web.png\",\"contentUrl\":\"https:\/\/www.tentickle.ch\/wp-content\/uploads\/2018\/10\/TentickleLogoTransparentohneCanopies-web.png\",\"width\":1000,\"height\":294,\"caption\":\"Tentickle\"},\"image\":{\"@id\":\"https:\/\/www.tentickle.ch\/#\/schema\/logo\/image\/\"},\"sameAs\":[\"https:\/\/www.facebook.com\/CreativeTents\/\",\"https:\/\/www.instagram.com\/tentickle.switzerland\"]}]}<\/script>\n<!-- \/ Yoast SEO plugin. -->","yoast_head_json":{"title":"Tende da giardino belle e resistenti da Tentickle.","description":"Una tenda da giardino che si abbini ad ogni casa, sia bella e non abbia paura del vento? Naturalmente, una tenda stretch di Tentickle! Anche ai vicini piace.","robots":{"index":"index","follow":"follow","max-snippet":"max-snippet:-1","max-image-preview":"max-image-preview:large","max-video-preview":"max-video-preview:-1"},"canonical":"https:\/\/www.tentickle.ch\/stretchzelt\/gartenzelte\/","og_locale":"it_IT","og_type":"article","og_title":"Tende da giardino belle e resistenti da Tentickle.","og_description":"Una tenda da giardino che si abbini ad ogni casa, sia bella e non abbia paura del vento? Naturalmente, una tenda stretch di Tentickle! Anche ai vicini piace.","og_url":"https:\/\/www.tentickle.ch\/stretchzelt\/gartenzelte\/","og_site_name":"Tentickle","article_publisher":"https:\/\/www.facebook.com\/CreativeTents\/","article_modified_time":"2022-02-16T16:52:23+00:00","og_image":[{"width":1024,"height":768,"url":"https:\/\/www.tentickle.ch\/wp-content\/uploads\/2018\/11\/DSC07717-1024x768.jpg","type":"image\/jpeg"}],"twitter_card":"summary_large_image","twitter_misc":{"Tempo di lettura stimato":"2 minuti"},"schema":{"@context":"https:\/\/schema.org","@graph":[{"@type":"WebPage","@id":"https:\/\/www.tentickle.ch\/stretchzelt\/gartenzelte\/","url":"https:\/\/www.tentickle.ch\/stretchzelt\/gartenzelte\/","name":"Tende da giardino belle e resistenti da Tentickle.","isPartOf":{"@id":"https:\/\/www.tentickle.ch\/#website"},"primaryImageOfPage":{"@id":"https:\/\/www.tentickle.ch\/stretchzelt\/gartenzelte\/#primaryimage"},"image":{"@id":"https:\/\/www.tentickle.ch\/stretchzelt\/gartenzelte\/#primaryimage"},"thumbnailUrl":"https:\/\/tentickle.ch\/wp-content\/uploads\/2018\/11\/DSC07717-1024x768.jpg","datePublished":"2018-10-22T09:50:57+00:00","dateModified":"2022-02-16T16:52:23+00:00","description":"Una tenda da giardino che si abbini ad ogni casa, sia bella e non abbia paura del vento? Naturalmente, una tenda stretch di Tentickle! Anche ai vicini piace.","breadcrumb":{"@id":"https:\/\/www.tentickle.ch\/stretchzelt\/gartenzelte\/#breadcrumb"},"inLanguage":"it-IT","potentialAction":[{"@type":"ReadAction","target":["https:\/\/www.tentickle.ch\/stretchzelt\/gartenzelte\/"]}]},{"@type":"ImageObject","inLanguage":"it-IT","@id":"https:\/\/www.tentickle.ch\/stretchzelt\/gartenzelte\/#primaryimage","url":"https:\/\/tentickle.ch\/wp-content\/uploads\/2018\/11\/DSC07717-1024x768.jpg","contentUrl":"https:\/\/tentickle.ch\/wp-content\/uploads\/2018\/11\/DSC07717-1024x768.jpg"},{"@type":"BreadcrumbList","@id":"https:\/\/www.tentickle.ch\/stretchzelt\/gartenzelte\/#breadcrumb","itemListElement":[{"@type":"ListItem","position":1,"name":"Home","item":"https:\/\/www.tentickle.ch\/"},{"@type":"ListItem","position":2,"name":"VARIANTE TENDA","item":"https:\/\/www.tentickle.ch\/stretchzelt\/"},{"@type":"ListItem","position":3,"name":"TENDE DA GIARDINO"}]},{"@type":"WebSite","@id":"https:\/\/www.tentickle.ch\/#website","url":"https:\/\/www.tentickle.ch\/","name":"Tentickle Schweiz","description":"Stilvolle Zelte f\u00fcr Feste und Anl\u00e4sse","publisher":{"@id":"https:\/\/www.tentickle.ch\/#organization"},"potentialAction":[{"@type":"SearchAction","target":{"@type":"EntryPoint","urlTemplate":"https:\/\/www.tentickle.ch\/?s={search_term_string}"},"query-input":{"@type":"PropertyValueSpecification","valueRequired":true,"valueName":"search_term_string"}}],"inLanguage":"it-IT"},{"@type":"Organization","@id":"https:\/\/www.tentickle.ch\/#organization","name":"Tentickle","url":"https:\/\/www.tentickle.ch\/","logo":{"@type":"ImageObject","inLanguage":"it-IT","@id":"https:\/\/www.tentickle.ch\/#\/schema\/logo\/image\/","url":"https:\/\/www.tentickle.ch\/wp-content\/uploads\/2018\/10\/TentickleLogoTransparentohneCanopies-web.png","contentUrl":"https:\/\/www.tentickle.ch\/wp-content\/uploads\/2018\/10\/TentickleLogoTransparentohneCanopies-web.png","width":1000,"height":294,"caption":"Tentickle"},"image":{"@id":"https:\/\/www.tentickle.ch\/#\/schema\/logo\/image\/"},"sameAs":["https:\/\/www.facebook.com\/CreativeTents\/","https:\/\/www.instagram.com\/tentickle.switzerland"]}]}},"_links":{"self":[{"href":"https:\/\/www.tentickle.ch\/it\/wp-json\/wp\/v2\/pages\/16543","targetHints":{"allow":["GET"]}}],"collection":[{"href":"https:\/\/www.tentickle.ch\/it\/wp-json\/wp\/v2\/pages"}],"about":[{"href":"https:\/\/www.tentickle.ch\/it\/wp-json\/wp\/v2\/types\/page"}],"author":[{"embeddable":true,"href":"https:\/\/www.tentickle.ch\/it\/wp-json\/wp\/v2\/users\/1"}],"replies":[{"embeddable":true,"href":"https:\/\/www.tentickle.ch\/it\/wp-json\/wp\/v2\/comments?post=16543"}],"version-history":[{"count":1,"href":"https:\/\/www.tentickle.ch\/it\/wp-json\/wp\/v2\/pages\/16543\/revisions"}],"predecessor-version":[{"id":16559,"href":"https:\/\/www.tentickle.ch\/it\/wp-json\/wp\/v2\/pages\/16543\/revisions\/16559"}],"up":[{"embeddable":true,"href":"https:\/\/www.tentickle.ch\/it\/wp-json\/wp\/v2\/pages\/16568"}],"wp:attachment":[{"href":"https:\/\/www.tentickle.ch\/it\/wp-json\/wp\/v2\/media?parent=16543"}],"curies":[{"name":"wp","href":"https:\/\/api.w.org\/{rel}","templated":true}]}}