{"id":16496,"date":"2017-10-10T14:59:00","date_gmt":"2017-10-10T12:59:00","guid":{"rendered":"https:\/\/www.tentickle.ch\/tentickle\/"},"modified":"2024-07-22T18:40:19","modified_gmt":"2024-07-22T16:40:19","slug":"tentickle","status":"publish","type":"page","link":"https:\/\/www.tentickle.ch\/it\/","title":{"rendered":"TENTICKLE"},"content":{"rendered":"<p>[vc_row css_animation=&#8221;&#8221; row_type=&#8221;row&#8221; use_row_as_full_screen_section=&#8221;no&#8221; type=&#8221;grid&#8221; angled_section=&#8221;no&#8221; text_align=&#8221;left&#8221; background_image_as_pattern=&#8221;without_pattern&#8221; background_color=&#8221;#ffffff&#8221; padding_top=&#8221;50&#8243; padding_bottom=&#8221;50&#8243; z_index=&#8221;&#8221;][vc_column][vc_column_text]<\/p>\n<h1>We got you covered!<\/h1>\n<p>[vc_separator type=&#8221;transparent&#8221; position=&#8221;center&#8221; thickness=&#8221;0&#8243; up=&#8221;50&#8243; down=&#8221;50&#8243;]<\/p>\n<p class=\"p2\"><span class=\"s1\">Tentickle sono belle tensostrutture per <a href=\"https:\/\/tentickle.ch\/zeltvarianten\/festzelte\/\">feste<\/a>, <a href=\"https:\/\/tentickle.ch\/zeltvarianten\/hochzeitszelte\/\">matrimoni<\/a> ed <a href=\"https:\/\/tentickle.ch\/zeltvermietung\/\">eventi<\/a> attenti allo stile, da grandi a piccoli, cos\u00ec come per il <a href=\"https:\/\/tentickle.ch\/zeltvarianten\/gartenzelte\/\">giardino<\/a> esigente. <\/span><\/p>\n<p class=\"p2\"><span class=\"s1\">Nessun altro <a href=\"https:\/\/tentickle.ch\/zeltvarianten\/festzelte\/\">marquee<\/a> si sente e sembra buono come un Tentickle.<\/span><\/p>\n<p class=\"p2\"><span class=\"s1\">Perch\u00e9 solo una tenda da stiro di Tentickle:<\/span><\/p>\n<ul class=\"ul1\">\n<li style=\"list-style-type: none;\">\n<ul class=\"ul1\">\n<li class=\"li2\"><span class=\"s1\">soddisfa le pi\u00f9 alte esigenze estetiche con la sua bella luminosit\u00e0 e consistenza,<\/span><\/li>\n<\/ul>\n<\/li>\n<\/ul>\n<ul class=\"ul1\">\n<li style=\"list-style-type: none;\">\n<ul class=\"ul1\">\n<li class=\"li2\"><span class=\"s1\">\u00e8 impermeabile al 100%,<\/span><\/li>\n<\/ul>\n<\/li>\n<\/ul>\n<ul class=\"ul1\">\n<li style=\"list-style-type: none;\">\n<ul class=\"ul1\">\n<li class=\"li2\"><span class=\"s1\">ha un aspetto caldo e tessile e soddisfa gli attuali standard di protezione antincendio,<\/span><\/li>\n<\/ul>\n<\/li>\n<\/ul>\n<ul class=\"ul1\">\n<li style=\"list-style-type: none;\">\n<ul class=\"ul1\">\n<li class=\"li2\"><span class=\"s1\">pu\u00f2 essere montato e smontato rapidamente e nei luoghi pi\u00f9 insoliti,<\/span><\/li>\n<\/ul>\n<\/li>\n<\/ul>\n<ul class=\"ul1\">\n<li style=\"list-style-type: none;\">\n<ul class=\"ul1\">\n<li class=\"li2\"><span class=\"s1\"> Si fonde con l&#8217;ambiente circostante invece di dominarlo<\/span><\/li>\n<\/ul>\n<\/li>\n<\/ul>\n<ul class=\"ul1\">\n<li style=\"list-style-type: none;\">\n<ul class=\"ul1\">\n<li class=\"li2\"><span class=\"s1\">consiste in un materiale elastico ed \u00e8 quindi <\/span><\/li>\n<\/ul>\n<\/li>\n<\/ul>\n<ul>\n<li style=\"list-style-type: none;\">\n<ul class=\"ul1\">\n<li class=\"li2\"><span class=\"s1\">estremamente flessibile nella forma e nell&#8217;applicazione e anche molto resistente al vento.<\/span><\/li>\n<\/ul>\n<\/li>\n<\/ul>\n<p>[vc_separator type=&#8221;transparent&#8221; position=&#8221;center&#8221; thickness=&#8221;0&#8243; up=&#8221;10&#8243; down=&#8221;10&#8243;]<\/p>\n<h4 class=\"p3\"><span class=\"s1\"><b>Una piccola rivoluzione tra le tende!<\/b><\/span><\/h4>\n<p>[vc_separator type=&#8221;transparent&#8221; position=&#8221;center&#8221; thickness=&#8221;0&#8243; up=&#8221;10&#8243; down=&#8221;10&#8243;]<\/p>\n<p class=\"p2\"><span class=\"s1\">Tentickle \u00e8 un <span class=\"s2\">sistema di tende<\/span> che viene utilizzato per<a href=\"https:\/\/tentickle.ch\/zeltvarianten\/hochzeitszelte\/\"><span class=\"s2\"> Tende da matrimonio,<\/span><\/a> tende da <span class=\"s2\"><a href=\"https:\/\/tentickle.ch\/zeltvermietung\/\">palcoscenico<\/a>, <a href=\"https:\/\/tentickle.ch\/zeltvermietung\/\">tende da festa<\/a>, <a href=\"https:\/\/tentickle.ch\/zeltvarianten\/\">sale da tenda<\/a><\/span>, <a href=\"https:\/\/tentickle.ch\/zeltvarianten\/sonnensegel\/\"><span class=\"s2\">Tende da sole<\/span><\/a> o <a href=\"https:\/\/tentickle.ch\/zeltvarianten\/gartenzelte\/\"><span class=\"s2\">Tende da giardino<\/span><\/a> pu\u00f2 essere utilizzato. Tentickle \u00e8 l&#8217;unico produttore di tende elastiche che \u00e8 riuscito a combinare le propriet\u00e0 di trasmissione della luce, massima elasticit\u00e0, stabilit\u00e0, struttura organica e protezione dal fuoco. Inoltre, siamo gli unici in Svizzera ad offrire i bellissimi pali di eucalipto.<\/span><\/p>\n<p class=\"p2\"><span class=\"s1\">Date un&#8217;occhiata in giro e lasciatevi ispirare. Saremo felici di farvi un&#8217;offerta per il <span class=\"s2\">noleggio<\/span> o la <span class=\"s2\">vendita di<\/span> una delle nostre tende. Che tu voglia <a href=\"https:\/\/tentickle.ch\/zeltvermietung\/\">affittare<\/a> o <a href=\"https:\/\/tentickle.ch\/zeltverkauf\/\">comprare<\/a>, ci prendiamo del tempo per te e per il tuo evento e <span class=\"s2\">ti consigliamo senza impegno<\/span>.<\/span><\/p>\n<p>[vc_separator type=&#8221;transparent&#8221; position=&#8221;center&#8221; thickness=&#8221;0&#8243; up=&#8221;20&#8243; down=&#8221;20&#8243;][\/vc_column_text][vc_column_text][\/vc_column_text][\/vc_column][\/vc_row][vc_row css_animation=&#8221;&#8221; row_type=&#8221;row&#8221; use_row_as_full_screen_section=&#8221;no&#8221; type=&#8221;full_width&#8221; angled_section=&#8221;no&#8221; text_align=&#8221;left&#8221; background_image_as_pattern=&#8221;without_pattern&#8221; background_color=&#8221;#ffffff&#8221; z_index=&#8221;&#8221;][vc_column][vc_column_text]<\/p>\n<p style=\"text-align: center;\"><a  itemprop=\"url\" href=\"https:\/\/tentickle.ch\/kontaktformular\/\" target=\"_self\"  class=\"qbutton  medium default\" style=\"\">Modulo di richiesta<\/a><\/p>\n<p style=\"text-align: center;\">[vc_separator type=&#8221;transparent&#8221; position=&#8221;center&#8221; thickness=&#8221;0&#8243; up=&#8221;20&#8243; down=&#8221;20&#8243;]<\/p>\n<p class=\"p2\" style=\"text-align: center;\"><span class=\"s1\">Le tende stretch di Tentickle sono disponibili in tutto il mondo.<br \/>\nPer favore visitate<a href=\"http:\/\/www.tentickle-stretchtents.com\/\"><span class=\"s2\"> www.tentickle-stretchtents.com <\/span><\/a>per trovare un fornitore nel vostro paese.<\/span><\/p>\n<p style=\"text-align: center;\">[vc_separator type=&#8221;transparent&#8221; position=&#8221;center&#8221; thickness=&#8221;0&#8243; up=&#8221;20&#8243; down=&#8221;20&#8243;]<\/p>\n<p>[\/vc_column_text][\/vc_column][\/vc_row][vc_row css_animation=&#8221;&#8221; row_type=&#8221;row&#8221; use_row_as_full_screen_section=&#8221;no&#8221; type=&#8221;grid&#8221; angled_section=&#8221;no&#8221; text_align=&#8221;left&#8221; background_image_as_pattern=&#8221;without_pattern&#8221; background_color=&#8221;#ffffff&#8221; padding_top=&#8221;20&#8243; padding_bottom=&#8221;20&#8243;][vc_column width=&#8221;1\/2&#8243;][vc_video link=&#8221;https:\/\/www.youtube.com\/watch?v=fE-hjCDt_mA&#8221;][\/vc_column][vc_column width=&#8221;1\/2&#8243;][vc_column_text]<a href=\"https:\/\/www.tentickle.ch\/wp-content\/uploads\/2020\/05\/1019_TENTICKLE_brochure.pdf\" target=\"_blank\" rel=\"noopener noreferrer\"><img loading=\"lazy\" decoding=\"async\" class=\"alignnone wp-image-16270\" src=\"https:\/\/www.tentickle.ch\/wp-content\/uploads\/2019\/05\/TENTICKLE_BROCHURE-3-e1670503839619.jpg\" alt=\"\" width=\"600\" height=\"420\" \/><\/a>[\/vc_column_text][\/vc_column][\/vc_row][vc_row css_animation=&#8221;&#8221; row_type=&#8221;row&#8221; use_row_as_full_screen_section=&#8221;no&#8221; type=&#8221;full_width&#8221; angled_section=&#8221;no&#8221; text_align=&#8221;left&#8221; background_image_as_pattern=&#8221;without_pattern&#8221;][vc_column][vc_column_text][\/vc_column_text][\/vc_column][\/vc_row][vc_row css_animation=&#8221;&#8221; row_type=&#8221;row&#8221; use_row_as_full_screen_section=&#8221;no&#8221; type=&#8221;full_width&#8221; angled_section=&#8221;no&#8221; text_align=&#8221;left&#8221; background_image_as_pattern=&#8221;without_pattern&#8221; z_index=&#8221;&#8221;][vc_column width=&#8221;1\/2&#8243;]<a  itemprop=\"url\" href=\"https:\/\/tentickle.ch\/zeltverkauf\/\" target=\"_self\"  class=\"qbutton  big_large_full_width right default\" style=\"border-color: rgba(0,0,0,0); \">COMPRARE<i class=\"qode_icon_font_awesome fa fa-shopping-cart qode_button_icon_element\" style=\"\" ><\/i><\/a>[\/vc_column][vc_column width=&#8221;1\/2&#8243;]<a  itemprop=\"url\" href=\"https:\/\/tentickle.ch\/zeltvermietung\/\" target=\"_self\"  class=\"qbutton  big_large_full_width left default\" style=\"border-color: rgba(0,0,0,0); \">AFFITTO<i class=\"qode_icon_font_awesome fa fa-hourglass qode_button_icon_element\" style=\"\" ><\/i><\/a>[\/vc_column][\/vc_row][vc_row css_animation=&#8221;&#8221; row_type=&#8221;row&#8221; use_row_as_full_screen_section=&#8221;no&#8221; type=&#8221;grid&#8221; angled_section=&#8221;no&#8221; text_align=&#8221;left&#8221; background_image_as_pattern=&#8221;without_pattern&#8221; background_color=&#8221;#ffffff&#8221; padding_top=&#8221;87&#8243; padding_bottom=&#8221;34&#8243;][vc_column width=&#8221;1\/4&#8243; row_type=&#8221;row&#8221; use_row_as_full_screen_section=&#8221;no&#8221; type=&#8221;full_width&#8221; header_style=&#8221;&#8221; parallax_content_width=&#8221;in_grid&#8221; anchor=&#8221;&#8221; in_content_menu=&#8221;&#8221; content_menu_title=&#8221;&#8221; content_menu_icon=&#8221;&#8221; angled_section=&#8221;no&#8221; angled_section_position=&#8221;both&#8221; angled_section_direction=&#8221;from_left_to_right&#8221; text_align=&#8221;left&#8221; video=&#8221;&#8221; video_overlay=&#8221;&#8221; video_overlay_image=&#8221;&#8221; video_webm=&#8221;&#8221; video_mp4=&#8221;&#8221; video_ogv=&#8221;&#8221; video_image=&#8221;&#8221; background_image=&#8221;&#8221; background_image_as_pattern=&#8221;without_pattern&#8221; full_screen_section_height=&#8221;no&#8221; vertically_align_content_in_middle=&#8221;no&#8221; section_height=&#8221;&#8221; parallax_speed=&#8221;&#8221; background_color=&#8221;&#8221; border_color=&#8221;&#8221; row_negative_margin=&#8221;&#8221; side_padding=&#8221;&#8221; parallax_side_padding=&#8221;&#8221; padding_top=&#8221;&#8221; padding_bottom=&#8221;&#8221; color=&#8221;&#8221; hover_color=&#8221;&#8221; more_button_label=&#8221;&#8221; less_button_label=&#8221;&#8221; button_position=&#8221;&#8221; expandable_content_top_padding=&#8221;&#8221; transition_delay=&#8221;&#8221;][vc_column_text]<\/p>\n<h1 style=\"text-align: center;\"><a href=\"https:\/\/tentickle.ch\/zeltvarianten\/festzelte\/\">TENDE FISSE<\/a><\/h1>\n<div class='image_hover ' style='' data-transition-delay=''><div class='images_holder'><a itemprop='url' href='https:\/\/tentickle.ch\/zeltvarianten\/festzelte\/' target='undefined'><img itemprop='image' class='active_image ' src='https:\/\/tentickle.ch\/wp-content\/uploads\/2018\/10\/160909_0866_m_2-1.jpg' alt='' style='' \/><img itemprop='image' class='hover_image' src='https:\/\/tentickle.ch\/wp-content\/uploads\/2018\/10\/160909_0866_m.jpg' alt='' style='' \/><\/a><\/div><\/div>[\/vc_column_text][\/vc_column][vc_column width=&#8221;1\/4&#8243;][vc_column_text]<\/p>\n<h1 style=\"text-align: center;\"><a href=\"https:\/\/tentickle.ch\/zeltvarianten\/hochzeitszelte\/\">TENDE DA SPOSA<\/a><\/h1>\n<div class='image_hover ' style='' data-transition-delay=''><div class='images_holder'><a itemprop='url' href='https:\/\/tentickle.ch\/zeltvarianten\/hochzeitszelte\/' target='undefined'><img itemprop='image' class='active_image ' src='https:\/\/tentickle.ch\/wp-content\/uploads\/2018\/10\/isabelmarc_19082017-176_2-1.jpg' alt='' style='' \/><img itemprop='image' class='hover_image' src='https:\/\/tentickle.ch\/wp-content\/uploads\/2018\/10\/isabelmarc_19082017-176.jpg' alt='' style='' \/><\/a><\/div><\/div>[\/vc_column_text][\/vc_column][vc_column width=&#8221;1\/4&#8243;][vc_column_text]<\/p>\n<h1 style=\"text-align: center;\"><a href=\"https:\/\/tentickle.ch\/zeltvarianten\/gartenzelte\/\">TENDE DA GIARDINO<\/a><\/h1>\n<div class='image_hover ' style='' data-transition-delay=''><div class='images_holder'><a itemprop='url' href='https:\/\/tentickle.ch\/zeltvarianten\/gartenzelte\/' target='undefined'><img itemprop='image' class='active_image ' src='https:\/\/tentickle.ch\/wp-content\/uploads\/2018\/10\/IMG_0962_2-1.jpg' alt='' style='' \/><img itemprop='image' class='hover_image' src='https:\/\/tentickle.ch\/wp-content\/uploads\/2018\/10\/IMG_0962.jpg' alt='' style='' \/><\/a><\/div><\/div>[\/vc_column_text][\/vc_column][vc_column width=&#8221;1\/4&#8243;][vc_column_text]<\/p>\n<h1 style=\"text-align: center;\"><a href=\"https:\/\/tentickle.ch\/zeltvarianten\/sonnensegel\/\">SONNENSEGEL<\/a><\/h1>\n<div class='image_hover ' style='' data-transition-delay=''><div class='images_holder'><a itemprop='url' href='https:\/\/tentickle.ch\/zeltvarianten\/sonnensegel\/' target='undefined'><img itemprop='image' class='active_image ' src='https:\/\/tentickle.ch\/wp-content\/uploads\/2018\/10\/IMG_0873_2-1.jpg' alt='' style='' \/><img itemprop='image' class='hover_image' src='https:\/\/tentickle.ch\/wp-content\/uploads\/2018\/10\/IMG_0873.jpg' alt='' style='' \/><\/a><\/div><\/div>[\/vc_column_text][\/vc_column][\/vc_row][vc_row css_animation=&#8221;&#8221; row_type=&#8221;row&#8221; use_row_as_full_screen_section=&#8221;no&#8221; type=&#8221;full_width&#8221; angled_section=&#8221;no&#8221; text_align=&#8221;left&#8221; background_image_as_pattern=&#8221;without_pattern&#8221;][vc_column][vc_column_text]<\/p>\n<p class=\"p2\"><img loading=\"lazy\" decoding=\"async\" class=\"alignnone wp-image-15919 size-full\" src=\"https:\/\/www.tentickle.ch\/wp-content\/uploads\/2018\/10\/IMG_18162.jpg\" alt=\"Tentickle Schweiz\" width=\"2560\" height=\"1000\" srcset=\"https:\/\/www.tentickle.ch\/wp-content\/uploads\/2018\/10\/IMG_18162.jpg 2560w, https:\/\/www.tentickle.ch\/wp-content\/uploads\/2018\/10\/IMG_18162-300x117.jpg 300w, https:\/\/www.tentickle.ch\/wp-content\/uploads\/2018\/10\/IMG_18162-768x300.jpg 768w, https:\/\/www.tentickle.ch\/wp-content\/uploads\/2018\/10\/IMG_18162-1024x400.jpg 1024w, https:\/\/www.tentickle.ch\/wp-content\/uploads\/2018\/10\/IMG_18162-700x273.jpg 700w\" sizes=\"auto, (max-width: 2560px) 100vw, 2560px\" \/><\/p>\n<p>[\/vc_column_text][\/vc_column][\/vc_row]<\/p>\n","protected":false},"excerpt":{"rendered":"<p>[vc_row css_animation=&#8221;&#8221; row_type=&#8221;row&#8221; use_row_as_full_screen_section=&#8221;no&#8221; type=&#8221;grid&#8221; angled_section=&#8221;no&#8221; text_align=&#8221;left&#8221; background_image_as_pattern=&#8221;without_pattern&#8221; background_color=&#8221;#ffffff&#8221; padding_top=&#8221;50&#8243; padding_bottom=&#8221;50&#8243; z_index=&#8221;&#8221;][vc_column][vc_column_text] We got you covered! [vc_separator type=&#8221;transparent&#8221; position=&#8221;center&#8221; thickness=&#8221;0&#8243; up=&#8221;50&#8243; down=&#8221;50&#8243;] Tentickle sono belle tensostrutture per feste, matrimoni ed eventi attenti allo stile, da grandi a piccoli, cos\u00ec come per il giardino esigente. Nessun&#8230;<\/p>\n","protected":false},"author":1,"featured_media":0,"parent":0,"menu_order":0,"comment_status":"closed","ping_status":"closed","template":"full_width.php","meta":{"footnotes":""},"class_list":["post-16496","page","type-page","status-publish","hentry"],"yoast_head":"<!-- This site is optimized with the Yoast SEO plugin v27.5 - https:\/\/yoast.com\/product\/yoast-seo-wordpress\/ -->\n<title>Tentickle Svizzera<\/title>\n<meta name=\"description\" content=\"Tentickle Svizzera. Tendoni, tende da giardino, tende da matrimonio, tende da sole, tende che possono essere montate nei posti pi\u00f9 impossibili e sono anche belle!\" \/>\n<meta name=\"robots\" content=\"index, follow, max-snippet:-1, max-image-preview:large, max-video-preview:-1\" \/>\n<link rel=\"canonical\" href=\"https:\/\/www.tentickle.ch\/\" \/>\n<meta property=\"og:locale\" content=\"it_IT\" \/>\n<meta property=\"og:type\" content=\"article\" \/>\n<meta property=\"og:title\" content=\"Tentickle Svizzera\" \/>\n<meta property=\"og:description\" content=\"Tentickle Svizzera. Tendoni, tende da giardino, tende da matrimonio, tende da sole, tende che possono essere montate nei posti pi\u00f9 impossibili e sono anche belle!\" \/>\n<meta property=\"og:url\" content=\"https:\/\/www.tentickle.ch\/\" \/>\n<meta property=\"og:site_name\" content=\"Tentickle\" \/>\n<meta property=\"article:publisher\" content=\"https:\/\/www.facebook.com\/CreativeTents\/\" \/>\n<meta property=\"article:modified_time\" content=\"2024-07-22T16:40:19+00:00\" \/>\n<meta property=\"og:image\" content=\"https:\/\/www.tentickle.ch\/wp-content\/uploads\/2019\/05\/TENTICKLE_BROCHURE-3-e1670503839619.jpg\" \/>\n\t<meta property=\"og:image:width\" content=\"1000\" \/>\n\t<meta property=\"og:image:height\" content=\"700\" \/>\n\t<meta property=\"og:image:type\" content=\"image\/jpeg\" \/>\n<meta name=\"twitter:card\" content=\"summary_large_image\" \/>\n<meta name=\"twitter:label1\" content=\"Tempo di lettura stimato\" \/>\n\t<meta name=\"twitter:data1\" content=\"5 minuti\" \/>\n<script type=\"application\/ld+json\" class=\"yoast-schema-graph\">{\"@context\":\"https:\\\/\\\/schema.org\",\"@graph\":[{\"@type\":\"WebPage\",\"@id\":\"https:\\\/\\\/www.tentickle.ch\\\/\",\"url\":\"https:\\\/\\\/www.tentickle.ch\\\/\",\"name\":\"Tentickle Svizzera\",\"isPartOf\":{\"@id\":\"https:\\\/\\\/www.tentickle.ch\\\/#website\"},\"primaryImageOfPage\":{\"@id\":\"https:\\\/\\\/www.tentickle.ch\\\/#primaryimage\"},\"image\":{\"@id\":\"https:\\\/\\\/www.tentickle.ch\\\/#primaryimage\"},\"thumbnailUrl\":\"https:\\\/\\\/www.tentickle.ch\\\/wp-content\\\/uploads\\\/2019\\\/05\\\/TENTICKLE_BROCHURE-3-e1670503839619.jpg\",\"datePublished\":\"2017-10-10T12:59:00+00:00\",\"dateModified\":\"2024-07-22T16:40:19+00:00\",\"description\":\"Tentickle Svizzera. Tendoni, tende da giardino, tende da matrimonio, tende da sole, tende che possono essere montate nei posti pi\u00f9 impossibili e sono anche belle!\",\"breadcrumb\":{\"@id\":\"https:\\\/\\\/www.tentickle.ch\\\/#breadcrumb\"},\"inLanguage\":\"it-IT\",\"potentialAction\":[{\"@type\":\"ReadAction\",\"target\":[\"https:\\\/\\\/www.tentickle.ch\\\/\"]}]},{\"@type\":\"ImageObject\",\"inLanguage\":\"it-IT\",\"@id\":\"https:\\\/\\\/www.tentickle.ch\\\/#primaryimage\",\"url\":\"https:\\\/\\\/www.tentickle.ch\\\/wp-content\\\/uploads\\\/2019\\\/05\\\/TENTICKLE_BROCHURE-3-e1670503839619.jpg\",\"contentUrl\":\"https:\\\/\\\/www.tentickle.ch\\\/wp-content\\\/uploads\\\/2019\\\/05\\\/TENTICKLE_BROCHURE-3-e1670503839619.jpg\"},{\"@type\":\"BreadcrumbList\",\"@id\":\"https:\\\/\\\/www.tentickle.ch\\\/#breadcrumb\",\"itemListElement\":[{\"@type\":\"ListItem\",\"position\":1,\"name\":\"Home\",\"item\":\"https:\\\/\\\/www.tentickle.ch\\\/\"},{\"@type\":\"ListItem\",\"position\":2,\"name\":\"TENTICKLE\"}]},{\"@type\":\"WebSite\",\"@id\":\"https:\\\/\\\/www.tentickle.ch\\\/#website\",\"url\":\"https:\\\/\\\/www.tentickle.ch\\\/\",\"name\":\"Tentickle Schweiz\",\"description\":\"Stilvolle Zelte f\u00fcr Feste und Anl\u00e4sse\",\"publisher\":{\"@id\":\"https:\\\/\\\/www.tentickle.ch\\\/#organization\"},\"potentialAction\":[{\"@type\":\"SearchAction\",\"target\":{\"@type\":\"EntryPoint\",\"urlTemplate\":\"https:\\\/\\\/www.tentickle.ch\\\/?s={search_term_string}\"},\"query-input\":{\"@type\":\"PropertyValueSpecification\",\"valueRequired\":true,\"valueName\":\"search_term_string\"}}],\"inLanguage\":\"it-IT\"},{\"@type\":\"Organization\",\"@id\":\"https:\\\/\\\/www.tentickle.ch\\\/#organization\",\"name\":\"Tentickle\",\"url\":\"https:\\\/\\\/www.tentickle.ch\\\/\",\"logo\":{\"@type\":\"ImageObject\",\"inLanguage\":\"it-IT\",\"@id\":\"https:\\\/\\\/www.tentickle.ch\\\/#\\\/schema\\\/logo\\\/image\\\/\",\"url\":\"https:\\\/\\\/www.tentickle.ch\\\/wp-content\\\/uploads\\\/2018\\\/10\\\/TentickleLogoTransparentohneCanopies-web.png\",\"contentUrl\":\"https:\\\/\\\/www.tentickle.ch\\\/wp-content\\\/uploads\\\/2018\\\/10\\\/TentickleLogoTransparentohneCanopies-web.png\",\"width\":1000,\"height\":294,\"caption\":\"Tentickle\"},\"image\":{\"@id\":\"https:\\\/\\\/www.tentickle.ch\\\/#\\\/schema\\\/logo\\\/image\\\/\"},\"sameAs\":[\"https:\\\/\\\/www.facebook.com\\\/CreativeTents\\\/\",\"https:\\\/\\\/www.instagram.com\\\/tentickle.switzerland\"]}]}<\/script>\n<!-- \/ Yoast SEO plugin. -->","yoast_head_json":{"title":"Tentickle Svizzera","description":"Tentickle Svizzera. Tendoni, tende da giardino, tende da matrimonio, tende da sole, tende che possono essere montate nei posti pi\u00f9 impossibili e sono anche belle!","robots":{"index":"index","follow":"follow","max-snippet":"max-snippet:-1","max-image-preview":"max-image-preview:large","max-video-preview":"max-video-preview:-1"},"canonical":"https:\/\/www.tentickle.ch\/","og_locale":"it_IT","og_type":"article","og_title":"Tentickle Svizzera","og_description":"Tentickle Svizzera. Tendoni, tende da giardino, tende da matrimonio, tende da sole, tende che possono essere montate nei posti pi\u00f9 impossibili e sono anche belle!","og_url":"https:\/\/www.tentickle.ch\/","og_site_name":"Tentickle","article_publisher":"https:\/\/www.facebook.com\/CreativeTents\/","article_modified_time":"2024-07-22T16:40:19+00:00","og_image":[{"width":1000,"height":700,"url":"https:\/\/www.tentickle.ch\/wp-content\/uploads\/2019\/05\/TENTICKLE_BROCHURE-3-e1670503839619.jpg","type":"image\/jpeg"}],"twitter_card":"summary_large_image","twitter_misc":{"Tempo di lettura stimato":"5 minuti"},"schema":{"@context":"https:\/\/schema.org","@graph":[{"@type":"WebPage","@id":"https:\/\/www.tentickle.ch\/","url":"https:\/\/www.tentickle.ch\/","name":"Tentickle Svizzera","isPartOf":{"@id":"https:\/\/www.tentickle.ch\/#website"},"primaryImageOfPage":{"@id":"https:\/\/www.tentickle.ch\/#primaryimage"},"image":{"@id":"https:\/\/www.tentickle.ch\/#primaryimage"},"thumbnailUrl":"https:\/\/www.tentickle.ch\/wp-content\/uploads\/2019\/05\/TENTICKLE_BROCHURE-3-e1670503839619.jpg","datePublished":"2017-10-10T12:59:00+00:00","dateModified":"2024-07-22T16:40:19+00:00","description":"Tentickle Svizzera. Tendoni, tende da giardino, tende da matrimonio, tende da sole, tende che possono essere montate nei posti pi\u00f9 impossibili e sono anche belle!","breadcrumb":{"@id":"https:\/\/www.tentickle.ch\/#breadcrumb"},"inLanguage":"it-IT","potentialAction":[{"@type":"ReadAction","target":["https:\/\/www.tentickle.ch\/"]}]},{"@type":"ImageObject","inLanguage":"it-IT","@id":"https:\/\/www.tentickle.ch\/#primaryimage","url":"https:\/\/www.tentickle.ch\/wp-content\/uploads\/2019\/05\/TENTICKLE_BROCHURE-3-e1670503839619.jpg","contentUrl":"https:\/\/www.tentickle.ch\/wp-content\/uploads\/2019\/05\/TENTICKLE_BROCHURE-3-e1670503839619.jpg"},{"@type":"BreadcrumbList","@id":"https:\/\/www.tentickle.ch\/#breadcrumb","itemListElement":[{"@type":"ListItem","position":1,"name":"Home","item":"https:\/\/www.tentickle.ch\/"},{"@type":"ListItem","position":2,"name":"TENTICKLE"}]},{"@type":"WebSite","@id":"https:\/\/www.tentickle.ch\/#website","url":"https:\/\/www.tentickle.ch\/","name":"Tentickle Schweiz","description":"Stilvolle Zelte f\u00fcr Feste und Anl\u00e4sse","publisher":{"@id":"https:\/\/www.tentickle.ch\/#organization"},"potentialAction":[{"@type":"SearchAction","target":{"@type":"EntryPoint","urlTemplate":"https:\/\/www.tentickle.ch\/?s={search_term_string}"},"query-input":{"@type":"PropertyValueSpecification","valueRequired":true,"valueName":"search_term_string"}}],"inLanguage":"it-IT"},{"@type":"Organization","@id":"https:\/\/www.tentickle.ch\/#organization","name":"Tentickle","url":"https:\/\/www.tentickle.ch\/","logo":{"@type":"ImageObject","inLanguage":"it-IT","@id":"https:\/\/www.tentickle.ch\/#\/schema\/logo\/image\/","url":"https:\/\/www.tentickle.ch\/wp-content\/uploads\/2018\/10\/TentickleLogoTransparentohneCanopies-web.png","contentUrl":"https:\/\/www.tentickle.ch\/wp-content\/uploads\/2018\/10\/TentickleLogoTransparentohneCanopies-web.png","width":1000,"height":294,"caption":"Tentickle"},"image":{"@id":"https:\/\/www.tentickle.ch\/#\/schema\/logo\/image\/"},"sameAs":["https:\/\/www.facebook.com\/CreativeTents\/","https:\/\/www.instagram.com\/tentickle.switzerland"]}]}},"_links":{"self":[{"href":"https:\/\/www.tentickle.ch\/it\/wp-json\/wp\/v2\/pages\/16496","targetHints":{"allow":["GET"]}}],"collection":[{"href":"https:\/\/www.tentickle.ch\/it\/wp-json\/wp\/v2\/pages"}],"about":[{"href":"https:\/\/www.tentickle.ch\/it\/wp-json\/wp\/v2\/types\/page"}],"author":[{"embeddable":true,"href":"https:\/\/www.tentickle.ch\/it\/wp-json\/wp\/v2\/users\/1"}],"replies":[{"embeddable":true,"href":"https:\/\/www.tentickle.ch\/it\/wp-json\/wp\/v2\/comments?post=16496"}],"version-history":[{"count":6,"href":"https:\/\/www.tentickle.ch\/it\/wp-json\/wp\/v2\/pages\/16496\/revisions"}],"predecessor-version":[{"id":17166,"href":"https:\/\/www.tentickle.ch\/it\/wp-json\/wp\/v2\/pages\/16496\/revisions\/17166"}],"wp:attachment":[{"href":"https:\/\/www.tentickle.ch\/it\/wp-json\/wp\/v2\/media?parent=16496"}],"curies":[{"name":"wp","href":"https:\/\/api.w.org\/{rel}","templated":true}]}}