{"id":16427,"date":"2018-10-15T14:13:20","date_gmt":"2018-10-15T12:13:20","guid":{"rendered":"https:\/\/www.tentickle.ch\/kontakt\/"},"modified":"2022-02-16T17:52:18","modified_gmt":"2022-02-16T16:52:18","slug":"kontakt","status":"publish","type":"page","link":"https:\/\/www.tentickle.ch\/it\/kontakt\/","title":{"rendered":"CONTATTO"},"content":{"rendered":"<p>[vc_row css_animation=&#8221;&#8221; row_type=&#8221;row&#8221; use_row_as_full_screen_section=&#8221;no&#8221; type=&#8221;full_width&#8221; angled_section=&#8221;no&#8221; text_align=&#8221;left&#8221; background_image_as_pattern=&#8221;without_pattern&#8221;][vc_column][vc_column_text]<\/p>\n<h1>Contatta<\/h1>\n<p>[vc_separator type=&#8221;transparent&#8221; position=&#8221;center&#8221; thickness=&#8221;0&#8243; up=&#8221;50&#8243; down=&#8221;50&#8243;]<\/p>\n<p>[\/vc_column_text][\/vc_column][\/vc_row][vc_row css_animation=&#8221;&#8221; row_type=&#8221;row&#8221; use_row_as_full_screen_section=&#8221;no&#8221; type=&#8221;full_width&#8221; angled_section=&#8221;no&#8221; text_align=&#8221;left&#8221; background_image_as_pattern=&#8221;without_pattern&#8221;][vc_column width=&#8221;1\/3&#8243;]<div class='q_team'><div class='q_team_inner'><div class='q_team_image'><img itemprop='image' src='https:\/\/www.tentickle.ch\/wp-content\/uploads\/2019\/02\/Jan.jpg' alt='Jan' \/><div class='q_team_description_wrapper'><div class='q_team_description'><div class='q_team_description_inner'><p>Ha montato il primo tentickle in Svizzera nel 2010 e da allora \u00e8 entusiasta delle tende stretch.<\/p>\n<p>\u00c8 coinvolto nel vostro progetto dalla pianificazione alla realizzazione e, con i suoi anni di esperienza nella costruzione, trova sempre una soluzione adatta.<\/p><\/div><\/div><\/div><\/div><div class='q_team_text' ><div class='q_team_text_inner'><div class='q_team_title_holder'><h3 class='q_team_name' style = ''>Jan Buchmeier<\/h3><\/div><div class='separator small center' style = ''><\/div><\/div><div class='q_team_social_holder'><span class='q_social_icon_holder normal_social' ><a itemprop='url' href='https:\/\/www.facebook.com\/CreativeTents\/' target='_blank'><i class=\"qode_icon_font_awesome fa fa-facebook fa-2x simple_social\" style=\"\" ><\/i><\/a><\/span><span class='q_social_icon_holder normal_social' ><a itemprop='url' href='https:\/\/www.instagram.com\/tentickle.switzerland\/' target='_blank'><i class=\"qode_icon_font_awesome fa fa-instagram fa-2x simple_social\" style=\"\" ><\/i><\/a><\/span><span class='q_social_icon_holder normal_social' ><i class=\"qode_icon_font_awesome fa _blank fa-2x simple_social\" style=\"\" ><\/i><\/span><\/div><\/div><\/div><\/div>[\/vc_column][vc_column width=&#8221;1\/3&#8243;]<div class='q_team'><div class='q_team_inner'><div class='q_team_image'><img itemprop='image' src='https:\/\/www.tentickle.ch\/wp-content\/uploads\/2021\/07\/Manu_2.jpg' alt='Manu_2' \/><div class='q_team_description_wrapper'><div class='q_team_description'><div class='q_team_description_inner'><p>Ha servito nel consiglio esecutivo dalla sua fondazione nel 2012.<\/p>\n<p>\u00c8 la &quot;fata dell'amministrazione&quot; e, come madre di quattro figli, porta con s\u00e9 la necessaria compostezza che serve nel business degli eventi.<\/p><\/div><\/div><\/div><\/div><div class='q_team_text' ><div class='q_team_text_inner'><div class='q_team_title_holder'><h3 class='q_team_name' style = ''>Manuela Buchmeier<\/h3><\/div><div class='separator small center' style = ''><\/div><\/div><div class='q_team_social_holder'><span class='q_social_icon_holder normal_social' ><a itemprop='url' href='https:\/\/www.facebook.com\/CreativeTents\/' target='_blank'><i class=\"qode_icon_font_awesome fa fa-facebook fa-2x simple_social\" style=\"\" ><\/i><\/a><\/span><span class='q_social_icon_holder normal_social' ><a itemprop='url' href='https:\/\/www.instagram.com\/tentickle.switzerland\/' target='_blank'><i class=\"qode_icon_font_awesome fa fa-instagram fa-2x simple_social\" style=\"\" ><\/i><\/a><\/span><\/div><\/div><\/div><\/div>[\/vc_column][vc_column width=&#8221;1\/3&#8243;]<div class='q_team'><div class='q_team_inner'><div class='q_team_image'><img itemprop='image' src='https:\/\/www.tentickle.ch\/wp-content\/uploads\/2019\/02\/Patrick.jpg' alt='Patrick' \/><div class='q_team_description_wrapper'><div class='q_team_description'><div class='q_team_description_inner'><p>Dopo diversi progetti precedenti, \u00e8 un membro permanente della compagnia dal 2016.<\/p>\n<p>Mantiene l'ordine nel magazzino, disegna costruzioni a tentoni e le costruisce allo stesso tempo, un vero tuttofare.<\/p><\/div><\/div><\/div><\/div><div class='q_team_text' ><div class='q_team_text_inner'><div class='q_team_title_holder'><h3 class='q_team_name' style = ''>Patrick B\u00e4ttig<\/h3><\/div><div class='separator small center' style = ''><\/div><\/div><div class='q_team_social_holder'><span class='q_social_icon_holder normal_social' ><a itemprop='url' href='https:\/\/www.facebook.com\/CreativeTents\/' target='_blank'><i class=\"qode_icon_font_awesome fa fa-facebook fa-2x simple_social\" style=\"\" ><\/i><\/a><\/span><span class='q_social_icon_holder normal_social' ><a itemprop='url' href='https:\/\/www.instagram.com\/tentickle.switzerland\/' target='_blank'><i class=\"qode_icon_font_awesome fa fa-instagram fa-2x simple_social\" style=\"\" ><\/i><\/a><\/span><span class='q_social_icon_holder normal_social' ><i class=\"qode_icon_font_awesome fa _blank fa-2x simple_social\" style=\"\" ><\/i><\/span><\/div><\/div><\/div><\/div>[\/vc_column][\/vc_row][vc_row css_animation=&#8221;&#8221; row_type=&#8221;row&#8221; use_row_as_full_screen_section=&#8221;no&#8221; type=&#8221;full_width&#8221; angled_section=&#8221;no&#8221; text_align=&#8221;left&#8221; background_image_as_pattern=&#8221;without_pattern&#8221;][vc_column][vc_separator type=&#8221;transparent&#8221; thickness=&#8221;0&#8243; up=&#8221;10&#8243; down=&#8221;10&#8243;][\/vc_column][\/vc_row][vc_row css_animation=&#8221;&#8221; row_type=&#8221;row&#8221; use_row_as_full_screen_section=&#8221;no&#8221; type=&#8221;full_width&#8221; angled_section=&#8221;no&#8221; text_align=&#8221;left&#8221; background_image_as_pattern=&#8221;without_pattern&#8221;][vc_column][vc_separator type=&#8221;transparent&#8221; thickness=&#8221;0&#8243; up=&#8221;10&#8243; down=&#8221;10&#8243;][\/vc_column][vc_column]<div class='q_team'><div class='q_team_inner'><div class='q_team_image'><img itemprop='image' src='https:\/\/www.tentickle.ch\/wp-content\/uploads\/2019\/02\/Saison-Team.jpg' alt='Saison Team' \/><div class='q_team_description_wrapper'><div class='q_team_description'><div class='q_team_description_inner'><p>Oltre a molti buoni freelance e amici che sono sempre l\u00ec per noi, siamo particolarmente felici di questi quattro dipendenti. Hanno adottato l'affidabilit\u00e0 e la flessibilit\u00e0 di un tentickle, contribuendo a un'operazione di successo.<\/p><\/div><\/div><\/div><\/div><div class='q_team_text' ><div class='q_team_text_inner'><div class='q_team_title_holder'><h3 class='q_team_name' style = ''>Squadra Tentickle<\/h3><\/div><div class='separator small center' style = ''><\/div><\/div><div class='q_team_social_holder'><span class='q_social_icon_holder normal_social' ><a itemprop='url' href='https:\/\/www.facebook.com\/CreativeTents\/' target='_blank'><i class=\"qode_icon_font_awesome fa fa-facebook fa-2x simple_social\" style=\"\" ><\/i><\/a><\/span><span class='q_social_icon_holder normal_social' ><a itemprop='url' href='https:\/\/www.instagram.com\/tentickle.switzerland\/' target='_blank'><i class=\"qode_icon_font_awesome fa fa-instagram fa-2x simple_social\" style=\"\" ><\/i><\/a><\/span><span class='q_social_icon_holder normal_social' ><i class=\"qode_icon_font_awesome fa _blank fa-2x simple_social\" style=\"\" ><\/i><\/span><\/div><\/div><\/div><\/div>[\/vc_column][\/vc_row][vc_row css_animation=&#8221;&#8221; row_type=&#8221;row&#8221; use_row_as_full_screen_section=&#8221;no&#8221; type=&#8221;full_width&#8221; angled_section=&#8221;no&#8221; text_align=&#8221;left&#8221; background_image_as_pattern=&#8221;without_pattern&#8221;][vc_column][vc_separator type=&#8221;transparent&#8221; thickness=&#8221;0&#8243; up=&#8221;40&#8243; down=&#8221;40&#8243;][vc_separator type=&#8221;transparent&#8221; thickness=&#8221;0&#8243; up=&#8221;40&#8243; down=&#8221;40&#8243;][vc_column_text]<\/p>\n<p style=\"text-align: center;\"><a  itemprop=\"url\" href=\"https:\/\/tentickle.ch\/kontaktformular\/\" target=\"_self\"  class=\"qbutton  medium default\" style=\"\">Modulo di richiesta<\/a><\/p>\n<p>[\/vc_column_text][vc_separator type=&#8221;transparent&#8221; thickness=&#8221;0&#8243; up=&#8221;20&#8243; down=&#8221;20&#8243;][\/vc_column][\/vc_row][vc_row css_animation=&#8221;&#8221; row_type=&#8221;row&#8221; use_row_as_full_screen_section=&#8221;no&#8221; type=&#8221;full_width&#8221; angled_section=&#8221;no&#8221; text_align=&#8221;left&#8221; background_image_as_pattern=&#8221;without_pattern&#8221;][\/vc_row][vc_row css_animation=&#8221;&#8221; row_type=&#8221;row&#8221; use_row_as_full_screen_section=&#8221;no&#8221; type=&#8221;full_width&#8221; angled_section=&#8221;no&#8221; text_align=&#8221;left&#8221; background_image_as_pattern=&#8221;without_pattern&#8221;][vc_column width=&#8221;1\/4&#8243;][vc_column_text]<\/p>\n<h3 style=\"text-align: center;\">Tentickle<br \/>\nSvizzera Affitto<\/h3>\n<p style=\"text-align: center;\">Stadelmatt 1<br \/>\n6331 H\u00fcnenberg<br \/>\nSvizzera<\/p>\n<p style=\"text-align: center;\"><strong><a href=\"mailto:talkto@tentickle.ch\">talkto@tentickle.ch<br \/>\n<\/a><a href=\"tel:0041445085303\">044 508 53 03<\/a><\/strong><\/p>\n<p>[\/vc_column_text][vc_gmaps link=&#8221;#E-8_JTNDaWZyYW1lJTIwc3JjJTNEJTIyaHR0cHMlM0ElMkYlMkZ3d3cuZ29vZ2xlLmNvbSUyRm1hcHMlMkZlbWJlZCUzRnBiJTNEJTIxMW0xOCUyMTFtMTIlMjExbTMlMjExZDE1NTgwLjEzNjc3MTk5MzExJTIxMmQ4LjQwMjM4NDQ1Nzc4MzA3NSUyMTNkNDcuMjE4NDUxMTAwNzQxNjc1JTIxMm0zJTIxMWYwJTIxMmYwJTIxM2YwJTIxM20yJTIxMWkxMDI0JTIxMmk3NjglMjE0ZjEzLjElMjEzbTMlMjExbTIlMjExczB4NDc5MDAxNGQ1MGZkNzczZCUyNTNBMHg1OGNiZjFhMWQzMzUyMzMzJTIxMnNTdGFkZWxtYXR0JTJCMSUyNTJDJTJCNjMzMSUyQkglMjVDMyUyNUJDbmVuYmVyZyUyMTVlMCUyMTNtMiUyMTFzZGUlMjEyc2NoJTIxNHYxNTU3MjIyMzUwODAwJTIxNW0yJTIxMXNkZSUyMTJzY2glMjIlMjB3aWR0aCUzRCUyMjYwMCUyMiUyMGhlaWdodCUzRCUyMjQwJTI1JTIyJTIwZnJhbWVib3JkZXIlM0QlMjIwJTIyJTIwc3R5bGUlM0QlMjJib3JkZXIlM0EwJTIyJTIwYWxsb3dmdWxsc2NyZWVuJTNEJTIyJTIyJTNFJTNDJTJGaWZyYW1lJTNF&#8221;][\/vc_column][vc_column width=&#8221;1\/4&#8243;][vc_column_text]<\/p>\n<h3 style=\"text-align: center;\">Tentickle<br \/>\nSvizzera Vendita<\/h3>\n<p style=\"text-align: center;\">Dorfstrasse 58<br \/>\n8933 Maschwanden<br \/>\nSvizzera<\/p>\n<p style=\"text-align: center;\"><strong><a href=\"mailto:talkto@tentickle.ch\">talkto@tentickle.ch<br \/>\n<\/a><a href=\"tel:0041445085303\">044 508 53 03<\/a><\/strong><\/p>\n<p>[\/vc_column_text][vc_gmaps link=&#8221;#E-8_JTNDaWZyYW1lJTIwc3JjJTNEJTIyaHR0cHMlM0ElMkYlMkZ3d3cuZ29vZ2xlLmNvbSUyRm1hcHMlMkZlbWJlZCUzRnBiJTNEJTIxMW0xOCUyMTFtMTIlMjExbTMlMjExZDIxNjcxLjc1NTE0NDM2NjU4NyUyMTJkOC40MTk0ODI2ODA0MjE1NDMlMjEzZDQ3LjIzNjc0NDU2NjQ1OTA0JTIxMm0zJTIxMWYwJTIxMmYwJTIxM2YwJTIxM20yJTIxMWkxMDI0JTIxMmk3NjglMjE0ZjEzLjElMjEzbTMlMjExbTIlMjExczB4NDc5MDA2YmY3MzE5NzQ3MyUyNTNBMHhlYTYwNDM5MjU2ZWIxNmExJTIxMnNEb3Jmc3RyYXNzZSUyNTIwNTglMjUyQyUyNTIwODkzMyUyNTIwTWFzY2h3YW5kZW4lMjE1ZTAlMjEzbTIlMjExc2RlJTIxMnNjaCUyMTR2MTYwMTM4MjYyMjczMiUyMTVtMiUyMTFzZGUlMjEyc2NoJTIyJTIwd2lkdGglM0QlMjI2MDAlMjIlMjBoZWlnaHQlM0QlMjI0MCUyNSUyMiUyMGZyYW1lYm9yZGVyJTNEJTIyMCUyMiUyMHN0eWxlJTNEJTIyYm9yZGVyJTNBMCUzQiUyMiUyMGFsbG93ZnVsbHNjcmVlbiUzRCUyMiUyMiUyMGFyaWEtaGlkZGVuJTNEJTIyZmFsc2UlMjIlMjB0YWJpbmRleCUzRCUyMjAlMjIlM0UlM0MlMkZpZnJhbWUlM0U=&#8221;][\/vc_column][vc_column width=&#8221;1\/4&#8243;][vc_column_text]<\/p>\n<h3 style=\"text-align: center;\">Tentickle<br \/>\nRomandia<\/h3>\n<p style=\"text-align: center;\">Robert Naescher<br \/>\nRte de la ZI du Verney 4<br \/>\n1070 Puidoux<\/p>\n<p style=\"text-align: center;\"><strong><a href=\"tel:+41218030001\">021 803 00 01<\/a><\/strong><br \/>\n<strong><a href=\"mailto:Robert@tentickle.ch\">robert@tentickle.ch<\/a><\/strong><br \/>\n<strong><a href=\"http:\/\/tentickle-romandie.ch\/\" target=\"_blank\" rel=\"noopener noreferrer\">tentickle-romandie.ch<\/a><\/strong><\/p>\n<p>[\/vc_column_text][vc_gmaps link=&#8221;#E-8_JTNDaWZyYW1lJTIwc3JjJTNEJTIyaHR0cHMlM0ElMkYlMkZ3d3cuZ29vZ2xlLmNvbSUyRm1hcHMlMkZlbWJlZCUzRnBiJTNEJTIxMW0xOCUyMTFtMTIlMjExbTMlMjExZDM2MDcxLjU2NDcyODA2OTQzJTIxMmQ2LjczNTYwMTU0MjIwODc5NyUyMTNkNDYuNDkwODI3OTg0ODExNTc0JTIxMm0zJTIxMWYwJTIxMmYwJTIxM2YwJTIxM20yJTIxMWkxMDI0JTIxMmk3NjglMjE0ZjEzLjElMjEzbTMlMjExbTIlMjExczB4NDc4YzI4Njk4YzRkMTA3OSUyNTNBMHgyZjQ3NDkzYmZlZTJjZmZjJTIxMnNSb3V0ZSUyNTIwZGUlMjUyMGxhJTI1MjBaLkkuJTI1MjBkdSUyNTIwVmVybmV5JTI1MjA0JTI1MkMlMjUyMDEwNzAlMjUyMFB1aWRvdXglMjE1ZTAlMjEzbTIlMjExc2RlJTIxMnNjaCUyMTR2MTY0NTAyMjcyNzEyOSUyMTVtMiUyMTFzZGUlMjEyc2NoJTIyJTIwd2lkdGglM0QlMjI2MDAlMjIlMjBoZWlnaHQlM0QlMjI0MCUyNSUyMiUyMHN0eWxlJTNEJTIyYm9yZGVyJTNBMCUzQiUyMiUyMGFsbG93ZnVsbHNjcmVlbiUzRCUyMiUyMiUyMGxvYWRpbmclM0QlMjJsYXp5JTIyJTNFJTNDJTJGaWZyYW1lJTNF&#8221;][\/vc_column][vc_column width=&#8221;1\/4&#8243;][vc_column_text]<\/p>\n<h3 style=\"text-align: center;\">Tentickle<br \/>\nSvizzera orientale<\/h3>\n<p style=\"text-align: center;\">Daniel Camen<br \/>\nZelgstrasse 14<br \/>\n9320 Arbon<\/p>\n<p style=\"text-align: center;\"><strong><a href=\"tel:+41796262189\">079 626 21 89<\/a><\/strong><br \/>\n<strong><a href=\"mailto:daniel@Tentickle.ch\">daniel@tentickle.ch<\/a><\/strong><\/p>\n<p>[\/vc_column_text][vc_gmaps link=&#8221;#E-8_JTNDaWZyYW1lJTIwc3JjJTNEJTIyaHR0cHMlM0ElMkYlMkZ3d3cuZ29vZ2xlLmNvbSUyRm1hcHMlMkZlbWJlZCUzRnBiJTNEJTIxMW0xOCUyMTFtMTIlMjExbTMlMjExZDE5NTYyLjM0MjM0OTA0ODcyJTIxMmQ5LjQxMzM1NDM3ODk5NDAxMyUyMTNkNDcuNTE5NTA1Mzc4MTAwNTc1JTIxMm0zJTIxMWYwJTIxMmYwJTIxM2YwJTIxM20yJTIxMWkxMDI0JTIxMmk3NjglMjE0ZjEzLjElMjEzbTMlMjExbTIlMjExczB4NDc5YjFjZGMxODhlNjk4ZiUyNTNBMHhhMDhjMDczOWM1MjI1NGUzJTIxMnNaZWxnc3RyYXNzZSUyNTIwMTQlMjUyQyUyNTIwOTMyMCUyNTIwQXJib24lMjE1ZTAlMjEzbTIlMjExc2RlJTIxMnNjaCUyMTR2MTY0NTAyMjc2MTcxOSUyMTVtMiUyMTFzZGUlMjEyc2NoJTIyJTIwd2lkdGglM0QlMjI2MDAlMjIlMjBoZWlnaHQlM0QlMjI0MCUyNSUyMiUyMHN0eWxlJTNEJTIyYm9yZGVyJTNBMCUzQiUyMiUyMGFsbG93ZnVsbHNjcmVlbiUzRCUyMiUyMiUyMGxvYWRpbmclM0QlMjJsYXp5JTIyJTNFJTNDJTJGaWZyYW1lJTNF&#8221;][\/vc_column][\/vc_row][vc_row css_animation=&#8221;&#8221; row_type=&#8221;row&#8221; use_row_as_full_screen_section=&#8221;no&#8221; type=&#8221;full_width&#8221; angled_section=&#8221;no&#8221; text_align=&#8221;left&#8221; background_image_as_pattern=&#8221;without_pattern&#8221;][vc_column][vc_separator type=&#8221;transparent&#8221; thickness=&#8221;0&#8243; up=&#8221;40&#8243; down=&#8221;40&#8243;][\/vc_column][\/vc_row]<\/p>\n","protected":false},"excerpt":{"rendered":"<p>[vc_row css_animation=&#8221;&#8221; row_type=&#8221;row&#8221; use_row_as_full_screen_section=&#8221;no&#8221; type=&#8221;full_width&#8221; angled_section=&#8221;no&#8221; text_align=&#8221;left&#8221; background_image_as_pattern=&#8221;without_pattern&#8221;][vc_column][vc_column_text] Contatta [vc_separator type=&#8221;transparent&#8221; position=&#8221;center&#8221; thickness=&#8221;0&#8243; up=&#8221;50&#8243; down=&#8221;50&#8243;] [\/vc_column_text][\/vc_column][\/vc_row][vc_row css_animation=&#8221;&#8221; row_type=&#8221;row&#8221; use_row_as_full_screen_section=&#8221;no&#8221; type=&#8221;full_width&#8221; angled_section=&#8221;no&#8221; text_align=&#8221;left&#8221; background_image_as_pattern=&#8221;without_pattern&#8221;][vc_column width=&#8221;1\/3&#8243;][\/vc_column][vc_column width=&#8221;1\/3&#8243;][\/vc_column][vc_column width=&#8221;1\/3&#8243;][\/vc_column][\/vc_row][vc_row css_animation=&#8221;&#8221; row_type=&#8221;row&#8221; use_row_as_full_screen_section=&#8221;no&#8221; type=&#8221;full_width&#8221; angled_section=&#8221;no&#8221; text_align=&#8221;left&#8221; background_image_as_pattern=&#8221;without_pattern&#8221;][vc_column][vc_separator type=&#8221;transparent&#8221; thickness=&#8221;0&#8243; up=&#8221;10&#8243; down=&#8221;10&#8243;][\/vc_column][\/vc_row][vc_row css_animation=&#8221;&#8221; row_type=&#8221;row&#8221; use_row_as_full_screen_section=&#8221;no&#8221; type=&#8221;full_width&#8221; angled_section=&#8221;no&#8221; text_align=&#8221;left&#8221; background_image_as_pattern=&#8221;without_pattern&#8221;][vc_column][vc_separator type=&#8221;transparent&#8221;&#8230;<\/p>\n","protected":false},"author":1,"featured_media":0,"parent":0,"menu_order":0,"comment_status":"closed","ping_status":"closed","template":"","meta":{"footnotes":""},"class_list":["post-16427","page","type-page","status-publish","hentry"],"yoast_head":"<!-- This site is optimized with the Yoast SEO plugin v27.0 - https:\/\/yoast.com\/product\/yoast-seo-wordpress\/ -->\n<title>CONTATTO - Tentickle<\/title>\n<meta name=\"robots\" content=\"index, follow, max-snippet:-1, max-image-preview:large, max-video-preview:-1\" \/>\n<link rel=\"canonical\" href=\"https:\/\/www.tentickle.ch\/kontakt\/\" \/>\n<meta property=\"og:locale\" content=\"it_IT\" \/>\n<meta property=\"og:type\" content=\"article\" \/>\n<meta property=\"og:title\" content=\"CONTATTO - Tentickle\" \/>\n<meta property=\"og:description\" content=\"[vc_row css_animation=&#8221;&#8221; row_type=&#8221;row&#8221; use_row_as_full_screen_section=&#8221;no&#8221; type=&#8221;full_width&#8221; angled_section=&#8221;no&#8221; text_align=&#8221;left&#8221; background_image_as_pattern=&#8221;without_pattern&#8221;][vc_column][vc_column_text] Contatta [vc_separator type=&#8221;transparent&#8221; position=&#8221;center&#8221; thickness=&#8221;0&#8243; up=&#8221;50&#8243; down=&#8221;50&#8243;] [\/vc_column_text][\/vc_column][\/vc_row][vc_row css_animation=&#8221;&#8221; row_type=&#8221;row&#8221; use_row_as_full_screen_section=&#8221;no&#8221; type=&#8221;full_width&#8221; angled_section=&#8221;no&#8221; text_align=&#8221;left&#8221; background_image_as_pattern=&#8221;without_pattern&#8221;][vc_column width=&#8221;1\/3&#8243;][\/vc_column][vc_column width=&#8221;1\/3&#8243;][\/vc_column][vc_column width=&#8221;1\/3&#8243;][\/vc_column][\/vc_row][vc_row css_animation=&#8221;&#8221; row_type=&#8221;row&#8221; use_row_as_full_screen_section=&#8221;no&#8221; type=&#8221;full_width&#8221; angled_section=&#8221;no&#8221; text_align=&#8221;left&#8221; background_image_as_pattern=&#8221;without_pattern&#8221;][vc_column][vc_separator type=&#8221;transparent&#8221; thickness=&#8221;0&#8243; up=&#8221;10&#8243; down=&#8221;10&#8243;][\/vc_column][\/vc_row][vc_row css_animation=&#8221;&#8221; row_type=&#8221;row&#8221; use_row_as_full_screen_section=&#8221;no&#8221; type=&#8221;full_width&#8221; angled_section=&#8221;no&#8221; text_align=&#8221;left&#8221; background_image_as_pattern=&#8221;without_pattern&#8221;][vc_column][vc_separator type=&#8221;transparent&#8221;...\" \/>\n<meta property=\"og:url\" content=\"https:\/\/www.tentickle.ch\/kontakt\/\" \/>\n<meta property=\"og:site_name\" content=\"Tentickle\" \/>\n<meta property=\"article:publisher\" content=\"https:\/\/www.facebook.com\/CreativeTents\/\" \/>\n<meta property=\"article:modified_time\" content=\"2022-02-16T16:52:18+00:00\" \/>\n<meta name=\"twitter:card\" content=\"summary_large_image\" \/>\n<meta name=\"twitter:label1\" content=\"Tempo di lettura stimato\" \/>\n\t<meta name=\"twitter:data1\" content=\"6 minuti\" \/>\n<script type=\"application\/ld+json\" class=\"yoast-schema-graph\">{\"@context\":\"https:\/\/schema.org\",\"@graph\":[{\"@type\":\"WebPage\",\"@id\":\"https:\/\/www.tentickle.ch\/kontakt\/\",\"url\":\"https:\/\/www.tentickle.ch\/kontakt\/\",\"name\":\"CONTATTO - Tentickle\",\"isPartOf\":{\"@id\":\"https:\/\/www.tentickle.ch\/#website\"},\"datePublished\":\"2018-10-15T12:13:20+00:00\",\"dateModified\":\"2022-02-16T16:52:18+00:00\",\"breadcrumb\":{\"@id\":\"https:\/\/www.tentickle.ch\/kontakt\/#breadcrumb\"},\"inLanguage\":\"it-IT\",\"potentialAction\":[{\"@type\":\"ReadAction\",\"target\":[\"https:\/\/www.tentickle.ch\/kontakt\/\"]}]},{\"@type\":\"BreadcrumbList\",\"@id\":\"https:\/\/www.tentickle.ch\/kontakt\/#breadcrumb\",\"itemListElement\":[{\"@type\":\"ListItem\",\"position\":1,\"name\":\"Home\",\"item\":\"https:\/\/www.tentickle.ch\/\"},{\"@type\":\"ListItem\",\"position\":2,\"name\":\"CONTATTO\"}]},{\"@type\":\"WebSite\",\"@id\":\"https:\/\/www.tentickle.ch\/#website\",\"url\":\"https:\/\/www.tentickle.ch\/\",\"name\":\"Tentickle Schweiz\",\"description\":\"Stilvolle Zelte f\u00fcr Feste und Anl\u00e4sse\",\"publisher\":{\"@id\":\"https:\/\/www.tentickle.ch\/#organization\"},\"potentialAction\":[{\"@type\":\"SearchAction\",\"target\":{\"@type\":\"EntryPoint\",\"urlTemplate\":\"https:\/\/www.tentickle.ch\/?s={search_term_string}\"},\"query-input\":{\"@type\":\"PropertyValueSpecification\",\"valueRequired\":true,\"valueName\":\"search_term_string\"}}],\"inLanguage\":\"it-IT\"},{\"@type\":\"Organization\",\"@id\":\"https:\/\/www.tentickle.ch\/#organization\",\"name\":\"Tentickle\",\"url\":\"https:\/\/www.tentickle.ch\/\",\"logo\":{\"@type\":\"ImageObject\",\"inLanguage\":\"it-IT\",\"@id\":\"https:\/\/www.tentickle.ch\/#\/schema\/logo\/image\/\",\"url\":\"https:\/\/www.tentickle.ch\/wp-content\/uploads\/2018\/10\/TentickleLogoTransparentohneCanopies-web.png\",\"contentUrl\":\"https:\/\/www.tentickle.ch\/wp-content\/uploads\/2018\/10\/TentickleLogoTransparentohneCanopies-web.png\",\"width\":1000,\"height\":294,\"caption\":\"Tentickle\"},\"image\":{\"@id\":\"https:\/\/www.tentickle.ch\/#\/schema\/logo\/image\/\"},\"sameAs\":[\"https:\/\/www.facebook.com\/CreativeTents\/\",\"https:\/\/www.instagram.com\/tentickle.switzerland\"]}]}<\/script>\n<!-- \/ Yoast SEO plugin. -->","yoast_head_json":{"title":"CONTATTO - Tentickle","robots":{"index":"index","follow":"follow","max-snippet":"max-snippet:-1","max-image-preview":"max-image-preview:large","max-video-preview":"max-video-preview:-1"},"canonical":"https:\/\/www.tentickle.ch\/kontakt\/","og_locale":"it_IT","og_type":"article","og_title":"CONTATTO - Tentickle","og_description":"[vc_row css_animation=&#8221;&#8221; row_type=&#8221;row&#8221; use_row_as_full_screen_section=&#8221;no&#8221; type=&#8221;full_width&#8221; angled_section=&#8221;no&#8221; text_align=&#8221;left&#8221; background_image_as_pattern=&#8221;without_pattern&#8221;][vc_column][vc_column_text] Contatta [vc_separator type=&#8221;transparent&#8221; position=&#8221;center&#8221; thickness=&#8221;0&#8243; up=&#8221;50&#8243; down=&#8221;50&#8243;] [\/vc_column_text][\/vc_column][\/vc_row][vc_row css_animation=&#8221;&#8221; row_type=&#8221;row&#8221; use_row_as_full_screen_section=&#8221;no&#8221; type=&#8221;full_width&#8221; angled_section=&#8221;no&#8221; text_align=&#8221;left&#8221; background_image_as_pattern=&#8221;without_pattern&#8221;][vc_column width=&#8221;1\/3&#8243;][\/vc_column][vc_column width=&#8221;1\/3&#8243;][\/vc_column][vc_column width=&#8221;1\/3&#8243;][\/vc_column][\/vc_row][vc_row css_animation=&#8221;&#8221; row_type=&#8221;row&#8221; use_row_as_full_screen_section=&#8221;no&#8221; type=&#8221;full_width&#8221; angled_section=&#8221;no&#8221; text_align=&#8221;left&#8221; background_image_as_pattern=&#8221;without_pattern&#8221;][vc_column][vc_separator type=&#8221;transparent&#8221; thickness=&#8221;0&#8243; up=&#8221;10&#8243; down=&#8221;10&#8243;][\/vc_column][\/vc_row][vc_row css_animation=&#8221;&#8221; row_type=&#8221;row&#8221; use_row_as_full_screen_section=&#8221;no&#8221; type=&#8221;full_width&#8221; angled_section=&#8221;no&#8221; text_align=&#8221;left&#8221; background_image_as_pattern=&#8221;without_pattern&#8221;][vc_column][vc_separator type=&#8221;transparent&#8221;...","og_url":"https:\/\/www.tentickle.ch\/kontakt\/","og_site_name":"Tentickle","article_publisher":"https:\/\/www.facebook.com\/CreativeTents\/","article_modified_time":"2022-02-16T16:52:18+00:00","twitter_card":"summary_large_image","twitter_misc":{"Tempo di lettura stimato":"6 minuti"},"schema":{"@context":"https:\/\/schema.org","@graph":[{"@type":"WebPage","@id":"https:\/\/www.tentickle.ch\/kontakt\/","url":"https:\/\/www.tentickle.ch\/kontakt\/","name":"CONTATTO - Tentickle","isPartOf":{"@id":"https:\/\/www.tentickle.ch\/#website"},"datePublished":"2018-10-15T12:13:20+00:00","dateModified":"2022-02-16T16:52:18+00:00","breadcrumb":{"@id":"https:\/\/www.tentickle.ch\/kontakt\/#breadcrumb"},"inLanguage":"it-IT","potentialAction":[{"@type":"ReadAction","target":["https:\/\/www.tentickle.ch\/kontakt\/"]}]},{"@type":"BreadcrumbList","@id":"https:\/\/www.tentickle.ch\/kontakt\/#breadcrumb","itemListElement":[{"@type":"ListItem","position":1,"name":"Home","item":"https:\/\/www.tentickle.ch\/"},{"@type":"ListItem","position":2,"name":"CONTATTO"}]},{"@type":"WebSite","@id":"https:\/\/www.tentickle.ch\/#website","url":"https:\/\/www.tentickle.ch\/","name":"Tentickle Schweiz","description":"Stilvolle Zelte f\u00fcr Feste und Anl\u00e4sse","publisher":{"@id":"https:\/\/www.tentickle.ch\/#organization"},"potentialAction":[{"@type":"SearchAction","target":{"@type":"EntryPoint","urlTemplate":"https:\/\/www.tentickle.ch\/?s={search_term_string}"},"query-input":{"@type":"PropertyValueSpecification","valueRequired":true,"valueName":"search_term_string"}}],"inLanguage":"it-IT"},{"@type":"Organization","@id":"https:\/\/www.tentickle.ch\/#organization","name":"Tentickle","url":"https:\/\/www.tentickle.ch\/","logo":{"@type":"ImageObject","inLanguage":"it-IT","@id":"https:\/\/www.tentickle.ch\/#\/schema\/logo\/image\/","url":"https:\/\/www.tentickle.ch\/wp-content\/uploads\/2018\/10\/TentickleLogoTransparentohneCanopies-web.png","contentUrl":"https:\/\/www.tentickle.ch\/wp-content\/uploads\/2018\/10\/TentickleLogoTransparentohneCanopies-web.png","width":1000,"height":294,"caption":"Tentickle"},"image":{"@id":"https:\/\/www.tentickle.ch\/#\/schema\/logo\/image\/"},"sameAs":["https:\/\/www.facebook.com\/CreativeTents\/","https:\/\/www.instagram.com\/tentickle.switzerland"]}]}},"_links":{"self":[{"href":"https:\/\/www.tentickle.ch\/it\/wp-json\/wp\/v2\/pages\/16427","targetHints":{"allow":["GET"]}}],"collection":[{"href":"https:\/\/www.tentickle.ch\/it\/wp-json\/wp\/v2\/pages"}],"about":[{"href":"https:\/\/www.tentickle.ch\/it\/wp-json\/wp\/v2\/types\/page"}],"author":[{"embeddable":true,"href":"https:\/\/www.tentickle.ch\/it\/wp-json\/wp\/v2\/users\/1"}],"replies":[{"embeddable":true,"href":"https:\/\/www.tentickle.ch\/it\/wp-json\/wp\/v2\/comments?post=16427"}],"version-history":[{"count":4,"href":"https:\/\/www.tentickle.ch\/it\/wp-json\/wp\/v2\/pages\/16427\/revisions"}],"predecessor-version":[{"id":16518,"href":"https:\/\/www.tentickle.ch\/it\/wp-json\/wp\/v2\/pages\/16427\/revisions\/16518"}],"wp:attachment":[{"href":"https:\/\/www.tentickle.ch\/it\/wp-json\/wp\/v2\/media?parent=16427"}],"curies":[{"name":"wp","href":"https:\/\/api.w.org\/{rel}","templated":true}]}}