{"id":16642,"date":"2018-10-15T15:21:26","date_gmt":"2018-10-15T13:21:26","guid":{"rendered":"https:\/\/www.tentickle.ch\/impressum\/"},"modified":"2022-03-10T13:42:08","modified_gmt":"2022-03-10T12:42:08","slug":"impressum","status":"publish","type":"page","link":"https:\/\/www.tentickle.ch\/fr\/impressum\/","title":{"rendered":"IMPRESSUM"},"content":{"rendered":"<p>[vc_row css_animation=\u00a0\u00bb\u00a0\u00bb row_type=\u00a0\u00bbrow\u00a0\u00bb use_row_as_full_screen_section=\u00a0\u00bbno\u00a0\u00bb type=\u00a0\u00bbfull_width\u00a0\u00bb angled_section=\u00a0\u00bbno\u00a0\u00bb text_align=\u00a0\u00bbleft\u00a0\u00bb background_image_as_pattern=\u00a0\u00bbwithout_pattern\u00a0\u00bb][vc_column][vc_column_text]<\/p>\n<h1>Impressum<\/h1>\n<p>[vc_separator type=\u00a0\u00bbtransparent\u00a0\u00bb position=\u00a0\u00bbcenter\u00a0\u00bb thickness=\u00a0\u00bb0&Prime; up=\u00a0\u00bb50&Prime; down=\u00a0\u00bb50&Prime;]<\/p>\n<p>Tentickle Schweiz AG<br \/>\nStadelmatt 1<br \/>\n6331 H\u00fcnenberg<br \/>\nSchweiz<\/p>\n<p>[vc_separator type=\u00a0\u00bbtransparent\u00a0\u00bb position=\u00a0\u00bbcenter\u00a0\u00bb thickness=\u00a0\u00bb0&Prime; up=\u00a0\u00bb10&Prime; down=\u00a0\u00bb10&Prime;]<\/p>\n<p><a href=\"mailto:talkto@tentickle.ch\">talkto@tentickle.ch<br \/>\n<\/a>044 508 53 03<\/p>\n<p>[vc_separator type=\u00a0\u00bbtransparent\u00a0\u00bb position=\u00a0\u00bbcenter\u00a0\u00bb thickness=\u00a0\u00bb0&Prime; up=\u00a0\u00bb10&Prime; down=\u00a0\u00bb10&Prime;]<\/p>\n<p>copyright\u00a9 2022 <a href=\"https:\/\/tentickle.ch\">Tentickle Schweiz AG<\/a><br \/>\nWebdesign by <a href=\"http:\/\/www.grafikloft.ch\/\" target=\"_self\" rel=\"noopener\">grafikloft.ch<\/a><\/p>\n<p>[vc_separator type=\u00a0\u00bbtransparent\u00a0\u00bb position=\u00a0\u00bbcenter\u00a0\u00bb thickness=\u00a0\u00bb0&Prime; up=\u00a0\u00bb50&Prime; down=\u00a0\u00bb50&Prime;][\/vc_column_text][\/vc_column][\/vc_row][vc_row css_animation=\u00a0\u00bb\u00a0\u00bb row_type=\u00a0\u00bbrow\u00a0\u00bb use_row_as_full_screen_section=\u00a0\u00bbno\u00a0\u00bb type=\u00a0\u00bbfull_width\u00a0\u00bb angled_section=\u00a0\u00bbno\u00a0\u00bb text_align=\u00a0\u00bbleft\u00a0\u00bb background_image_as_pattern=\u00a0\u00bbwithout_pattern\u00a0\u00bb][vc_column width=\u00a0\u00bb1\/3&Prime;][vc_column_text]Un \u00e9norme merci \u00e0 notre cher ami qui a cr\u00e9\u00e9 ce site g\u00e9nial et aussi un grand merci \u00e0 Antonio Riccio pour la traduction italienne du site.<\/p>\n<p>[vc_separator type=\u00a0\u00bbtransparent\u00a0\u00bb position=\u00a0\u00bbcenter\u00a0\u00bb thickness=\u00a0\u00bb0&Prime; up=\u00a0\u00bb50&Prime; down=\u00a0\u00bb50&Prime;][\/vc_column_text][\/vc_column][vc_column width=\u00a0\u00bb1\/3&Prime;][\/vc_column][vc_column width=\u00a0\u00bb1\/3&Prime;][\/vc_column][\/vc_row]<\/p>\n","protected":false},"excerpt":{"rendered":"<p>[vc_row css_animation=\u00a0\u00bb\u00a0\u00bb row_type=\u00a0\u00bbrow\u00a0\u00bb use_row_as_full_screen_section=\u00a0\u00bbno\u00a0\u00bb type=\u00a0\u00bbfull_width\u00a0\u00bb angled_section=\u00a0\u00bbno\u00a0\u00bb text_align=\u00a0\u00bbleft\u00a0\u00bb background_image_as_pattern=\u00a0\u00bbwithout_pattern\u00a0\u00bb][vc_column][vc_column_text] Impressum [vc_separator type=\u00a0\u00bbtransparent\u00a0\u00bb position=\u00a0\u00bbcenter\u00a0\u00bb thickness=\u00a0\u00bb0&Prime; up=\u00a0\u00bb50&Prime; down=\u00a0\u00bb50&Prime;] Tentickle Schweiz AG Stadelmatt 1 6331 H\u00fcnenberg Schweiz [vc_separator type=\u00a0\u00bbtransparent\u00a0\u00bb position=\u00a0\u00bbcenter\u00a0\u00bb thickness=\u00a0\u00bb0&Prime; up=\u00a0\u00bb10&Prime; down=\u00a0\u00bb10&Prime;] talkto@tentickle.ch 044 508 53 03 [vc_separator type=\u00a0\u00bbtransparent\u00a0\u00bb position=\u00a0\u00bbcenter\u00a0\u00bb thickness=\u00a0\u00bb0&Prime; up=\u00a0\u00bb10&Prime; down=\u00a0\u00bb10&Prime;] copyright\u00a9 2022 Tentickle Schweiz AG&#8230;<\/p>\n","protected":false},"author":1,"featured_media":0,"parent":0,"menu_order":0,"comment_status":"closed","ping_status":"closed","template":"","meta":{"footnotes":""},"class_list":["post-16642","page","type-page","status-publish","hentry"],"yoast_head":"<!-- This site is optimized with the Yoast SEO plugin v27.0 - https:\/\/yoast.com\/product\/yoast-seo-wordpress\/ -->\n<title>IMPRESSUM - Tentickle<\/title>\n<meta name=\"robots\" content=\"index, follow, max-snippet:-1, max-image-preview:large, max-video-preview:-1\" \/>\n<link rel=\"canonical\" href=\"https:\/\/www.tentickle.ch\/impressum\/\" \/>\n<meta property=\"og:locale\" content=\"fr_FR\" \/>\n<meta property=\"og:type\" content=\"article\" \/>\n<meta property=\"og:title\" content=\"IMPRESSUM - Tentickle\" \/>\n<meta property=\"og:description\" content=\"[vc_row css_animation=\u00a0\u00bb\u00a0\u00bb row_type=\u00a0\u00bbrow\u00a0\u00bb use_row_as_full_screen_section=\u00a0\u00bbno\u00a0\u00bb type=\u00a0\u00bbfull_width\u00a0\u00bb angled_section=\u00a0\u00bbno\u00a0\u00bb text_align=\u00a0\u00bbleft\u00a0\u00bb background_image_as_pattern=\u00a0\u00bbwithout_pattern\u00a0\u00bb][vc_column][vc_column_text] Impressum [vc_separator type=\u00a0\u00bbtransparent\u00a0\u00bb position=\u00a0\u00bbcenter\u00a0\u00bb thickness=\u00a0\u00bb0&Prime; up=\u00a0\u00bb50&Prime; down=\u00a0\u00bb50&Prime;] Tentickle Schweiz AG Stadelmatt 1 6331 H\u00fcnenberg Schweiz [vc_separator type=\u00a0\u00bbtransparent\u00a0\u00bb position=\u00a0\u00bbcenter\u00a0\u00bb thickness=\u00a0\u00bb0&Prime; up=\u00a0\u00bb10&Prime; down=\u00a0\u00bb10&Prime;] talkto@tentickle.ch 044 508 53 03 [vc_separator type=\u00a0\u00bbtransparent\u00a0\u00bb position=\u00a0\u00bbcenter\u00a0\u00bb thickness=\u00a0\u00bb0&Prime; up=\u00a0\u00bb10&Prime; down=\u00a0\u00bb10&Prime;] copyright\u00a9 2022 Tentickle Schweiz AG...\" \/>\n<meta property=\"og:url\" content=\"https:\/\/www.tentickle.ch\/impressum\/\" \/>\n<meta property=\"og:site_name\" content=\"Tentickle\" \/>\n<meta property=\"article:publisher\" content=\"https:\/\/www.facebook.com\/CreativeTents\/\" \/>\n<meta property=\"article:modified_time\" content=\"2022-03-10T12:42:08+00:00\" \/>\n<meta name=\"twitter:card\" content=\"summary_large_image\" \/>\n<meta name=\"twitter:label1\" content=\"Dur\u00e9e de lecture estim\u00e9e\" \/>\n\t<meta name=\"twitter:data1\" content=\"1 minute\" \/>\n<script type=\"application\/ld+json\" class=\"yoast-schema-graph\">{\"@context\":\"https:\/\/schema.org\",\"@graph\":[{\"@type\":\"WebPage\",\"@id\":\"https:\/\/www.tentickle.ch\/impressum\/\",\"url\":\"https:\/\/www.tentickle.ch\/impressum\/\",\"name\":\"IMPRESSUM - Tentickle\",\"isPartOf\":{\"@id\":\"https:\/\/www.tentickle.ch\/#website\"},\"datePublished\":\"2018-10-15T13:21:26+00:00\",\"dateModified\":\"2022-03-10T12:42:08+00:00\",\"breadcrumb\":{\"@id\":\"https:\/\/www.tentickle.ch\/impressum\/#breadcrumb\"},\"inLanguage\":\"fr-FR\",\"potentialAction\":[{\"@type\":\"ReadAction\",\"target\":[\"https:\/\/www.tentickle.ch\/impressum\/\"]}]},{\"@type\":\"BreadcrumbList\",\"@id\":\"https:\/\/www.tentickle.ch\/impressum\/#breadcrumb\",\"itemListElement\":[{\"@type\":\"ListItem\",\"position\":1,\"name\":\"Home\",\"item\":\"https:\/\/www.tentickle.ch\/fr\/\"},{\"@type\":\"ListItem\",\"position\":2,\"name\":\"IMPRESSUM\"}]},{\"@type\":\"WebSite\",\"@id\":\"https:\/\/www.tentickle.ch\/#website\",\"url\":\"https:\/\/www.tentickle.ch\/\",\"name\":\"Tentickle Schweiz\",\"description\":\"Stilvolle Zelte f\u00fcr Feste und Anl\u00e4sse\",\"publisher\":{\"@id\":\"https:\/\/www.tentickle.ch\/#organization\"},\"potentialAction\":[{\"@type\":\"SearchAction\",\"target\":{\"@type\":\"EntryPoint\",\"urlTemplate\":\"https:\/\/www.tentickle.ch\/?s={search_term_string}\"},\"query-input\":{\"@type\":\"PropertyValueSpecification\",\"valueRequired\":true,\"valueName\":\"search_term_string\"}}],\"inLanguage\":\"fr-FR\"},{\"@type\":\"Organization\",\"@id\":\"https:\/\/www.tentickle.ch\/#organization\",\"name\":\"Tentickle\",\"url\":\"https:\/\/www.tentickle.ch\/\",\"logo\":{\"@type\":\"ImageObject\",\"inLanguage\":\"fr-FR\",\"@id\":\"https:\/\/www.tentickle.ch\/#\/schema\/logo\/image\/\",\"url\":\"https:\/\/www.tentickle.ch\/wp-content\/uploads\/2018\/10\/TentickleLogoTransparentohneCanopies-web.png\",\"contentUrl\":\"https:\/\/www.tentickle.ch\/wp-content\/uploads\/2018\/10\/TentickleLogoTransparentohneCanopies-web.png\",\"width\":1000,\"height\":294,\"caption\":\"Tentickle\"},\"image\":{\"@id\":\"https:\/\/www.tentickle.ch\/#\/schema\/logo\/image\/\"},\"sameAs\":[\"https:\/\/www.facebook.com\/CreativeTents\/\",\"https:\/\/www.instagram.com\/tentickle.switzerland\"]}]}<\/script>\n<!-- \/ Yoast SEO plugin. -->","yoast_head_json":{"title":"IMPRESSUM - Tentickle","robots":{"index":"index","follow":"follow","max-snippet":"max-snippet:-1","max-image-preview":"max-image-preview:large","max-video-preview":"max-video-preview:-1"},"canonical":"https:\/\/www.tentickle.ch\/impressum\/","og_locale":"fr_FR","og_type":"article","og_title":"IMPRESSUM - Tentickle","og_description":"[vc_row css_animation=\u00a0\u00bb\u00a0\u00bb row_type=\u00a0\u00bbrow\u00a0\u00bb use_row_as_full_screen_section=\u00a0\u00bbno\u00a0\u00bb type=\u00a0\u00bbfull_width\u00a0\u00bb angled_section=\u00a0\u00bbno\u00a0\u00bb text_align=\u00a0\u00bbleft\u00a0\u00bb background_image_as_pattern=\u00a0\u00bbwithout_pattern\u00a0\u00bb][vc_column][vc_column_text] Impressum [vc_separator type=\u00a0\u00bbtransparent\u00a0\u00bb position=\u00a0\u00bbcenter\u00a0\u00bb thickness=\u00a0\u00bb0&Prime; up=\u00a0\u00bb50&Prime; down=\u00a0\u00bb50&Prime;] Tentickle Schweiz AG Stadelmatt 1 6331 H\u00fcnenberg Schweiz [vc_separator type=\u00a0\u00bbtransparent\u00a0\u00bb position=\u00a0\u00bbcenter\u00a0\u00bb thickness=\u00a0\u00bb0&Prime; up=\u00a0\u00bb10&Prime; down=\u00a0\u00bb10&Prime;] talkto@tentickle.ch 044 508 53 03 [vc_separator type=\u00a0\u00bbtransparent\u00a0\u00bb position=\u00a0\u00bbcenter\u00a0\u00bb thickness=\u00a0\u00bb0&Prime; up=\u00a0\u00bb10&Prime; down=\u00a0\u00bb10&Prime;] copyright\u00a9 2022 Tentickle Schweiz AG...","og_url":"https:\/\/www.tentickle.ch\/impressum\/","og_site_name":"Tentickle","article_publisher":"https:\/\/www.facebook.com\/CreativeTents\/","article_modified_time":"2022-03-10T12:42:08+00:00","twitter_card":"summary_large_image","twitter_misc":{"Dur\u00e9e de lecture estim\u00e9e":"1 minute"},"schema":{"@context":"https:\/\/schema.org","@graph":[{"@type":"WebPage","@id":"https:\/\/www.tentickle.ch\/impressum\/","url":"https:\/\/www.tentickle.ch\/impressum\/","name":"IMPRESSUM - Tentickle","isPartOf":{"@id":"https:\/\/www.tentickle.ch\/#website"},"datePublished":"2018-10-15T13:21:26+00:00","dateModified":"2022-03-10T12:42:08+00:00","breadcrumb":{"@id":"https:\/\/www.tentickle.ch\/impressum\/#breadcrumb"},"inLanguage":"fr-FR","potentialAction":[{"@type":"ReadAction","target":["https:\/\/www.tentickle.ch\/impressum\/"]}]},{"@type":"BreadcrumbList","@id":"https:\/\/www.tentickle.ch\/impressum\/#breadcrumb","itemListElement":[{"@type":"ListItem","position":1,"name":"Home","item":"https:\/\/www.tentickle.ch\/fr\/"},{"@type":"ListItem","position":2,"name":"IMPRESSUM"}]},{"@type":"WebSite","@id":"https:\/\/www.tentickle.ch\/#website","url":"https:\/\/www.tentickle.ch\/","name":"Tentickle Schweiz","description":"Stilvolle Zelte f\u00fcr Feste und Anl\u00e4sse","publisher":{"@id":"https:\/\/www.tentickle.ch\/#organization"},"potentialAction":[{"@type":"SearchAction","target":{"@type":"EntryPoint","urlTemplate":"https:\/\/www.tentickle.ch\/?s={search_term_string}"},"query-input":{"@type":"PropertyValueSpecification","valueRequired":true,"valueName":"search_term_string"}}],"inLanguage":"fr-FR"},{"@type":"Organization","@id":"https:\/\/www.tentickle.ch\/#organization","name":"Tentickle","url":"https:\/\/www.tentickle.ch\/","logo":{"@type":"ImageObject","inLanguage":"fr-FR","@id":"https:\/\/www.tentickle.ch\/#\/schema\/logo\/image\/","url":"https:\/\/www.tentickle.ch\/wp-content\/uploads\/2018\/10\/TentickleLogoTransparentohneCanopies-web.png","contentUrl":"https:\/\/www.tentickle.ch\/wp-content\/uploads\/2018\/10\/TentickleLogoTransparentohneCanopies-web.png","width":1000,"height":294,"caption":"Tentickle"},"image":{"@id":"https:\/\/www.tentickle.ch\/#\/schema\/logo\/image\/"},"sameAs":["https:\/\/www.facebook.com\/CreativeTents\/","https:\/\/www.instagram.com\/tentickle.switzerland"]}]}},"_links":{"self":[{"href":"https:\/\/www.tentickle.ch\/fr\/wp-json\/wp\/v2\/pages\/16642","targetHints":{"allow":["GET"]}}],"collection":[{"href":"https:\/\/www.tentickle.ch\/fr\/wp-json\/wp\/v2\/pages"}],"about":[{"href":"https:\/\/www.tentickle.ch\/fr\/wp-json\/wp\/v2\/types\/page"}],"author":[{"embeddable":true,"href":"https:\/\/www.tentickle.ch\/fr\/wp-json\/wp\/v2\/users\/1"}],"replies":[{"embeddable":true,"href":"https:\/\/www.tentickle.ch\/fr\/wp-json\/wp\/v2\/comments?post=16642"}],"version-history":[{"count":2,"href":"https:\/\/www.tentickle.ch\/fr\/wp-json\/wp\/v2\/pages\/16642\/revisions"}],"predecessor-version":[{"id":16693,"href":"https:\/\/www.tentickle.ch\/fr\/wp-json\/wp\/v2\/pages\/16642\/revisions\/16693"}],"wp:attachment":[{"href":"https:\/\/www.tentickle.ch\/fr\/wp-json\/wp\/v2\/media?parent=16642"}],"curies":[{"name":"wp","href":"https:\/\/api.w.org\/{rel}","templated":true}]}}