{"id":16620,"date":"2018-10-22T11:50:27","date_gmt":"2018-10-22T09:50:27","guid":{"rendered":"https:\/\/www.tentickle.ch\/particularites-de-la-tente\/tente-fixe\/"},"modified":"2022-02-16T18:36:21","modified_gmt":"2022-02-16T17:36:21","slug":"tente-fixe","status":"publish","type":"page","link":"https:\/\/www.tentickle.ch\/fr\/particularites-de-la-tente\/tente-fixe\/","title":{"rendered":"TENTE FIXE"},"content":{"rendered":"<p>[vc_row css_animation=\u00a0\u00bb\u00a0\u00bb row_type=\u00a0\u00bbrow\u00a0\u00bb use_row_as_full_screen_section=\u00a0\u00bbno\u00a0\u00bb type=\u00a0\u00bbgrid\u00a0\u00bb angled_section=\u00a0\u00bbno\u00a0\u00bb text_align=\u00a0\u00bbleft\u00a0\u00bb background_image_as_pattern=\u00a0\u00bbwithout_pattern\u00a0\u00bb z_index=\u00a0\u00bb\u00a0\u00bb][vc_column][vc_column_text][vc_separator type=\u00a0\u00bbtransparent\u00a0\u00bb position=\u00a0\u00bbcenter\u00a0\u00bb thickness=\u00a0\u00bb0&Prime; up=\u00a0\u00bb50&Prime; down=\u00a0\u00bb50&Prime;]<\/p>\n<h1>Chapiteaux \u00e9v\u00e8nementiels<\/h1>\n<p>[vc_separator type=\u00a0\u00bbtransparent\u00a0\u00bb position=\u00a0\u00bbcenter\u00a0\u00bb thickness=\u00a0\u00bb0&Prime; up=\u00a0\u00bb50&Prime; down=\u00a0\u00bb50&Prime;][\/vc_column_text][\/vc_column][\/vc_row]<\/p>\n<p>[vc_row css_animation=\u00a0\u00bb\u00a0\u00bb row_type=\u00a0\u00bbrow\u00a0\u00bb use_row_as_full_screen_section=\u00a0\u00bbno\u00a0\u00bb type=\u00a0\u00bbgrid\u00a0\u00bb angled_section=\u00a0\u00bbno\u00a0\u00bb text_align=\u00a0\u00bbleft\u00a0\u00bb background_image_as_pattern=\u00a0\u00bbwithout_pattern\u00a0\u00bb z_index=\u00a0\u00bb\u00a0\u00bb][vc_column width=\u00a0\u00bb1\/2&Prime;][vc_column_text]Une f\u00eate, une c\u00e9l\u00e9bration, une soir\u00e9e, un concert, une r\u00e9union extraordinaire ou une pr\u00e9sentation marquent des moments uniques dans nos vies. Ils sont comme des piliers qui servent de points de d\u00e9part et d&rsquo;arriv\u00e9e pour de nouvelles \u00e9tapes de la vie. Ces \u00e9v\u00e9nements ont souvent lieu en plein air et c&rsquo;est pourquoi nous voulons tous offrir \u00e0 nos invit\u00e9s une protection contre le soleil et la pluie avec une magnifique tente de r\u00e9ception. Chez nous, vous pouvez louer ou acheter les plus beaux chapiteaux et tentes de r\u00e9ception.<\/p>\n<p>[\/vc_column_text][\/vc_column][vc_column width=\u00a0\u00bb1\/4&Prime;][vc_column_text]<a href=\"https:\/\/tentickle.ch\/wp-content\/uploads\/2018\/11\/160910_1158_m.jpg\"><img loading=\"lazy\" decoding=\"async\" class=\"alignnone wp-image-15138 size-large\" src=\"https:\/\/tentickle.ch\/wp-content\/uploads\/2018\/11\/160910_1158_m-1024x681.jpg\" alt=\"Un chapiteau pour les h\u00f4tes et les invit\u00e9s exigeants. Les tentes extensibles de Tentickle !\" width=\"1024\" height=\"681\" srcset=\"https:\/\/www.tentickle.ch\/wp-content\/uploads\/2018\/11\/160910_1158_m-1024x681.jpg 1024w, https:\/\/www.tentickle.ch\/wp-content\/uploads\/2018\/11\/160910_1158_m-300x200.jpg 300w, https:\/\/www.tentickle.ch\/wp-content\/uploads\/2018\/11\/160910_1158_m-768x511.jpg 768w, https:\/\/www.tentickle.ch\/wp-content\/uploads\/2018\/11\/160910_1158_m-700x466.jpg 700w, https:\/\/www.tentickle.ch\/wp-content\/uploads\/2018\/11\/160910_1158_m.jpg 1200w\" sizes=\"auto, (max-width: 1024px) 100vw, 1024px\" \/><\/a><\/p>\n<p>[\/vc_column_text][\/vc_column][vc_column width=\u00a0\u00bb1\/4&Prime;][vc_column_text]<\/p>\n<p><a href=\"https:\/\/tentickle.ch\/wp-content\/uploads\/2018\/11\/160909_0866_m-1.jpg\"><img loading=\"lazy\" decoding=\"async\" class=\"alignnone wp-image-16113 size-large\" src=\"https:\/\/www.tentickle.ch\/wp-content\/uploads\/2018\/11\/160909_0866_m-1-1024x681.jpg\" alt=\"Un chapiteau pour les h\u00f4tes et les invit\u00e9s exigeants. Les tentes extensibles de Tentickle !\" width=\"1024\" height=\"681\" srcset=\"https:\/\/www.tentickle.ch\/wp-content\/uploads\/2018\/11\/160909_0866_m-1-1024x681.jpg 1024w, https:\/\/www.tentickle.ch\/wp-content\/uploads\/2018\/11\/160909_0866_m-1-300x200.jpg 300w, https:\/\/www.tentickle.ch\/wp-content\/uploads\/2018\/11\/160909_0866_m-1-768x511.jpg 768w, https:\/\/www.tentickle.ch\/wp-content\/uploads\/2018\/11\/160909_0866_m-1-700x466.jpg 700w, https:\/\/www.tentickle.ch\/wp-content\/uploads\/2018\/11\/160909_0866_m-1.jpg 1200w\" sizes=\"auto, (max-width: 1024px) 100vw, 1024px\" \/><\/a>[\/vc_column_text][\/vc_column][\/vc_row]<\/p>\n<p>[vc_row css_animation=\u00a0\u00bb\u00a0\u00bb row_type=\u00a0\u00bbrow\u00a0\u00bb use_row_as_full_screen_section=\u00a0\u00bbno\u00a0\u00bb type=\u00a0\u00bbgrid\u00a0\u00bb angled_section=\u00a0\u00bbno\u00a0\u00bb text_align=\u00a0\u00bbleft\u00a0\u00bb background_image_as_pattern=\u00a0\u00bbwithout_pattern\u00a0\u00bb z_index=\u00a0\u00bb\u00a0\u00bb][vc_column]<blockquote class=' with_quote_icon' style=''><i class='fa fa-quote-right' style=''><\/i><h5 class='blockquote-text' style=''>Les tentes extensibles de Tentickle fonctionnent partout<\/h5><\/blockquote>[\/vc_column][\/vc_row]<\/p>\n<p>[vc_row css_animation=\u00a0\u00bb\u00a0\u00bb row_type=\u00a0\u00bbrow\u00a0\u00bb use_row_as_full_screen_section=\u00a0\u00bbno\u00a0\u00bb type=\u00a0\u00bbgrid\u00a0\u00bb angled_section=\u00a0\u00bbno\u00a0\u00bb text_align=\u00a0\u00bbleft\u00a0\u00bb background_image_as_pattern=\u00a0\u00bbwithout_pattern\u00a0\u00bb z_index=\u00a0\u00bb\u00a0\u00bb][vc_column width=\u00a0\u00bb1\/4&Prime;][vc_column_text]<a href=\"https:\/\/tentickle.ch\/wp-content\/uploads\/2018\/11\/P1020844.jpg\"><img loading=\"lazy\" decoding=\"async\" class=\"alignnone wp-image-16128 size-large\" src=\"https:\/\/www.tentickle.ch\/wp-content\/uploads\/2018\/11\/P1020844-1024x576.jpg\" alt=\"Un chapiteau pour les h\u00f4tes et les invit\u00e9s exigeants. Tentickle !\" width=\"1024\" height=\"576\" srcset=\"https:\/\/www.tentickle.ch\/wp-content\/uploads\/2018\/11\/P1020844-1024x576.jpg 1024w, https:\/\/www.tentickle.ch\/wp-content\/uploads\/2018\/11\/P1020844-300x169.jpg 300w, https:\/\/www.tentickle.ch\/wp-content\/uploads\/2018\/11\/P1020844-768x432.jpg 768w, https:\/\/www.tentickle.ch\/wp-content\/uploads\/2018\/11\/P1020844-700x394.jpg 700w, https:\/\/www.tentickle.ch\/wp-content\/uploads\/2018\/11\/P1020844-539x303.jpg 539w\" sizes=\"auto, (max-width: 1024px) 100vw, 1024px\" \/><\/a><\/p>\n<p>[\/vc_column_text][\/vc_column][vc_column width=\u00a0\u00bb1\/4&Prime;][vc_column_text]<\/p>\n<p><a href=\"https:\/\/tentickle.ch\/wp-content\/uploads\/2018\/11\/P1010924.jpg\"><img loading=\"lazy\" decoding=\"async\" class=\"alignnone wp-image-16125 size-large\" src=\"https:\/\/www.tentickle.ch\/wp-content\/uploads\/2018\/11\/P1010924-1024x576.jpg\" alt=\"Un chapiteau pour les h\u00f4tes et les invit\u00e9s exigeants. Les tentes extensibles de Tentickle !\" width=\"1024\" height=\"576\" srcset=\"https:\/\/www.tentickle.ch\/wp-content\/uploads\/2018\/11\/P1010924-1024x576.jpg 1024w, https:\/\/www.tentickle.ch\/wp-content\/uploads\/2018\/11\/P1010924-300x169.jpg 300w, https:\/\/www.tentickle.ch\/wp-content\/uploads\/2018\/11\/P1010924-768x432.jpg 768w, https:\/\/www.tentickle.ch\/wp-content\/uploads\/2018\/11\/P1010924-700x394.jpg 700w, https:\/\/www.tentickle.ch\/wp-content\/uploads\/2018\/11\/P1010924-539x303.jpg 539w\" sizes=\"auto, (max-width: 1024px) 100vw, 1024px\" \/><\/a>[\/vc_column_text][\/vc_column][vc_column width=\u00a0\u00bb1\/2&Prime;][vc_column_text]<\/p>\n<p>Mais \u00e0 quoi ressemble un chapiteau ? Les tentes \u00e0 cadre rectangulaire en forme de maison ou les tentes pavillon en plastique brillant lourd et les tentes de cirque du m\u00eame mat\u00e9riau dominent nos festivit\u00e9s depuis des d\u00e9cennies. Ils offrent certes une protection, mais pas d&rsquo;atmosph\u00e8re. Ils remplissent leur fonction mais ne nous remplissent pas de joie. Les chapiteaux sont-ils aussi beaux que les \u00e9v\u00e9nements et les souvenirs qu&rsquo;ils abritent ?<\/p>\n<p>Pour nous, il est important que nos tentes soutiennent positivement l&rsquo;exp\u00e9rience qui s&rsquo;y d\u00e9roule. Les chapiteaux, en location ou \u00e0 l&rsquo;achat, doivent \u00eatre beaux et esth\u00e9tiques. Comme tente de sc\u00e8ne pour les groupes ou les DJ, comme hall de tente pour la restauration, comme voile solaire, pour les chill out, comme tente de mariage ou pour couvrir des pistes de danse : les tentes extensibles de Tentickle fonctionnent partout. Elles sont belles, modernes, flexibles et r\u00e9sistent au vent comme aucune autre tente.[\/vc_column_text][\/vc_column][\/vc_row]<\/p>\n<p>[vc_separator type=\u00a0\u00bbtransparent\u00a0\u00bb position=\u00a0\u00bbcenter\u00a0\u00bb thickness=\u00a0\u00bb0&Prime; up=\u00a0\u00bb50&Prime; down=\u00a0\u00bb50&Prime;]<\/p>\n","protected":false},"excerpt":{"rendered":"<p>[vc_row css_animation=\u00a0\u00bb\u00a0\u00bb row_type=\u00a0\u00bbrow\u00a0\u00bb use_row_as_full_screen_section=\u00a0\u00bbno\u00a0\u00bb type=\u00a0\u00bbgrid\u00a0\u00bb angled_section=\u00a0\u00bbno\u00a0\u00bb text_align=\u00a0\u00bbleft\u00a0\u00bb background_image_as_pattern=\u00a0\u00bbwithout_pattern\u00a0\u00bb z_index=\u00a0\u00bb\u00a0\u00bb][vc_column][vc_column_text][vc_separator type=\u00a0\u00bbtransparent\u00a0\u00bb position=\u00a0\u00bbcenter\u00a0\u00bb thickness=\u00a0\u00bb0&Prime; up=\u00a0\u00bb50&Prime; down=\u00a0\u00bb50&Prime;] Chapiteaux \u00e9v\u00e8nementiels [vc_separator type=\u00a0\u00bbtransparent\u00a0\u00bb position=\u00a0\u00bbcenter\u00a0\u00bb thickness=\u00a0\u00bb0&Prime; up=\u00a0\u00bb50&Prime; down=\u00a0\u00bb50&Prime;][\/vc_column_text][\/vc_column][\/vc_row] [vc_row css_animation=\u00a0\u00bb\u00a0\u00bb row_type=\u00a0\u00bbrow\u00a0\u00bb use_row_as_full_screen_section=\u00a0\u00bbno\u00a0\u00bb type=\u00a0\u00bbgrid\u00a0\u00bb angled_section=\u00a0\u00bbno\u00a0\u00bb text_align=\u00a0\u00bbleft\u00a0\u00bb background_image_as_pattern=\u00a0\u00bbwithout_pattern\u00a0\u00bb z_index=\u00a0\u00bb\u00a0\u00bb][vc_column width=\u00a0\u00bb1\/2&Prime;][vc_column_text]Une f\u00eate, une c\u00e9l\u00e9bration, une soir\u00e9e, un concert, une r\u00e9union extraordinaire ou une pr\u00e9sentation&#8230;<\/p>\n","protected":false},"author":1,"featured_media":0,"parent":16548,"menu_order":0,"comment_status":"closed","ping_status":"closed","template":"full_width.php","meta":{"footnotes":""},"class_list":["post-16620","page","type-page","status-publish","hentry"],"yoast_head":"<!-- This site is optimized with the Yoast SEO plugin v27.0 - https:\/\/yoast.com\/product\/yoast-seo-wordpress\/ -->\n<title>Les superlatifs des chapiteaux. Tentes extensibles de Tentickle.<\/title>\n<meta name=\"description\" content=\"Un chapiteau de Tentickle fait de l&#039;ombre \u00e0 tous les autres chapiteaux, litt\u00e9ralement. Esth\u00e9tique, r\u00e9sistant au vent, styl\u00e9, atmosph\u00e9rique.\" \/>\n<meta name=\"robots\" content=\"index, follow, max-snippet:-1, max-image-preview:large, max-video-preview:-1\" \/>\n<link rel=\"canonical\" href=\"https:\/\/www.tentickle.ch\/stretchzelt\/festzelte\/\" \/>\n<meta property=\"og:locale\" content=\"fr_FR\" \/>\n<meta property=\"og:type\" content=\"article\" \/>\n<meta property=\"og:title\" content=\"Les superlatifs des chapiteaux. Tentes extensibles de Tentickle.\" \/>\n<meta property=\"og:description\" content=\"Un chapiteau de Tentickle fait de l&#039;ombre \u00e0 tous les autres chapiteaux, litt\u00e9ralement. Esth\u00e9tique, r\u00e9sistant au vent, styl\u00e9, atmosph\u00e9rique.\" \/>\n<meta property=\"og:url\" content=\"https:\/\/www.tentickle.ch\/stretchzelt\/festzelte\/\" \/>\n<meta property=\"og:site_name\" content=\"Tentickle\" \/>\n<meta property=\"article:publisher\" content=\"https:\/\/www.facebook.com\/CreativeTents\/\" \/>\n<meta property=\"article:modified_time\" content=\"2022-02-16T17:36:21+00:00\" \/>\n<meta property=\"og:image\" content=\"https:\/\/www.tentickle.ch\/wp-content\/uploads\/2018\/11\/160910_1158_m.jpg\" \/>\n\t<meta property=\"og:image:width\" content=\"1200\" \/>\n\t<meta property=\"og:image:height\" content=\"798\" \/>\n\t<meta property=\"og:image:type\" content=\"image\/jpeg\" \/>\n<meta name=\"twitter:card\" content=\"summary_large_image\" \/>\n<meta name=\"twitter:label1\" content=\"Dur\u00e9e de lecture estim\u00e9e\" \/>\n\t<meta name=\"twitter:data1\" content=\"3 minutes\" \/>\n<script type=\"application\/ld+json\" class=\"yoast-schema-graph\">{\"@context\":\"https:\/\/schema.org\",\"@graph\":[{\"@type\":\"WebPage\",\"@id\":\"https:\/\/www.tentickle.ch\/stretchzelt\/festzelte\/\",\"url\":\"https:\/\/www.tentickle.ch\/stretchzelt\/festzelte\/\",\"name\":\"Les superlatifs des chapiteaux. Tentes extensibles de Tentickle.\",\"isPartOf\":{\"@id\":\"https:\/\/www.tentickle.ch\/#website\"},\"primaryImageOfPage\":{\"@id\":\"https:\/\/www.tentickle.ch\/stretchzelt\/festzelte\/#primaryimage\"},\"image\":{\"@id\":\"https:\/\/www.tentickle.ch\/stretchzelt\/festzelte\/#primaryimage\"},\"thumbnailUrl\":\"https:\/\/tentickle.ch\/wp-content\/uploads\/2018\/11\/160910_1158_m-1024x681.jpg\",\"datePublished\":\"2018-10-22T09:50:27+00:00\",\"dateModified\":\"2022-02-16T17:36:21+00:00\",\"description\":\"Un chapiteau de Tentickle fait de l'ombre \u00e0 tous les autres chapiteaux, litt\u00e9ralement. Esth\u00e9tique, r\u00e9sistant au vent, styl\u00e9, atmosph\u00e9rique.\",\"breadcrumb\":{\"@id\":\"https:\/\/www.tentickle.ch\/stretchzelt\/festzelte\/#breadcrumb\"},\"inLanguage\":\"fr-FR\",\"potentialAction\":[{\"@type\":\"ReadAction\",\"target\":[\"https:\/\/www.tentickle.ch\/stretchzelt\/festzelte\/\"]}]},{\"@type\":\"ImageObject\",\"inLanguage\":\"fr-FR\",\"@id\":\"https:\/\/www.tentickle.ch\/stretchzelt\/festzelte\/#primaryimage\",\"url\":\"https:\/\/tentickle.ch\/wp-content\/uploads\/2018\/11\/160910_1158_m-1024x681.jpg\",\"contentUrl\":\"https:\/\/tentickle.ch\/wp-content\/uploads\/2018\/11\/160910_1158_m-1024x681.jpg\"},{\"@type\":\"BreadcrumbList\",\"@id\":\"https:\/\/www.tentickle.ch\/stretchzelt\/festzelte\/#breadcrumb\",\"itemListElement\":[{\"@type\":\"ListItem\",\"position\":1,\"name\":\"Home\",\"item\":\"https:\/\/www.tentickle.ch\/fr\/\"},{\"@type\":\"ListItem\",\"position\":2,\"name\":\"PARTICULARIT\u00c9S DE LA TENTE\",\"item\":\"https:\/\/www.tentickle.ch\/stretchzelt\/\"},{\"@type\":\"ListItem\",\"position\":3,\"name\":\"TENTE FIXE\"}]},{\"@type\":\"WebSite\",\"@id\":\"https:\/\/www.tentickle.ch\/#website\",\"url\":\"https:\/\/www.tentickle.ch\/\",\"name\":\"Tentickle Schweiz\",\"description\":\"Stilvolle Zelte f\u00fcr Feste und Anl\u00e4sse\",\"publisher\":{\"@id\":\"https:\/\/www.tentickle.ch\/#organization\"},\"potentialAction\":[{\"@type\":\"SearchAction\",\"target\":{\"@type\":\"EntryPoint\",\"urlTemplate\":\"https:\/\/www.tentickle.ch\/?s={search_term_string}\"},\"query-input\":{\"@type\":\"PropertyValueSpecification\",\"valueRequired\":true,\"valueName\":\"search_term_string\"}}],\"inLanguage\":\"fr-FR\"},{\"@type\":\"Organization\",\"@id\":\"https:\/\/www.tentickle.ch\/#organization\",\"name\":\"Tentickle\",\"url\":\"https:\/\/www.tentickle.ch\/\",\"logo\":{\"@type\":\"ImageObject\",\"inLanguage\":\"fr-FR\",\"@id\":\"https:\/\/www.tentickle.ch\/#\/schema\/logo\/image\/\",\"url\":\"https:\/\/www.tentickle.ch\/wp-content\/uploads\/2018\/10\/TentickleLogoTransparentohneCanopies-web.png\",\"contentUrl\":\"https:\/\/www.tentickle.ch\/wp-content\/uploads\/2018\/10\/TentickleLogoTransparentohneCanopies-web.png\",\"width\":1000,\"height\":294,\"caption\":\"Tentickle\"},\"image\":{\"@id\":\"https:\/\/www.tentickle.ch\/#\/schema\/logo\/image\/\"},\"sameAs\":[\"https:\/\/www.facebook.com\/CreativeTents\/\",\"https:\/\/www.instagram.com\/tentickle.switzerland\"]}]}<\/script>\n<!-- \/ Yoast SEO plugin. -->","yoast_head_json":{"title":"Les superlatifs des chapiteaux. Tentes extensibles de Tentickle.","description":"Un chapiteau de Tentickle fait de l'ombre \u00e0 tous les autres chapiteaux, litt\u00e9ralement. Esth\u00e9tique, r\u00e9sistant au vent, styl\u00e9, atmosph\u00e9rique.","robots":{"index":"index","follow":"follow","max-snippet":"max-snippet:-1","max-image-preview":"max-image-preview:large","max-video-preview":"max-video-preview:-1"},"canonical":"https:\/\/www.tentickle.ch\/stretchzelt\/festzelte\/","og_locale":"fr_FR","og_type":"article","og_title":"Les superlatifs des chapiteaux. Tentes extensibles de Tentickle.","og_description":"Un chapiteau de Tentickle fait de l'ombre \u00e0 tous les autres chapiteaux, litt\u00e9ralement. Esth\u00e9tique, r\u00e9sistant au vent, styl\u00e9, atmosph\u00e9rique.","og_url":"https:\/\/www.tentickle.ch\/stretchzelt\/festzelte\/","og_site_name":"Tentickle","article_publisher":"https:\/\/www.facebook.com\/CreativeTents\/","article_modified_time":"2022-02-16T17:36:21+00:00","og_image":[{"width":1200,"height":798,"url":"https:\/\/www.tentickle.ch\/wp-content\/uploads\/2018\/11\/160910_1158_m.jpg","type":"image\/jpeg"}],"twitter_card":"summary_large_image","twitter_misc":{"Dur\u00e9e de lecture estim\u00e9e":"3 minutes"},"schema":{"@context":"https:\/\/schema.org","@graph":[{"@type":"WebPage","@id":"https:\/\/www.tentickle.ch\/stretchzelt\/festzelte\/","url":"https:\/\/www.tentickle.ch\/stretchzelt\/festzelte\/","name":"Les superlatifs des chapiteaux. Tentes extensibles de Tentickle.","isPartOf":{"@id":"https:\/\/www.tentickle.ch\/#website"},"primaryImageOfPage":{"@id":"https:\/\/www.tentickle.ch\/stretchzelt\/festzelte\/#primaryimage"},"image":{"@id":"https:\/\/www.tentickle.ch\/stretchzelt\/festzelte\/#primaryimage"},"thumbnailUrl":"https:\/\/tentickle.ch\/wp-content\/uploads\/2018\/11\/160910_1158_m-1024x681.jpg","datePublished":"2018-10-22T09:50:27+00:00","dateModified":"2022-02-16T17:36:21+00:00","description":"Un chapiteau de Tentickle fait de l'ombre \u00e0 tous les autres chapiteaux, litt\u00e9ralement. Esth\u00e9tique, r\u00e9sistant au vent, styl\u00e9, atmosph\u00e9rique.","breadcrumb":{"@id":"https:\/\/www.tentickle.ch\/stretchzelt\/festzelte\/#breadcrumb"},"inLanguage":"fr-FR","potentialAction":[{"@type":"ReadAction","target":["https:\/\/www.tentickle.ch\/stretchzelt\/festzelte\/"]}]},{"@type":"ImageObject","inLanguage":"fr-FR","@id":"https:\/\/www.tentickle.ch\/stretchzelt\/festzelte\/#primaryimage","url":"https:\/\/tentickle.ch\/wp-content\/uploads\/2018\/11\/160910_1158_m-1024x681.jpg","contentUrl":"https:\/\/tentickle.ch\/wp-content\/uploads\/2018\/11\/160910_1158_m-1024x681.jpg"},{"@type":"BreadcrumbList","@id":"https:\/\/www.tentickle.ch\/stretchzelt\/festzelte\/#breadcrumb","itemListElement":[{"@type":"ListItem","position":1,"name":"Home","item":"https:\/\/www.tentickle.ch\/fr\/"},{"@type":"ListItem","position":2,"name":"PARTICULARIT\u00c9S DE LA TENTE","item":"https:\/\/www.tentickle.ch\/stretchzelt\/"},{"@type":"ListItem","position":3,"name":"TENTE FIXE"}]},{"@type":"WebSite","@id":"https:\/\/www.tentickle.ch\/#website","url":"https:\/\/www.tentickle.ch\/","name":"Tentickle Schweiz","description":"Stilvolle Zelte f\u00fcr Feste und Anl\u00e4sse","publisher":{"@id":"https:\/\/www.tentickle.ch\/#organization"},"potentialAction":[{"@type":"SearchAction","target":{"@type":"EntryPoint","urlTemplate":"https:\/\/www.tentickle.ch\/?s={search_term_string}"},"query-input":{"@type":"PropertyValueSpecification","valueRequired":true,"valueName":"search_term_string"}}],"inLanguage":"fr-FR"},{"@type":"Organization","@id":"https:\/\/www.tentickle.ch\/#organization","name":"Tentickle","url":"https:\/\/www.tentickle.ch\/","logo":{"@type":"ImageObject","inLanguage":"fr-FR","@id":"https:\/\/www.tentickle.ch\/#\/schema\/logo\/image\/","url":"https:\/\/www.tentickle.ch\/wp-content\/uploads\/2018\/10\/TentickleLogoTransparentohneCanopies-web.png","contentUrl":"https:\/\/www.tentickle.ch\/wp-content\/uploads\/2018\/10\/TentickleLogoTransparentohneCanopies-web.png","width":1000,"height":294,"caption":"Tentickle"},"image":{"@id":"https:\/\/www.tentickle.ch\/#\/schema\/logo\/image\/"},"sameAs":["https:\/\/www.facebook.com\/CreativeTents\/","https:\/\/www.instagram.com\/tentickle.switzerland"]}]}},"_links":{"self":[{"href":"https:\/\/www.tentickle.ch\/fr\/wp-json\/wp\/v2\/pages\/16620","targetHints":{"allow":["GET"]}}],"collection":[{"href":"https:\/\/www.tentickle.ch\/fr\/wp-json\/wp\/v2\/pages"}],"about":[{"href":"https:\/\/www.tentickle.ch\/fr\/wp-json\/wp\/v2\/types\/page"}],"author":[{"embeddable":true,"href":"https:\/\/www.tentickle.ch\/fr\/wp-json\/wp\/v2\/users\/1"}],"replies":[{"embeddable":true,"href":"https:\/\/www.tentickle.ch\/fr\/wp-json\/wp\/v2\/comments?post=16620"}],"version-history":[{"count":2,"href":"https:\/\/www.tentickle.ch\/fr\/wp-json\/wp\/v2\/pages\/16620\/revisions"}],"predecessor-version":[{"id":16622,"href":"https:\/\/www.tentickle.ch\/fr\/wp-json\/wp\/v2\/pages\/16620\/revisions\/16622"}],"up":[{"embeddable":true,"href":"https:\/\/www.tentickle.ch\/fr\/wp-json\/wp\/v2\/pages\/16548"}],"wp:attachment":[{"href":"https:\/\/www.tentickle.ch\/fr\/wp-json\/wp\/v2\/media?parent=16620"}],"curies":[{"name":"wp","href":"https:\/\/api.w.org\/{rel}","templated":true}]}}