{"id":16608,"date":"2018-10-22T11:21:46","date_gmt":"2018-10-22T09:21:46","guid":{"rendered":"https:\/\/www.tentickle.ch\/agb\/"},"modified":"2023-05-28T13:17:51","modified_gmt":"2023-05-28T11:17:51","slug":"conditions-generales","status":"publish","type":"page","link":"https:\/\/www.tentickle.ch\/fr\/conditions-generales\/","title":{"rendered":"conditions g\u00e9n\u00e9rales"},"content":{"rendered":"<div class=\"page\" title=\"Page 1\">\n<div class=\"section\">\n<div class=\"layoutArea\">\n<div class=\"column\">\n<h1>Conditions g\u00e9n\u00e9rales de vente Loyer<\/h1>\n<p>[vc_separator type=\u00a0\u00bbtransparent\u00a0\u00bb position=\u00a0\u00bbcenter\u00a0\u00bb thickness=\u00a0\u00bb0&Prime; up=\u00a0\u00bb50&Prime; down=\u00a0\u00bb50&Prime;]<\/p>\n<h3>Objet de la location<\/h3>\n<p>L&rsquo;objet de la location est chaque fois les objets mentionn\u00e9s sur le bon de livraison \/ l&rsquo;offre, y compris les accessoires. Le locataire est tenu de contr\u00f4ler l&rsquo;objet lou\u00e9 lors de la remise et de faire valoir imm\u00e9diatement les d\u00e9fauts, faute de quoi l&rsquo;objet lou\u00e9 est consid\u00e9r\u00e9 comme \u00e9tant en parfait \u00e9tat.<\/p>\n<p>[vc_separator type=\u00a0\u00bbtransparent\u00a0\u00bb position=\u00a0\u00bbcenter\u00a0\u00bb thickness=\u00a0\u00bb0&Prime; up=\u00a0\u00bb10&Prime; down=\u00a0\u00bb10&Prime;]<\/p>\n<h3>Utilisation de la chose lou\u00e9e<\/h3>\n<p>La chose lou\u00e9e ne peut \u00eatre utilis\u00e9e par le locataire que par un personnel de service appropri\u00e9 et instruit pour l&rsquo;usage pr\u00e9vu et avec le soin requis. Le locataire doit respecter le mode d&#8217;emploi et les consignes de s\u00e9curit\u00e9. La chose lou\u00e9e doit \u00eatre maintenue dans un environnement surveill\u00e9 pendant toute la dur\u00e9e de la location.<\/p>\n<p>[vc_separator type=\u00a0\u00bbtransparent\u00a0\u00bb position=\u00a0\u00bbcenter\u00a0\u00bb thickness=\u00a0\u00bb0&Prime; up=\u00a0\u00bb10&Prime; down=\u00a0\u00bb10&Prime;]<\/p>\n<h3>Propri\u00e9t\u00e9<\/h3>\n<p>La propri\u00e9t\u00e9 de l&rsquo;objet lou\u00e9, y compris les accessoires et le petit mat\u00e9riel, reste \u00e0 Tentickle Suisse SA. Seul le mat\u00e9riel express\u00e9ment d\u00e9sign\u00e9 comme tel est consid\u00e9r\u00e9 comme consommable.<\/p>\n<p>[vc_separator type=\u00a0\u00bbtransparent\u00a0\u00bb position=\u00a0\u00bbcenter\u00a0\u00bb thickness=\u00a0\u00bb0&Prime; up=\u00a0\u00bb10&Prime; down=\u00a0\u00bb10&Prime;]<\/p>\n<h3>Dur\u00e9e de la location<\/h3>\n<p>Sauf convention contraire expresse, la dur\u00e9e de location est calcul\u00e9e en jours et d\u00e9pend de la dur\u00e9e d&rsquo;utilisation convenue. La dur\u00e9e minimale de location est d&rsquo;un jour.<\/p>\n<p>[vc_separator type=\u00a0\u00bbtransparent\u00a0\u00bb position=\u00a0\u00bbcenter\u00a0\u00bb thickness=\u00a0\u00bb0&Prime; up=\u00a0\u00bb10&Prime; down=\u00a0\u00bb10&Prime;]<\/p>\n<h3>Annulation<\/h3>\n<p>En cas d&rsquo;annulation d&rsquo;une location convenue, le locataire est redevable \u00e0 Tentickle Suisse SA d&rsquo;une indemnit\u00e9 sans preuve d&rsquo;un dommage et sous r\u00e9serve de la revendication d&rsquo;un dommage sup\u00e9rieur selon les taux suivants :<\/p>\n<p>Annulation jusqu&rsquo;\u00e0 4 semaines avant le d\u00e9but de la location : 25 % du montant total de la location Annulation jusqu&rsquo;\u00e0 10 jours avant le d\u00e9but de la location : 50 % du montant total de la location Annulation jusqu&rsquo;\u00e0 3 jours avant le d\u00e9but de la location : 75 % du montant total de la location Annulation plus de 3 jours avant le d\u00e9but de la location : 100 % du montant total de la location<\/p>\n<p>[vc_separator type=\u00a0\u00bbtransparent\u00a0\u00bb position=\u00a0\u00bbcenter\u00a0\u00bb thickness=\u00a0\u00bb0&Prime; up=\u00a0\u00bb10&Prime; down=\u00a0\u00bb10&Prime;]<\/p>\n<h3>Personnel \/ Restauration \/ H\u00f4tel<\/h3>\n<p>Les repas du personnel pr\u00e9sent sont \u00e0 la charge du client, au moins 1 repas chaud par jour de production (max. 10 heures) et par collaborateur doit \u00eatre mis \u00e0 disposition ainsi que de l&rsquo;eau min\u00e9rale et du caf\u00e9 selon les besoins. Si des aides de l&rsquo;organisateur sont convenues dans l&rsquo;offre, un montant de SFr. 400 par aide manquante sera factur\u00e9 \u00e0 l&rsquo;organisateur. En outre, dans ce cas, Tentickle Suisse SA ne peut assumer aucune responsabilit\u00e9 quant au respect des horaires. En cas de n\u00e9cessit\u00e9 d&rsquo;h\u00e9bergement, l&rsquo;organisateur doit mettre \u00e0 la disposition de tous les collaborateurs de Tentickle Suisse SA une chambre individuelle dans un h\u00f4tel situ\u00e9 \u00e0 proximit\u00e9. Les frais sont \u00e0 la charge de l&rsquo;organisateur.<\/p>\n<p>[vc_separator type=\u00a0\u00bbtransparent\u00a0\u00bb position=\u00a0\u00bbcenter\u00a0\u00bb thickness=\u00a0\u00bb0&Prime; up=\u00a0\u00bb10&Prime; down=\u00a0\u00bb10&Prime;]<\/p>\n<h3>Concessions, autorisations, etc.<\/h3>\n<p>Le locataire est responsable de l&rsquo;obtention de toutes les autorisations, concessions, droits de licence et autres n\u00e9cessaires et doit assumer toutes les obligations qui en d\u00e9coulent. Si l&rsquo;objet lou\u00e9 est confisqu\u00e9 ou mis en gage en raison d&rsquo;infractions commises par le locataire \u00e0 cet \u00e9gard, le locataire est enti\u00e8rement redevable de dommages et int\u00e9r\u00eats envers Tentickle Suisse SA.<\/p>\n<p>[vc_separator type=\u00a0\u00bbtransparent\u00a0\u00bb position=\u00a0\u00bbcenter\u00a0\u00bb thickness=\u00a0\u00bb0&Prime; up=\u00a0\u00bb10&Prime; down=\u00a0\u00bb10&Prime;]<\/p>\n<h3>Responsabilit\u00e9 du locataire<\/h3>\n<p>Le locataire est responsable de tout dommage ou d\u00e9faut de l&rsquo;objet lou\u00e9 qui n&rsquo;a pas \u00e9t\u00e9 signal\u00e9 lors de la prise en charge. Il est \u00e9galement responsable de la perte ou de la destruction de l&rsquo;objet lou\u00e9. Dans ces cas, le locataire est redevable \u00e0 Tentickle Suisse SA, en plus de l&rsquo;int\u00e9gralit\u00e9 de la valeur de remplacement ou de remise en \u00e9tat, de tout autre dommage subi par Tentickle Suisse SA.<\/p>\n<p>[vc_separator type=\u00a0\u00bbtransparent\u00a0\u00bb position=\u00a0\u00bbcenter\u00a0\u00bb thickness=\u00a0\u00bb0&Prime; up=\u00a0\u00bb10&Prime; down=\u00a0\u00bb10&Prime;]<\/p>\n<h3>R\u00e9paration et entretien<\/h3>\n<p>Le locataire ne peut faire ex\u00e9cuter les \u00e9ventuels travaux d&rsquo;entretien ou de r\u00e9paration n\u00e9cessaires sur la chose lou\u00e9e pendant la dur\u00e9e de la location que par Tentickle Suisse SA ou par une tierce personne d\u00e9sign\u00e9e par celle-ci.<\/p>\n<p>[vc_separator type=\u00a0\u00bbtransparent\u00a0\u00bb position=\u00a0\u00bbcenter\u00a0\u00bb thickness=\u00a0\u00bb0&Prime; up=\u00a0\u00bb10&Prime; down=\u00a0\u00bb10&Prime;]<\/p>\n<\/div>\n<\/div>\n<\/div>\n<\/div>\n<div class=\"page\" title=\"Page 1\">\n<div class=\"section\">\n<div class=\"layoutArea\">\n<div class=\"column\">\n<div class=\"page\" title=\"Page 2\">\n<div class=\"section\">\n<div class=\"layoutArea\">\n<div class=\"column\">\n<h3>Restitution de la chose lou\u00e9e<\/h3>\n<p>La chose lou\u00e9e doit \u00eatre restitu\u00e9e \u00e0 l&rsquo;heure et \u00e0 l&rsquo;endroit convenus. En cas de restitution tardive, le locataire est responsable de chaque jour entam\u00e9 selon les tarifs journaliers convenus pour la location, sans que Tentickle Suisse SA ne doive apporter la preuve d&rsquo;un dommage. Il se r\u00e9serve le droit de faire valoir des dommages d\u00e9passant ce cadre.<\/p>\n<p>[vc_separator type=\u00a0\u00bbtransparent\u00a0\u00bb position=\u00a0\u00bbcenter\u00a0\u00bb thickness=\u00a0\u00bb0&Prime; up=\u00a0\u00bb10&Prime; down=\u00a0\u00bb10&Prime;]<\/p>\n<h3>Objets lou\u00e9s retourn\u00e9s d\u00e9fectueux<\/h3>\n<p>Le locataire est responsable du mat\u00e9riel endommag\u00e9. Tous les objets retourn\u00e9s sont contr\u00f4l\u00e9s par Tentickle Suisse SA. Si un d\u00e9faut est constat\u00e9, Tentickle Suisse SA se r\u00e9serve le droit d&rsquo;exercer un recours contre le locataire dans les 3 jours.<\/p>\n<p>[vc_separator type=\u00a0\u00bbtransparent\u00a0\u00bb position=\u00a0\u00bbcenter\u00a0\u00bb thickness=\u00a0\u00bb0&Prime; up=\u00a0\u00bb10&Prime; down=\u00a0\u00bb10&Prime;]<\/p>\n<h3>Modification de la chose lou\u00e9e<\/h3>\n<p>Il est interdit au locataire de proc\u00e9der ou de faire proc\u00e9der \u00e0 des modifications de la chose lou\u00e9e. Il lui est notamment interdit de recouvrir, de modifier ou d&rsquo;enlever les inscriptions publicitaires ou d&rsquo;entreprise appos\u00e9es par Tentickle Suisse SA sur la chose lou\u00e9e.<\/p>\n<p>[vc_separator type=\u00a0\u00bbtransparent\u00a0\u00bb position=\u00a0\u00bbcenter\u00a0\u00bb thickness=\u00a0\u00bb0&Prime; up=\u00a0\u00bb10&Prime; down=\u00a0\u00bb10&Prime;]<\/p>\n<h3>Sous-location et cession<\/h3>\n<p>Il est interdit au locataire &#8211; sauf accord contraire &#8211; de c\u00e9der le bail \u00e0 des tiers ou de sous-louer la chose lou\u00e9e.<\/p>\n<p>[vc_separator type=\u00a0\u00bbtransparent\u00a0\u00bb position=\u00a0\u00bbcenter\u00a0\u00bb thickness=\u00a0\u00bb0&Prime; up=\u00a0\u00bb10&Prime; down=\u00a0\u00bb10&Prime;]<\/p>\n<h3>Prix et conditions<\/h3>\n<p>Le prix de location et les conditions sont d\u00e9termin\u00e9s selon le r\u00e9capitulatif des co\u00fbts\/la confirmation de commande. 50% du prix de location doit avoir \u00e9t\u00e9 comptabilis\u00e9 sur le compte de Tentickle Suisse SA 10 jours ouvrables avant le d\u00e9but de la location. Les 50% restants doivent \u00eatre pay\u00e9s en esp\u00e8ces \u00e0 la livraison des marchandises ou doivent \u00eatre inscrits sur le compte de Tentickle Suisse SA avant la date de livraison.<\/p>\n<p>[vc_separator type=\u00a0\u00bbtransparent\u00a0\u00bb position=\u00a0\u00bbcenter\u00a0\u00bb thickness=\u00a0\u00bb0&Prime; up=\u00a0\u00bb10&Prime; down=\u00a0\u00bb10&Prime;]<\/p>\n<h3>Assurance \/ s\u00e9curit\u00e9<\/h3>\n<p>Il incombe au locataire d&rsquo;assurer \u00e0 ses frais les objets et leurs accessoires contre tous les risques.<\/p>\n<p>Haubanage Les cordes, ancrages de terre, perches ou autres \u00e9l\u00e9ments consid\u00e9r\u00e9s comme une zone dangereuse par l&rsquo;organisateur ou un responsable de la s\u00e9curit\u00e9 doivent \u00eatre signal\u00e9s ou prot\u00e9g\u00e9s par ce dernier, ou encore barr\u00e9s. Cela se fait apr\u00e8s concertation avec la soci\u00e9t\u00e9 Tentickle Schweiz AG. Les frais y aff\u00e9rents sont \u00e0 la charge de l&rsquo;exploitant\/organisateur. Nous d\u00e9clinons toute responsabilit\u00e9 en cas de dommages corporels ou mat\u00e9riels caus\u00e9s par des parties non signal\u00e9es, prot\u00e9g\u00e9es ou barr\u00e9es.<\/p>\n<p>[vc_separator type=\u00a0\u00bbtransparent\u00a0\u00bb position=\u00a0\u00bbcenter\u00a0\u00bb thickness=\u00a0\u00bb0&Prime; up=\u00a0\u00bb10&Prime; down=\u00a0\u00bb10&Prime;]<\/p>\n<h3>Vol \/ dommages de transport<\/h3>\n<p>En cas de vol ou de perte, le locataire est toujours tenu de faire \u00e9tablir un rapport de police. En cas de constatation de dommages de transport, le locataire doit demander au transporteur de dresser un inventaire.<\/p>\n<p>[vc_separator type=\u00a0\u00bbtransparent\u00a0\u00bb position=\u00a0\u00bbcenter\u00a0\u00bb thickness=\u00a0\u00bb0&Prime; up=\u00a0\u00bb10&Prime; down=\u00a0\u00bb10&Prime;]<\/p>\n<h3>Droit applicable et for juridique<\/h3>\n<p>Le droit suisse est applicable conform\u00e9ment au CO. Le tribunal de Zoug est seul comp\u00e9tent.<\/p>\n<p>[vc_separator type=\u00a0\u00bbtransparent\u00a0\u00bb position=\u00a0\u00bbcenter\u00a0\u00bb thickness=\u00a0\u00bb0&Prime; up=\u00a0\u00bb50&Prime; down=\u00a0\u00bb50&Prime;]<\/p>\n<\/div>\n<\/div>\n<\/div>\n<\/div>\n<\/div>\n<\/div>\n<\/div>\n<\/div>\n","protected":false},"excerpt":{"rendered":"<p>Conditions g\u00e9n\u00e9rales de vente Loyer [vc_separator type=\u00a0\u00bbtransparent\u00a0\u00bb position=\u00a0\u00bbcenter\u00a0\u00bb thickness=\u00a0\u00bb0&Prime; up=\u00a0\u00bb50&Prime; down=\u00a0\u00bb50&Prime;] Objet de la location L&rsquo;objet de la location est chaque fois les objets mentionn\u00e9s sur le bon de livraison \/ l&rsquo;offre, y compris les accessoires. Le locataire est tenu de contr\u00f4ler l&rsquo;objet lou\u00e9 lors&#8230;<\/p>\n","protected":false},"author":1,"featured_media":0,"parent":0,"menu_order":0,"comment_status":"closed","ping_status":"closed","template":"","meta":{"footnotes":""},"class_list":["post-16608","page","type-page","status-publish","hentry"],"yoast_head":"<!-- This site is optimized with the Yoast SEO plugin v27.0 - https:\/\/yoast.com\/product\/yoast-seo-wordpress\/ -->\n<title>conditions g\u00e9n\u00e9rales - Tentickle<\/title>\n<meta name=\"robots\" content=\"index, follow, max-snippet:-1, max-image-preview:large, max-video-preview:-1\" \/>\n<link rel=\"canonical\" href=\"https:\/\/www.tentickle.ch\/agb\/\" \/>\n<meta property=\"og:locale\" content=\"fr_FR\" \/>\n<meta property=\"og:type\" content=\"article\" \/>\n<meta property=\"og:title\" content=\"conditions g\u00e9n\u00e9rales - Tentickle\" \/>\n<meta property=\"og:description\" content=\"Conditions g\u00e9n\u00e9rales de vente Loyer [vc_separator type=\u00a0\u00bbtransparent\u00a0\u00bb position=\u00a0\u00bbcenter\u00a0\u00bb thickness=\u00a0\u00bb0&Prime; up=\u00a0\u00bb50&Prime; down=\u00a0\u00bb50&Prime;] Objet de la location L&rsquo;objet de la location est chaque fois les objets mentionn\u00e9s sur le bon de livraison \/ l&rsquo;offre, y compris les accessoires. Le locataire est tenu de contr\u00f4ler l&rsquo;objet lou\u00e9 lors...\" \/>\n<meta property=\"og:url\" content=\"https:\/\/www.tentickle.ch\/agb\/\" \/>\n<meta property=\"og:site_name\" content=\"Tentickle\" \/>\n<meta property=\"article:publisher\" content=\"https:\/\/www.facebook.com\/CreativeTents\/\" \/>\n<meta property=\"article:modified_time\" content=\"2023-05-28T11:17:51+00:00\" \/>\n<meta name=\"twitter:card\" content=\"summary_large_image\" \/>\n<meta name=\"twitter:label1\" content=\"Dur\u00e9e de lecture estim\u00e9e\" \/>\n\t<meta name=\"twitter:data1\" content=\"6 minutes\" \/>\n<script type=\"application\/ld+json\" class=\"yoast-schema-graph\">{\"@context\":\"https:\/\/schema.org\",\"@graph\":[{\"@type\":\"WebPage\",\"@id\":\"https:\/\/www.tentickle.ch\/agb\/\",\"url\":\"https:\/\/www.tentickle.ch\/agb\/\",\"name\":\"conditions g\u00e9n\u00e9rales - Tentickle\",\"isPartOf\":{\"@id\":\"https:\/\/www.tentickle.ch\/#website\"},\"datePublished\":\"2018-10-22T09:21:46+00:00\",\"dateModified\":\"2023-05-28T11:17:51+00:00\",\"breadcrumb\":{\"@id\":\"https:\/\/www.tentickle.ch\/agb\/#breadcrumb\"},\"inLanguage\":\"fr-FR\",\"potentialAction\":[{\"@type\":\"ReadAction\",\"target\":[\"https:\/\/www.tentickle.ch\/agb\/\"]}]},{\"@type\":\"BreadcrumbList\",\"@id\":\"https:\/\/www.tentickle.ch\/agb\/#breadcrumb\",\"itemListElement\":[{\"@type\":\"ListItem\",\"position\":1,\"name\":\"Home\",\"item\":\"https:\/\/www.tentickle.ch\/fr\/\"},{\"@type\":\"ListItem\",\"position\":2,\"name\":\"conditions g\u00e9n\u00e9rales\"}]},{\"@type\":\"WebSite\",\"@id\":\"https:\/\/www.tentickle.ch\/#website\",\"url\":\"https:\/\/www.tentickle.ch\/\",\"name\":\"Tentickle Schweiz\",\"description\":\"Stilvolle Zelte f\u00fcr Feste und Anl\u00e4sse\",\"publisher\":{\"@id\":\"https:\/\/www.tentickle.ch\/#organization\"},\"potentialAction\":[{\"@type\":\"SearchAction\",\"target\":{\"@type\":\"EntryPoint\",\"urlTemplate\":\"https:\/\/www.tentickle.ch\/?s={search_term_string}\"},\"query-input\":{\"@type\":\"PropertyValueSpecification\",\"valueRequired\":true,\"valueName\":\"search_term_string\"}}],\"inLanguage\":\"fr-FR\"},{\"@type\":\"Organization\",\"@id\":\"https:\/\/www.tentickle.ch\/#organization\",\"name\":\"Tentickle\",\"url\":\"https:\/\/www.tentickle.ch\/\",\"logo\":{\"@type\":\"ImageObject\",\"inLanguage\":\"fr-FR\",\"@id\":\"https:\/\/www.tentickle.ch\/#\/schema\/logo\/image\/\",\"url\":\"https:\/\/www.tentickle.ch\/wp-content\/uploads\/2018\/10\/TentickleLogoTransparentohneCanopies-web.png\",\"contentUrl\":\"https:\/\/www.tentickle.ch\/wp-content\/uploads\/2018\/10\/TentickleLogoTransparentohneCanopies-web.png\",\"width\":1000,\"height\":294,\"caption\":\"Tentickle\"},\"image\":{\"@id\":\"https:\/\/www.tentickle.ch\/#\/schema\/logo\/image\/\"},\"sameAs\":[\"https:\/\/www.facebook.com\/CreativeTents\/\",\"https:\/\/www.instagram.com\/tentickle.switzerland\"]}]}<\/script>\n<!-- \/ Yoast SEO plugin. -->","yoast_head_json":{"title":"conditions g\u00e9n\u00e9rales - Tentickle","robots":{"index":"index","follow":"follow","max-snippet":"max-snippet:-1","max-image-preview":"max-image-preview:large","max-video-preview":"max-video-preview:-1"},"canonical":"https:\/\/www.tentickle.ch\/agb\/","og_locale":"fr_FR","og_type":"article","og_title":"conditions g\u00e9n\u00e9rales - Tentickle","og_description":"Conditions g\u00e9n\u00e9rales de vente Loyer [vc_separator type=\u00a0\u00bbtransparent\u00a0\u00bb position=\u00a0\u00bbcenter\u00a0\u00bb thickness=\u00a0\u00bb0&Prime; up=\u00a0\u00bb50&Prime; down=\u00a0\u00bb50&Prime;] Objet de la location L&rsquo;objet de la location est chaque fois les objets mentionn\u00e9s sur le bon de livraison \/ l&rsquo;offre, y compris les accessoires. Le locataire est tenu de contr\u00f4ler l&rsquo;objet lou\u00e9 lors...","og_url":"https:\/\/www.tentickle.ch\/agb\/","og_site_name":"Tentickle","article_publisher":"https:\/\/www.facebook.com\/CreativeTents\/","article_modified_time":"2023-05-28T11:17:51+00:00","twitter_card":"summary_large_image","twitter_misc":{"Dur\u00e9e de lecture estim\u00e9e":"6 minutes"},"schema":{"@context":"https:\/\/schema.org","@graph":[{"@type":"WebPage","@id":"https:\/\/www.tentickle.ch\/agb\/","url":"https:\/\/www.tentickle.ch\/agb\/","name":"conditions g\u00e9n\u00e9rales - Tentickle","isPartOf":{"@id":"https:\/\/www.tentickle.ch\/#website"},"datePublished":"2018-10-22T09:21:46+00:00","dateModified":"2023-05-28T11:17:51+00:00","breadcrumb":{"@id":"https:\/\/www.tentickle.ch\/agb\/#breadcrumb"},"inLanguage":"fr-FR","potentialAction":[{"@type":"ReadAction","target":["https:\/\/www.tentickle.ch\/agb\/"]}]},{"@type":"BreadcrumbList","@id":"https:\/\/www.tentickle.ch\/agb\/#breadcrumb","itemListElement":[{"@type":"ListItem","position":1,"name":"Home","item":"https:\/\/www.tentickle.ch\/fr\/"},{"@type":"ListItem","position":2,"name":"conditions g\u00e9n\u00e9rales"}]},{"@type":"WebSite","@id":"https:\/\/www.tentickle.ch\/#website","url":"https:\/\/www.tentickle.ch\/","name":"Tentickle Schweiz","description":"Stilvolle Zelte f\u00fcr Feste und Anl\u00e4sse","publisher":{"@id":"https:\/\/www.tentickle.ch\/#organization"},"potentialAction":[{"@type":"SearchAction","target":{"@type":"EntryPoint","urlTemplate":"https:\/\/www.tentickle.ch\/?s={search_term_string}"},"query-input":{"@type":"PropertyValueSpecification","valueRequired":true,"valueName":"search_term_string"}}],"inLanguage":"fr-FR"},{"@type":"Organization","@id":"https:\/\/www.tentickle.ch\/#organization","name":"Tentickle","url":"https:\/\/www.tentickle.ch\/","logo":{"@type":"ImageObject","inLanguage":"fr-FR","@id":"https:\/\/www.tentickle.ch\/#\/schema\/logo\/image\/","url":"https:\/\/www.tentickle.ch\/wp-content\/uploads\/2018\/10\/TentickleLogoTransparentohneCanopies-web.png","contentUrl":"https:\/\/www.tentickle.ch\/wp-content\/uploads\/2018\/10\/TentickleLogoTransparentohneCanopies-web.png","width":1000,"height":294,"caption":"Tentickle"},"image":{"@id":"https:\/\/www.tentickle.ch\/#\/schema\/logo\/image\/"},"sameAs":["https:\/\/www.facebook.com\/CreativeTents\/","https:\/\/www.instagram.com\/tentickle.switzerland"]}]}},"_links":{"self":[{"href":"https:\/\/www.tentickle.ch\/fr\/wp-json\/wp\/v2\/pages\/16608","targetHints":{"allow":["GET"]}}],"collection":[{"href":"https:\/\/www.tentickle.ch\/fr\/wp-json\/wp\/v2\/pages"}],"about":[{"href":"https:\/\/www.tentickle.ch\/fr\/wp-json\/wp\/v2\/types\/page"}],"author":[{"embeddable":true,"href":"https:\/\/www.tentickle.ch\/fr\/wp-json\/wp\/v2\/users\/1"}],"replies":[{"embeddable":true,"href":"https:\/\/www.tentickle.ch\/fr\/wp-json\/wp\/v2\/comments?post=16608"}],"version-history":[{"count":4,"href":"https:\/\/www.tentickle.ch\/fr\/wp-json\/wp\/v2\/pages\/16608\/revisions"}],"predecessor-version":[{"id":17078,"href":"https:\/\/www.tentickle.ch\/fr\/wp-json\/wp\/v2\/pages\/16608\/revisions\/17078"}],"wp:attachment":[{"href":"https:\/\/www.tentickle.ch\/fr\/wp-json\/wp\/v2\/media?parent=16608"}],"curies":[{"name":"wp","href":"https:\/\/api.w.org\/{rel}","templated":true}]}}