{"id":16566,"date":"2018-10-22T11:51:01","date_gmt":"2018-10-22T09:51:01","guid":{"rendered":"https:\/\/www.tentickle.ch\/particularites-de-la-tente\/tentes-de-mariage\/"},"modified":"2022-02-16T17:52:23","modified_gmt":"2022-02-16T16:52:23","slug":"tentes-de-mariage","status":"publish","type":"page","link":"https:\/\/www.tentickle.ch\/fr\/particularites-de-la-tente\/tentes-de-mariage\/","title":{"rendered":"TENTES DE MARIAGE"},"content":{"rendered":"<p>[vc_row css_animation=\u00a0\u00bb\u00a0\u00bb row_type=\u00a0\u00bbrow\u00a0\u00bb use_row_as_full_screen_section=\u00a0\u00bbno\u00a0\u00bb type=\u00a0\u00bbgrid\u00a0\u00bb angled_section=\u00a0\u00bbno\u00a0\u00bb text_align=\u00a0\u00bbleft\u00a0\u00bb background_image_as_pattern=\u00a0\u00bbwithout_pattern\u00a0\u00bb z_index=\u00a0\u00bb\u00a0\u00bb][vc_column][vc_column_text][vc_separator type=\u00a0\u00bbtransparent\u00a0\u00bb position=\u00a0\u00bbcenter\u00a0\u00bb thickness=\u00a0\u00bb0&Prime; up=\u00a0\u00bb50&Prime; down=\u00a0\u00bb50&Prime;]<\/p>\n<h1>Tentes de mariage<\/h1>\n<p>[vc_separator type=\u00a0\u00bbtransparent\u00a0\u00bb position=\u00a0\u00bbcenter\u00a0\u00bb thickness=\u00a0\u00bb0&Prime; up=\u00a0\u00bb50&Prime; down=\u00a0\u00bb50&Prime;][\/vc_column_text][\/vc_column][\/vc_row][vc_row css_animation=\u00a0\u00bb\u00a0\u00bb row_type=\u00a0\u00bbrow\u00a0\u00bb use_row_as_full_screen_section=\u00a0\u00bbno\u00a0\u00bb type=\u00a0\u00bbgrid\u00a0\u00bb angled_section=\u00a0\u00bbno\u00a0\u00bb text_align=\u00a0\u00bbleft\u00a0\u00bb background_image_as_pattern=\u00a0\u00bbwithout_pattern\u00a0\u00bb z_index=\u00a0\u00bb\u00a0\u00bb][vc_column width=&rsquo;1\/4&prime;][vc_column_text]<a href=\"https:\/\/tentickle.ch\/wp-content\/uploads\/2018\/11\/isabelmarc_19082017-176.jpg\"><img loading=\"lazy\" decoding=\"async\" class=\"alignnone wp-image-15152 size-large\" src=\"https:\/\/tentickle.ch\/wp-content\/uploads\/2018\/11\/isabelmarc_19082017-176-1024x684.jpg\" alt=\"Hochzeitszelt von Tentickle. Ein Stretchzelt wie kein anderes.\" width=\"1024\" height=\"684\" srcset=\"https:\/\/www.tentickle.ch\/wp-content\/uploads\/2018\/11\/isabelmarc_19082017-176-1024x684.jpg 1024w, https:\/\/www.tentickle.ch\/wp-content\/uploads\/2018\/11\/isabelmarc_19082017-176-300x200.jpg 300w, https:\/\/www.tentickle.ch\/wp-content\/uploads\/2018\/11\/isabelmarc_19082017-176-768x513.jpg 768w, https:\/\/www.tentickle.ch\/wp-content\/uploads\/2018\/11\/isabelmarc_19082017-176-700x468.jpg 700w, https:\/\/www.tentickle.ch\/wp-content\/uploads\/2018\/11\/isabelmarc_19082017-176.jpg 1280w\" sizes=\"auto, (max-width: 1024px) 100vw, 1024px\" \/><\/a><\/p>\n<p>[\/vc_column_text][\/vc_column][vc_column width=\u00a0\u00bb1\/4&Prime;][vc_column_text]<\/p>\n<p><a href=\"https:\/\/tentickle.ch\/wp-content\/uploads\/2018\/11\/DSC02099-1.jpg\"><img loading=\"lazy\" decoding=\"async\" class=\"alignnone wp-image-16137 size-large\" src=\"https:\/\/www.tentickle.ch\/wp-content\/uploads\/2018\/11\/DSC02099-1-1024x768.jpg\" alt=\"Hochzeitszelt von Tentickle. Ein Stretchzelt wie kein anderes.\" width=\"1024\" height=\"768\" srcset=\"https:\/\/www.tentickle.ch\/wp-content\/uploads\/2018\/11\/DSC02099-1-1024x768.jpg 1024w, https:\/\/www.tentickle.ch\/wp-content\/uploads\/2018\/11\/DSC02099-1-300x225.jpg 300w, https:\/\/www.tentickle.ch\/wp-content\/uploads\/2018\/11\/DSC02099-1-768x576.jpg 768w, https:\/\/www.tentickle.ch\/wp-content\/uploads\/2018\/11\/DSC02099-1-800x600.jpg 800w, https:\/\/www.tentickle.ch\/wp-content\/uploads\/2018\/11\/DSC02099-1-700x525.jpg 700w\" sizes=\"auto, (max-width: 1024px) 100vw, 1024px\" \/><\/a><\/p>\n<p>[\/vc_column_text][\/vc_column][vc_column width=\u00a0\u00bb1\/2&Prime;][vc_column_text]<\/p>\n<p>Un mariage est quelque chose de tr\u00e8s sp\u00e9cial. Une occasion unique, un jalon dans l&rsquo;amour entre deux personnes. De plus en plus de couples optent pour une c\u00e9r\u00e9monie de mariage ou une f\u00eate de mariage en plein air. Mais un soleil ou une pluie intenses ne peuvent pas \u00eatre exclus dans un climat comme celui de la Suisse, c&rsquo;est pourquoi une tente de mariage est n\u00e9cessaire pour une f\u00eate ou une c\u00e9r\u00e9monie en plein air. Existe-t-il des tentes aussi belles et esth\u00e9tiques que le m\u00e9rite un mariage ?[\/vc_column_text][\/vc_column][\/vc_row]<\/p>\n<p>[vc_row css_animation=\u00a0\u00bb\u00a0\u00bb row_type=\u00a0\u00bbrow\u00a0\u00bb use_row_as_full_screen_section=\u00a0\u00bbno\u00a0\u00bb type=\u00a0\u00bbgrid\u00a0\u00bb angled_section=\u00a0\u00bbno\u00a0\u00bb text_align=\u00a0\u00bbleft\u00a0\u00bb background_image_as_pattern=\u00a0\u00bbwithout_pattern\u00a0\u00bb z_index=\u00a0\u00bb\u00a0\u00bb][vc_column]<blockquote class=' with_quote_icon' style=''><i class='fa fa-quote-right' style=''><\/i><h5 class='blockquote-text' style=''>Les tentes Tentickle sont des tentes de mariage aussi belles et esth\u00e9tiques qu'un mariage le m\u00e9rite.<\/h5><\/blockquote>[\/vc_column][\/vc_row]<\/p>\n<p>[vc_row css_animation=\u00a0\u00bb\u00a0\u00bb row_type=\u00a0\u00bbrow\u00a0\u00bb use_row_as_full_screen_section=\u00a0\u00bbno\u00a0\u00bb type=\u00a0\u00bbgrid\u00a0\u00bb angled_section=\u00a0\u00bbno\u00a0\u00bb text_align=\u00a0\u00bbleft\u00a0\u00bb background_image_as_pattern=\u00a0\u00bbwithout_pattern\u00a0\u00bb z_index=\u00a0\u00bb\u00a0\u00bb][vc_column width=&rsquo;2\/3&prime;][vc_column_text]Les tentes extensibles de Tentickle sont ce qu&rsquo;il y a de plus \u00e9l\u00e9gant et de plus beau sur le march\u00e9 des tentes de r\u00e9ception. Elles sont fabriqu\u00e9es en textile, ce qui leur conf\u00e8re un aspect agr\u00e9able et chaleureux. Nos tentes de mariage prot\u00e8gent de la pluie et du soleil tout en laissant passer agr\u00e9ablement la lumi\u00e8re, ce qui assure une ambiance agr\u00e9able par tous les temps.<\/p>\n<p>Pour les mariages, nous recommandons nos tentes en blanc ou en sable. Ils s&rsquo;adaptent \u00e0 tous les environnements et dansent \u00e0 tous les mariages.<\/p>\n<p>[\/vc_column_text][\/vc_column][vc_column width=\u00a0\u00bb1\/3&Prime;][vc_column_text]<\/p>\n<p><a href=\"https:\/\/tentickle.ch\/wp-content\/uploads\/2018\/11\/CircusWedding_46-1.jpg\"><img loading=\"lazy\" decoding=\"async\" class=\"alignnone wp-image-16134 size-large\" src=\"https:\/\/www.tentickle.ch\/wp-content\/uploads\/2018\/11\/CircusWedding_46-1-1024x683.jpg\" alt=\"Hochzeitszelt von Tentickle. Ein Stretchzelt wie kein anderes.\" width=\"1024\" height=\"683\" srcset=\"https:\/\/www.tentickle.ch\/wp-content\/uploads\/2018\/11\/CircusWedding_46-1-1024x683.jpg 1024w, https:\/\/www.tentickle.ch\/wp-content\/uploads\/2018\/11\/CircusWedding_46-1-300x200.jpg 300w, https:\/\/www.tentickle.ch\/wp-content\/uploads\/2018\/11\/CircusWedding_46-1-768x512.jpg 768w, https:\/\/www.tentickle.ch\/wp-content\/uploads\/2018\/11\/CircusWedding_46-1-700x467.jpg 700w, https:\/\/www.tentickle.ch\/wp-content\/uploads\/2018\/11\/CircusWedding_46-1.jpg 2048w\" sizes=\"auto, (max-width: 1024px) 100vw, 1024px\" \/><\/a>[\/vc_column_text][\/vc_column][\/vc_row]<\/p>\n<p>[vc_separator type=\u00a0\u00bbtransparent\u00a0\u00bb position=\u00a0\u00bbcenter\u00a0\u00bb thickness=\u00a0\u00bb0&Prime; up=\u00a0\u00bb50&Prime; down=\u00a0\u00bb50&Prime;]<\/p>\n","protected":false},"excerpt":{"rendered":"<p>[vc_row css_animation=\u00a0\u00bb\u00a0\u00bb row_type=\u00a0\u00bbrow\u00a0\u00bb use_row_as_full_screen_section=\u00a0\u00bbno\u00a0\u00bb type=\u00a0\u00bbgrid\u00a0\u00bb angled_section=\u00a0\u00bbno\u00a0\u00bb text_align=\u00a0\u00bbleft\u00a0\u00bb background_image_as_pattern=\u00a0\u00bbwithout_pattern\u00a0\u00bb z_index=\u00a0\u00bb\u00a0\u00bb][vc_column][vc_column_text][vc_separator type=\u00a0\u00bbtransparent\u00a0\u00bb position=\u00a0\u00bbcenter\u00a0\u00bb thickness=\u00a0\u00bb0&Prime; up=\u00a0\u00bb50&Prime; down=\u00a0\u00bb50&Prime;] Tentes de mariage [vc_separator type=\u00a0\u00bbtransparent\u00a0\u00bb position=\u00a0\u00bbcenter\u00a0\u00bb thickness=\u00a0\u00bb0&Prime; up=\u00a0\u00bb50&Prime; down=\u00a0\u00bb50&Prime;][\/vc_column_text][\/vc_column][\/vc_row][vc_row css_animation=\u00a0\u00bb\u00a0\u00bb row_type=\u00a0\u00bbrow\u00a0\u00bb use_row_as_full_screen_section=\u00a0\u00bbno\u00a0\u00bb type=\u00a0\u00bbgrid\u00a0\u00bb angled_section=\u00a0\u00bbno\u00a0\u00bb text_align=\u00a0\u00bbleft\u00a0\u00bb background_image_as_pattern=\u00a0\u00bbwithout_pattern\u00a0\u00bb z_index=\u00a0\u00bb\u00a0\u00bb][vc_column width=&rsquo;1\/4&prime;][vc_column_text] [\/vc_column_text][\/vc_column][vc_column width=\u00a0\u00bb1\/4&Prime;][vc_column_text] [\/vc_column_text][\/vc_column][vc_column width=\u00a0\u00bb1\/2&Prime;][vc_column_text] Un mariage est quelque chose de tr\u00e8s sp\u00e9cial. Une&#8230;<\/p>\n","protected":false},"author":1,"featured_media":0,"parent":16548,"menu_order":0,"comment_status":"closed","ping_status":"closed","template":"full_width.php","meta":{"footnotes":""},"class_list":["post-16566","page","type-page","status-publish","hentry"],"yoast_head":"<!-- This site is optimized with the Yoast SEO plugin v27.0 - https:\/\/yoast.com\/product\/yoast-seo-wordpress\/ -->\n<title>Une tente de mariage aussi belle que l&#039;\u00e9v\u00e9nement lui-m\u00eame. Tentickle !<\/title>\n<meta name=\"description\" content=\"Une tente de mariage doit r\u00e9pondre aux exigences les plus \u00e9lev\u00e9es. Tentickle rel\u00e8ve le d\u00e9fi. Une tente unique, pour une occasion unique.\" \/>\n<meta name=\"robots\" content=\"index, follow, max-snippet:-1, max-image-preview:large, max-video-preview:-1\" \/>\n<link rel=\"canonical\" href=\"https:\/\/www.tentickle.ch\/stretchzelt\/hochzeitszelte\/\" \/>\n<meta property=\"og:locale\" content=\"fr_FR\" \/>\n<meta property=\"og:type\" content=\"article\" \/>\n<meta property=\"og:title\" content=\"Une tente de mariage aussi belle que l&#039;\u00e9v\u00e9nement lui-m\u00eame. Tentickle !\" \/>\n<meta property=\"og:description\" content=\"Une tente de mariage doit r\u00e9pondre aux exigences les plus \u00e9lev\u00e9es. Tentickle rel\u00e8ve le d\u00e9fi. Une tente unique, pour une occasion unique.\" \/>\n<meta property=\"og:url\" content=\"https:\/\/www.tentickle.ch\/stretchzelt\/hochzeitszelte\/\" \/>\n<meta property=\"og:site_name\" content=\"Tentickle\" \/>\n<meta property=\"article:publisher\" content=\"https:\/\/www.facebook.com\/CreativeTents\/\" \/>\n<meta property=\"article:modified_time\" content=\"2022-02-16T16:52:23+00:00\" \/>\n<meta property=\"og:image\" content=\"https:\/\/www.tentickle.ch\/wp-content\/uploads\/2018\/11\/isabelmarc_19082017-176.jpg\" \/>\n\t<meta property=\"og:image:width\" content=\"1280\" \/>\n\t<meta property=\"og:image:height\" content=\"855\" \/>\n\t<meta property=\"og:image:type\" content=\"image\/jpeg\" \/>\n<meta name=\"twitter:card\" content=\"summary_large_image\" \/>\n<meta name=\"twitter:label1\" content=\"Dur\u00e9e de lecture estim\u00e9e\" \/>\n\t<meta name=\"twitter:data1\" content=\"2 minutes\" \/>\n<script type=\"application\/ld+json\" class=\"yoast-schema-graph\">{\"@context\":\"https:\/\/schema.org\",\"@graph\":[{\"@type\":\"WebPage\",\"@id\":\"https:\/\/www.tentickle.ch\/stretchzelt\/hochzeitszelte\/\",\"url\":\"https:\/\/www.tentickle.ch\/stretchzelt\/hochzeitszelte\/\",\"name\":\"Une tente de mariage aussi belle que l'\u00e9v\u00e9nement lui-m\u00eame. Tentickle !\",\"isPartOf\":{\"@id\":\"https:\/\/www.tentickle.ch\/#website\"},\"primaryImageOfPage\":{\"@id\":\"https:\/\/www.tentickle.ch\/stretchzelt\/hochzeitszelte\/#primaryimage\"},\"image\":{\"@id\":\"https:\/\/www.tentickle.ch\/stretchzelt\/hochzeitszelte\/#primaryimage\"},\"thumbnailUrl\":\"https:\/\/tentickle.ch\/wp-content\/uploads\/2018\/11\/isabelmarc_19082017-176-1024x684.jpg\",\"datePublished\":\"2018-10-22T09:51:01+00:00\",\"dateModified\":\"2022-02-16T16:52:23+00:00\",\"description\":\"Une tente de mariage doit r\u00e9pondre aux exigences les plus \u00e9lev\u00e9es. Tentickle rel\u00e8ve le d\u00e9fi. Une tente unique, pour une occasion unique.\",\"breadcrumb\":{\"@id\":\"https:\/\/www.tentickle.ch\/stretchzelt\/hochzeitszelte\/#breadcrumb\"},\"inLanguage\":\"fr-FR\",\"potentialAction\":[{\"@type\":\"ReadAction\",\"target\":[\"https:\/\/www.tentickle.ch\/stretchzelt\/hochzeitszelte\/\"]}]},{\"@type\":\"ImageObject\",\"inLanguage\":\"fr-FR\",\"@id\":\"https:\/\/www.tentickle.ch\/stretchzelt\/hochzeitszelte\/#primaryimage\",\"url\":\"https:\/\/tentickle.ch\/wp-content\/uploads\/2018\/11\/isabelmarc_19082017-176-1024x684.jpg\",\"contentUrl\":\"https:\/\/tentickle.ch\/wp-content\/uploads\/2018\/11\/isabelmarc_19082017-176-1024x684.jpg\"},{\"@type\":\"BreadcrumbList\",\"@id\":\"https:\/\/www.tentickle.ch\/stretchzelt\/hochzeitszelte\/#breadcrumb\",\"itemListElement\":[{\"@type\":\"ListItem\",\"position\":1,\"name\":\"Home\",\"item\":\"https:\/\/www.tentickle.ch\/fr\/\"},{\"@type\":\"ListItem\",\"position\":2,\"name\":\"PARTICULARIT\u00c9S DE LA TENTE\",\"item\":\"https:\/\/www.tentickle.ch\/stretchzelt\/\"},{\"@type\":\"ListItem\",\"position\":3,\"name\":\"TENTES DE MARIAGE\"}]},{\"@type\":\"WebSite\",\"@id\":\"https:\/\/www.tentickle.ch\/#website\",\"url\":\"https:\/\/www.tentickle.ch\/\",\"name\":\"Tentickle Schweiz\",\"description\":\"Stilvolle Zelte f\u00fcr Feste und Anl\u00e4sse\",\"publisher\":{\"@id\":\"https:\/\/www.tentickle.ch\/#organization\"},\"potentialAction\":[{\"@type\":\"SearchAction\",\"target\":{\"@type\":\"EntryPoint\",\"urlTemplate\":\"https:\/\/www.tentickle.ch\/?s={search_term_string}\"},\"query-input\":{\"@type\":\"PropertyValueSpecification\",\"valueRequired\":true,\"valueName\":\"search_term_string\"}}],\"inLanguage\":\"fr-FR\"},{\"@type\":\"Organization\",\"@id\":\"https:\/\/www.tentickle.ch\/#organization\",\"name\":\"Tentickle\",\"url\":\"https:\/\/www.tentickle.ch\/\",\"logo\":{\"@type\":\"ImageObject\",\"inLanguage\":\"fr-FR\",\"@id\":\"https:\/\/www.tentickle.ch\/#\/schema\/logo\/image\/\",\"url\":\"https:\/\/www.tentickle.ch\/wp-content\/uploads\/2018\/10\/TentickleLogoTransparentohneCanopies-web.png\",\"contentUrl\":\"https:\/\/www.tentickle.ch\/wp-content\/uploads\/2018\/10\/TentickleLogoTransparentohneCanopies-web.png\",\"width\":1000,\"height\":294,\"caption\":\"Tentickle\"},\"image\":{\"@id\":\"https:\/\/www.tentickle.ch\/#\/schema\/logo\/image\/\"},\"sameAs\":[\"https:\/\/www.facebook.com\/CreativeTents\/\",\"https:\/\/www.instagram.com\/tentickle.switzerland\"]}]}<\/script>\n<!-- \/ Yoast SEO plugin. -->","yoast_head_json":{"title":"Une tente de mariage aussi belle que l'\u00e9v\u00e9nement lui-m\u00eame. Tentickle !","description":"Une tente de mariage doit r\u00e9pondre aux exigences les plus \u00e9lev\u00e9es. Tentickle rel\u00e8ve le d\u00e9fi. Une tente unique, pour une occasion unique.","robots":{"index":"index","follow":"follow","max-snippet":"max-snippet:-1","max-image-preview":"max-image-preview:large","max-video-preview":"max-video-preview:-1"},"canonical":"https:\/\/www.tentickle.ch\/stretchzelt\/hochzeitszelte\/","og_locale":"fr_FR","og_type":"article","og_title":"Une tente de mariage aussi belle que l'\u00e9v\u00e9nement lui-m\u00eame. Tentickle !","og_description":"Une tente de mariage doit r\u00e9pondre aux exigences les plus \u00e9lev\u00e9es. Tentickle rel\u00e8ve le d\u00e9fi. Une tente unique, pour une occasion unique.","og_url":"https:\/\/www.tentickle.ch\/stretchzelt\/hochzeitszelte\/","og_site_name":"Tentickle","article_publisher":"https:\/\/www.facebook.com\/CreativeTents\/","article_modified_time":"2022-02-16T16:52:23+00:00","og_image":[{"width":1280,"height":855,"url":"https:\/\/www.tentickle.ch\/wp-content\/uploads\/2018\/11\/isabelmarc_19082017-176.jpg","type":"image\/jpeg"}],"twitter_card":"summary_large_image","twitter_misc":{"Dur\u00e9e de lecture estim\u00e9e":"2 minutes"},"schema":{"@context":"https:\/\/schema.org","@graph":[{"@type":"WebPage","@id":"https:\/\/www.tentickle.ch\/stretchzelt\/hochzeitszelte\/","url":"https:\/\/www.tentickle.ch\/stretchzelt\/hochzeitszelte\/","name":"Une tente de mariage aussi belle que l'\u00e9v\u00e9nement lui-m\u00eame. Tentickle !","isPartOf":{"@id":"https:\/\/www.tentickle.ch\/#website"},"primaryImageOfPage":{"@id":"https:\/\/www.tentickle.ch\/stretchzelt\/hochzeitszelte\/#primaryimage"},"image":{"@id":"https:\/\/www.tentickle.ch\/stretchzelt\/hochzeitszelte\/#primaryimage"},"thumbnailUrl":"https:\/\/tentickle.ch\/wp-content\/uploads\/2018\/11\/isabelmarc_19082017-176-1024x684.jpg","datePublished":"2018-10-22T09:51:01+00:00","dateModified":"2022-02-16T16:52:23+00:00","description":"Une tente de mariage doit r\u00e9pondre aux exigences les plus \u00e9lev\u00e9es. Tentickle rel\u00e8ve le d\u00e9fi. Une tente unique, pour une occasion unique.","breadcrumb":{"@id":"https:\/\/www.tentickle.ch\/stretchzelt\/hochzeitszelte\/#breadcrumb"},"inLanguage":"fr-FR","potentialAction":[{"@type":"ReadAction","target":["https:\/\/www.tentickle.ch\/stretchzelt\/hochzeitszelte\/"]}]},{"@type":"ImageObject","inLanguage":"fr-FR","@id":"https:\/\/www.tentickle.ch\/stretchzelt\/hochzeitszelte\/#primaryimage","url":"https:\/\/tentickle.ch\/wp-content\/uploads\/2018\/11\/isabelmarc_19082017-176-1024x684.jpg","contentUrl":"https:\/\/tentickle.ch\/wp-content\/uploads\/2018\/11\/isabelmarc_19082017-176-1024x684.jpg"},{"@type":"BreadcrumbList","@id":"https:\/\/www.tentickle.ch\/stretchzelt\/hochzeitszelte\/#breadcrumb","itemListElement":[{"@type":"ListItem","position":1,"name":"Home","item":"https:\/\/www.tentickle.ch\/fr\/"},{"@type":"ListItem","position":2,"name":"PARTICULARIT\u00c9S DE LA TENTE","item":"https:\/\/www.tentickle.ch\/stretchzelt\/"},{"@type":"ListItem","position":3,"name":"TENTES DE MARIAGE"}]},{"@type":"WebSite","@id":"https:\/\/www.tentickle.ch\/#website","url":"https:\/\/www.tentickle.ch\/","name":"Tentickle Schweiz","description":"Stilvolle Zelte f\u00fcr Feste und Anl\u00e4sse","publisher":{"@id":"https:\/\/www.tentickle.ch\/#organization"},"potentialAction":[{"@type":"SearchAction","target":{"@type":"EntryPoint","urlTemplate":"https:\/\/www.tentickle.ch\/?s={search_term_string}"},"query-input":{"@type":"PropertyValueSpecification","valueRequired":true,"valueName":"search_term_string"}}],"inLanguage":"fr-FR"},{"@type":"Organization","@id":"https:\/\/www.tentickle.ch\/#organization","name":"Tentickle","url":"https:\/\/www.tentickle.ch\/","logo":{"@type":"ImageObject","inLanguage":"fr-FR","@id":"https:\/\/www.tentickle.ch\/#\/schema\/logo\/image\/","url":"https:\/\/www.tentickle.ch\/wp-content\/uploads\/2018\/10\/TentickleLogoTransparentohneCanopies-web.png","contentUrl":"https:\/\/www.tentickle.ch\/wp-content\/uploads\/2018\/10\/TentickleLogoTransparentohneCanopies-web.png","width":1000,"height":294,"caption":"Tentickle"},"image":{"@id":"https:\/\/www.tentickle.ch\/#\/schema\/logo\/image\/"},"sameAs":["https:\/\/www.facebook.com\/CreativeTents\/","https:\/\/www.instagram.com\/tentickle.switzerland"]}]}},"_links":{"self":[{"href":"https:\/\/www.tentickle.ch\/fr\/wp-json\/wp\/v2\/pages\/16566","targetHints":{"allow":["GET"]}}],"collection":[{"href":"https:\/\/www.tentickle.ch\/fr\/wp-json\/wp\/v2\/pages"}],"about":[{"href":"https:\/\/www.tentickle.ch\/fr\/wp-json\/wp\/v2\/types\/page"}],"author":[{"embeddable":true,"href":"https:\/\/www.tentickle.ch\/fr\/wp-json\/wp\/v2\/users\/1"}],"replies":[{"embeddable":true,"href":"https:\/\/www.tentickle.ch\/fr\/wp-json\/wp\/v2\/comments?post=16566"}],"version-history":[{"count":1,"href":"https:\/\/www.tentickle.ch\/fr\/wp-json\/wp\/v2\/pages\/16566\/revisions"}],"predecessor-version":[{"id":16579,"href":"https:\/\/www.tentickle.ch\/fr\/wp-json\/wp\/v2\/pages\/16566\/revisions\/16579"}],"up":[{"embeddable":true,"href":"https:\/\/www.tentickle.ch\/fr\/wp-json\/wp\/v2\/pages\/16548"}],"wp:attachment":[{"href":"https:\/\/www.tentickle.ch\/fr\/wp-json\/wp\/v2\/media?parent=16566"}],"curies":[{"name":"wp","href":"https:\/\/api.w.org\/{rel}","templated":true}]}}