{"id":16548,"date":"2018-10-15T13:58:20","date_gmt":"2018-10-15T11:58:20","guid":{"rendered":"https:\/\/www.tentickle.ch\/particularites-de-la-tente\/"},"modified":"2022-02-16T17:52:27","modified_gmt":"2022-02-16T16:52:27","slug":"particularites-de-la-tente","status":"publish","type":"page","link":"https:\/\/www.tentickle.ch\/fr\/particularites-de-la-tente\/","title":{"rendered":"PARTICULARIT\u00c9S DE LA TENTE"},"content":{"rendered":"<p>[vc_row css_animation=\u00a0\u00bb\u00a0\u00bb row_type=\u00a0\u00bbrow\u00a0\u00bb use_row_as_full_screen_section=\u00a0\u00bbno\u00a0\u00bb type=\u00a0\u00bbgrid\u00a0\u00bb angled_section=\u00a0\u00bbno\u00a0\u00bb text_align=\u00a0\u00bbleft\u00a0\u00bb background_image_as_pattern=\u00a0\u00bbwithout_pattern\u00a0\u00bb z_index=\u00a0\u00bb\u00a0\u00bb][vc_column][vc_column_text][vc_separator type=\u00a0\u00bbtransparent\u00a0\u00bb position=\u00a0\u00bbcenter\u00a0\u00bb thickness=\u00a0\u00bb0&Prime; up=\u00a0\u00bb50&Prime; down=\u00a0\u00bb50&Prime;]<\/p>\n<h1>La tente extensible<\/h1>\n<p>[vc_separator type=\u00a0\u00bbtransparent\u00a0\u00bb position=\u00a0\u00bbcenter\u00a0\u00bb thickness=\u00a0\u00bb0&Prime; up=\u00a0\u00bb50&Prime; down=\u00a0\u00bb50&Prime;][\/vc_column_text][\/vc_column][\/vc_row][vc_row css_animation=\u00a0\u00bb\u00a0\u00bb row_type=\u00a0\u00bbrow\u00a0\u00bb use_row_as_full_screen_section=\u00a0\u00bbno\u00a0\u00bb type=\u00a0\u00bbgrid\u00a0\u00bb angled_section=\u00a0\u00bbno\u00a0\u00bb text_align=\u00a0\u00bbleft\u00a0\u00bb background_image_as_pattern=\u00a0\u00bbwithout_pattern\u00a0\u00bb z_index=\u00a0\u00bb\u00a0\u00bb][vc_column width=\u00a0\u00bb1\/2&Prime;][vc_column_text]<\/p>\n<p class=\"p1\"><span class=\"s1\">Un syst\u00e8me de tentes qui a fait ses preuves depuis si longtemps dans la culture b\u00e9douine ancestrale est, aujourd&rsquo;hui comme hier, une mani\u00e8re esth\u00e9tique et pratique de cr\u00e9er de l&rsquo;espace. Les tentes Tentickle sont une \u00e9volution high-tech de la tente b\u00e9douine classique. Elles sont fabriqu\u00e9es dans un mat\u00e9riau 100% \u00e9tanche, r\u00e9sistant aux UV, presque ind\u00e9chirable et extensible. En raison de son extensibilit\u00e9, une telle tente est \u00e9galement appel\u00e9e \u00ab\u00a0tente extensible\u00a0\u00bb. La r\u00e9volution r\u00e9side dans la combinaison de la beaut\u00e9, de l&rsquo;imperm\u00e9abilit\u00e9 et de l&rsquo;extensibilit\u00e9 du mat\u00e9riau.<\/span><\/p>\n<p> [vc_separator type=\u00a0\u00bbtransparent\u00a0\u00bb thickness=\u00a0\u00bb0&Prime; up=\u00a0\u00bb10&Prime; down=\u00a0\u00bb10&Prime;]<\/p>\n<p><span class=\"s1\"><a href=\"https:\/\/tentickle.ch\/wp-content\/uploads\/2018\/11\/P1010556.jpg\"><img loading=\"lazy\" decoding=\"async\" class=\"alignnone wp-image-15142 size-large\" src=\"https:\/\/tentickle.ch\/wp-content\/uploads\/2018\/11\/P1010556-1024x576.jpg\" alt=\"Der Pionier des Stretchzeltes. Tentickle!\" width=\"1024\" height=\"576\" srcset=\"https:\/\/www.tentickle.ch\/wp-content\/uploads\/2018\/11\/P1010556-1024x576.jpg 1024w, https:\/\/www.tentickle.ch\/wp-content\/uploads\/2018\/11\/P1010556-300x169.jpg 300w, https:\/\/www.tentickle.ch\/wp-content\/uploads\/2018\/11\/P1010556-768x432.jpg 768w, https:\/\/www.tentickle.ch\/wp-content\/uploads\/2018\/11\/P1010556-700x394.jpg 700w, https:\/\/www.tentickle.ch\/wp-content\/uploads\/2018\/11\/P1010556-539x303.jpg 539w\" sizes=\"auto, (max-width: 1024px) 100vw, 1024px\" \/><\/a>En raison de leur extensibilit\u00e9, les tentes peuvent \u00eatre mont\u00e9es sous haute tension, ce qui permet d&rsquo;obtenir naturellement des formes naturelles, liquides et organiques. Ainsi, chaque tente extensible peut \u00eatre mont\u00e9e en tr\u00e8s peu de temps et dans d&rsquo;innombrables variations, et adapt\u00e9e individuellement \u00e0 votre projet. C&rsquo;est pourquoi elles sont id\u00e9ales pour les clients exigeants qui demandent une solution individuelle ou pour les situations dans lesquelles une tente traditionnelle n&rsquo;est pas possible.<\/span><\/p>\n<p class=\"p1\"><span class=\"s1\">Tentickle est le seul fabricant de tentes extensibles \u00e0 avoir r\u00e9ussi \u00e0 combiner les propri\u00e9t\u00e9s de translucidit\u00e9, d&rsquo;extensibilit\u00e9 maximale, de stabilit\u00e9, de texture organique et de r\u00e9sistance au feu.<\/span><\/p>\n<p>[\/vc_column_text][\/vc_column][vc_column width=\u00a0\u00bb1\/2&Prime;][vc_column_text]<a href=\"https:\/\/tentickle.ch\/wp-content\/uploads\/2018\/11\/P1010924.jpg\"><img loading=\"lazy\" decoding=\"async\" class=\"alignnone wp-image-16125 size-large\" src=\"https:\/\/www.tentickle.ch\/wp-content\/uploads\/2018\/11\/P1010924-1024x576.jpg\" alt=\"Der Pionier des Stretchzeltes. Tentickle!\" width=\"1024\" height=\"576\" srcset=\"https:\/\/www.tentickle.ch\/wp-content\/uploads\/2018\/11\/P1010924-1024x576.jpg 1024w, https:\/\/www.tentickle.ch\/wp-content\/uploads\/2018\/11\/P1010924-300x169.jpg 300w, https:\/\/www.tentickle.ch\/wp-content\/uploads\/2018\/11\/P1010924-768x432.jpg 768w, https:\/\/www.tentickle.ch\/wp-content\/uploads\/2018\/11\/P1010924-700x394.jpg 700w, https:\/\/www.tentickle.ch\/wp-content\/uploads\/2018\/11\/P1010924-539x303.jpg 539w\" sizes=\"auto, (max-width: 1024px) 100vw, 1024px\" \/><\/a>[vc_separator type=\u00a0\u00bbtransparent\u00a0\u00bb position=\u00a0\u00bbcenter\u00a0\u00bb thickness=\u00a0\u00bb0&Prime; up=\u00a0\u00bb10&Prime; down=\u00a0\u00bb10&Prime;]<\/p>\n<blockquote class='' style=''><h5 class='blockquote-text' style=' line-height: undefinedpx;'>Vous pouvez louer ou acheter des syst\u00e8mes de tentes Tentickle chez nous. Des fabrications sp\u00e9ciales et des impressions sont \u00e9galement possibles.<\/h5><\/blockquote>\n<p>[vc_separator type=\u00a0\u00bbtransparent\u00a0\u00bb position=\u00a0\u00bbcenter\u00a0\u00bb thickness=\u00a0\u00bb0&Prime; up=\u00a0\u00bb10&Prime; down=\u00a0\u00bb10&Prime;]<\/p>\n<p class=\"p1\"><span class=\"s1\">Le mat\u00e9riau de la tente est tiss\u00e9 et disponible en diff\u00e9rentes couleurs qui ont toutes \u00e9t\u00e9 harmonis\u00e9es avec go\u00fbt pour cr\u00e9er une ambiance de bien-\u00eatre.<span class=\"Apple-converted-space\">  <\/span>Ce sont la texture et les couleurs des tentes Tentickle qui permettent finalement d&rsquo;offrir \u00e0 vos h\u00f4tes non seulement une protection, mais aussi une atmosph\u00e8re raffin\u00e9e. Les tentes de Tentickle sont \u00e0 la hauteur de l&rsquo;originalit\u00e9 et de l&rsquo;importance de votre \u00e9v\u00e9nement, \u00e0 tous les niveaux.<\/span><\/p>\n<p class=\"p1\"><span class=\"s1\">Les tentes extensibles sont les seules grandes tentes qui s&rsquo;adaptent facilement \u00e0 tous les terrains. Ils peuvent ainsi \u00eatre facilement install\u00e9s sur des maisons, des bateaux, des collines, des toits ou dans votre jardin.<\/span><\/p>\n<p>[\/vc_column_text][\/vc_column][\/vc_row][vc_row css_animation=\u00a0\u00bb\u00a0\u00bb row_type=\u00a0\u00bbrow\u00a0\u00bb use_row_as_full_screen_section=\u00a0\u00bbno\u00a0\u00bb type=\u00a0\u00bbfull_width\u00a0\u00bb angled_section=\u00a0\u00bbno\u00a0\u00bb text_align=\u00a0\u00bbleft\u00a0\u00bb background_image_as_pattern=\u00a0\u00bbwithout_pattern\u00a0\u00bb][vc_column][vc_separator type=\u00a0\u00bbtransparent\u00a0\u00bb thickness=\u00a0\u00bb0&Prime; up=\u00a0\u00bb50&Prime; down=\u00a0\u00bb50&Prime;][vc_column_text]<\/p>\n<p style=\"text-align: center;\"><a  itemprop=\"url\" href=\"https:\/\/tentickle.ch\/kontaktformular\/\" target=\"_self\"  class=\"qbutton  medium default\" style=\"\">Formulaire de demande<\/a><\/p>\n<p>[\/vc_column_text][vc_separator type=\u00a0\u00bbtransparent\u00a0\u00bb thickness=\u00a0\u00bb0&Prime; up=\u00a0\u00bb50&Prime; down=\u00a0\u00bb50&Prime;][\/vc_column][\/vc_row][vc_row css_animation=\u00a0\u00bb\u00a0\u00bb row_type=\u00a0\u00bbrow\u00a0\u00bb use_row_as_full_screen_section=\u00a0\u00bbno\u00a0\u00bb type=\u00a0\u00bbgrid\u00a0\u00bb angled_section=\u00a0\u00bbno\u00a0\u00bb text_align=\u00a0\u00bbleft\u00a0\u00bb background_image_as_pattern=\u00a0\u00bbwithout_pattern\u00a0\u00bb z_index=\u00a0\u00bb\u00a0\u00bb][vc_column width=\u00a0\u00bb1\/3&Prime;][vc_column_text]<img loading=\"lazy\" decoding=\"async\" class=\"aligncenter wp-image-15100\" src=\"https:\/\/tentickle.ch\/wp-content\/uploads\/2018\/11\/Element-5.png\" alt=\"Der Pionier des Stretchzeltes. Tentickle! Wasserdicht!\" width=\"250\" height=\"125\" srcset=\"https:\/\/www.tentickle.ch\/wp-content\/uploads\/2018\/11\/Element-5.png 1000w, https:\/\/www.tentickle.ch\/wp-content\/uploads\/2018\/11\/Element-5-300x150.png 300w, https:\/\/www.tentickle.ch\/wp-content\/uploads\/2018\/11\/Element-5-768x383.png 768w, https:\/\/www.tentickle.ch\/wp-content\/uploads\/2018\/11\/Element-5-700x349.png 700w\" sizes=\"auto, (max-width: 250px) 100vw, 250px\" \/>[\/vc_column_text][\/vc_column][vc_column width=\u00a0\u00bb1\/3&Prime;][vc_column_text]<img loading=\"lazy\" decoding=\"async\" class=\"aligncenter wp-image-15099\" src=\"https:\/\/tentickle.ch\/wp-content\/uploads\/2018\/11\/Element-2.png\" alt=\"Der Pionier des Stretchzeltes. Tentickle! UV Resistent!\" width=\"250\" height=\"125\" srcset=\"https:\/\/www.tentickle.ch\/wp-content\/uploads\/2018\/11\/Element-2.png 1000w, https:\/\/www.tentickle.ch\/wp-content\/uploads\/2018\/11\/Element-2-300x150.png 300w, https:\/\/www.tentickle.ch\/wp-content\/uploads\/2018\/11\/Element-2-768x385.png 768w, https:\/\/www.tentickle.ch\/wp-content\/uploads\/2018\/11\/Element-2-700x351.png 700w\" sizes=\"auto, (max-width: 250px) 100vw, 250px\" \/>[\/vc_column_text][\/vc_column][vc_column width=\u00a0\u00bb1\/3&Prime;][vc_column_text]<img loading=\"lazy\" decoding=\"async\" class=\"aligncenter wp-image-15101\" src=\"https:\/\/tentickle.ch\/wp-content\/uploads\/2018\/11\/Element-6.png\" alt=\"Der Pionier des Stretchzeltes. Tentickle! Feuerfest!\" width=\"250\" height=\"117\" srcset=\"https:\/\/www.tentickle.ch\/wp-content\/uploads\/2018\/11\/Element-6.png 1000w, https:\/\/www.tentickle.ch\/wp-content\/uploads\/2018\/11\/Element-6-300x140.png 300w, https:\/\/www.tentickle.ch\/wp-content\/uploads\/2018\/11\/Element-6-768x359.png 768w, https:\/\/www.tentickle.ch\/wp-content\/uploads\/2018\/11\/Element-6-700x328.png 700w\" sizes=\"auto, (max-width: 250px) 100vw, 250px\" \/>[\/vc_column_text][\/vc_column][\/vc_row][vc_row css_animation=\u00a0\u00bb\u00a0\u00bb row_type=\u00a0\u00bbrow\u00a0\u00bb use_row_as_full_screen_section=\u00a0\u00bbno\u00a0\u00bb type=\u00a0\u00bbfull_width\u00a0\u00bb angled_section=\u00a0\u00bbno\u00a0\u00bb text_align=\u00a0\u00bbleft\u00a0\u00bb background_image_as_pattern=\u00a0\u00bbwithout_pattern\u00a0\u00bb z_index=\u00a0\u00bb\u00a0\u00bb][vc_column][vc_single_image image=\u00a0\u00bb16104&Prime; img_size=\u00a0\u00bbfull\u00a0\u00bb alignment=\u00a0\u00bbcenter\u00a0\u00bb qode_css_animation=\u00a0\u00bb\u00a0\u00bb][\/vc_column][\/vc_row][vc_row css_animation=\u00a0\u00bb\u00a0\u00bb row_type=\u00a0\u00bbrow\u00a0\u00bb use_row_as_full_screen_section=\u00a0\u00bbno\u00a0\u00bb type=\u00a0\u00bbfull_width\u00a0\u00bb angled_section=\u00a0\u00bbno\u00a0\u00bb text_align=\u00a0\u00bbleft\u00a0\u00bb background_image_as_pattern=\u00a0\u00bbwithout_pattern\u00a0\u00bb][vc_column][\/vc_column][\/vc_row]<\/p>\n","protected":false},"excerpt":{"rendered":"<p>[vc_row css_animation=\u00a0\u00bb\u00a0\u00bb row_type=\u00a0\u00bbrow\u00a0\u00bb use_row_as_full_screen_section=\u00a0\u00bbno\u00a0\u00bb type=\u00a0\u00bbgrid\u00a0\u00bb angled_section=\u00a0\u00bbno\u00a0\u00bb text_align=\u00a0\u00bbleft\u00a0\u00bb background_image_as_pattern=\u00a0\u00bbwithout_pattern\u00a0\u00bb z_index=\u00a0\u00bb\u00a0\u00bb][vc_column][vc_column_text][vc_separator type=\u00a0\u00bbtransparent\u00a0\u00bb position=\u00a0\u00bbcenter\u00a0\u00bb thickness=\u00a0\u00bb0&Prime; up=\u00a0\u00bb50&Prime; down=\u00a0\u00bb50&Prime;] La tente extensible [vc_separator type=\u00a0\u00bbtransparent\u00a0\u00bb position=\u00a0\u00bbcenter\u00a0\u00bb thickness=\u00a0\u00bb0&Prime; up=\u00a0\u00bb50&Prime; down=\u00a0\u00bb50&Prime;][\/vc_column_text][\/vc_column][\/vc_row][vc_row css_animation=\u00a0\u00bb\u00a0\u00bb row_type=\u00a0\u00bbrow\u00a0\u00bb use_row_as_full_screen_section=\u00a0\u00bbno\u00a0\u00bb type=\u00a0\u00bbgrid\u00a0\u00bb angled_section=\u00a0\u00bbno\u00a0\u00bb text_align=\u00a0\u00bbleft\u00a0\u00bb background_image_as_pattern=\u00a0\u00bbwithout_pattern\u00a0\u00bb z_index=\u00a0\u00bb\u00a0\u00bb][vc_column width=\u00a0\u00bb1\/2&Prime;][vc_column_text] Un syst\u00e8me de tentes qui a fait ses preuves depuis si longtemps dans&#8230;<\/p>\n","protected":false},"author":1,"featured_media":0,"parent":0,"menu_order":0,"comment_status":"closed","ping_status":"closed","template":"full_width.php","meta":{"footnotes":""},"class_list":["post-16548","page","type-page","status-publish","hentry"],"yoast_head":"<!-- This site is optimized with the Yoast SEO plugin v27.0 - https:\/\/yoast.com\/product\/yoast-seo-wordpress\/ -->\n<title>LA tente extensible de Tentickle, le pionnier du secteur<\/title>\n<meta name=\"description\" content=\"Seule la soci\u00e9t\u00e9 Tentickle, pionni\u00e8re dans le secteur, poss\u00e8de la plus longue exp\u00e9rience, une entreprise de conviction et la meilleure tente extensible du march\u00e9. L&#039;original.\" \/>\n<meta name=\"robots\" content=\"index, follow, max-snippet:-1, max-image-preview:large, max-video-preview:-1\" \/>\n<link rel=\"canonical\" href=\"https:\/\/www.tentickle.ch\/stretchzelt\/\" \/>\n<meta property=\"og:locale\" content=\"fr_FR\" \/>\n<meta property=\"og:type\" content=\"article\" \/>\n<meta property=\"og:title\" content=\"LA tente extensible de Tentickle, le pionnier du secteur\" \/>\n<meta property=\"og:description\" content=\"Seule la soci\u00e9t\u00e9 Tentickle, pionni\u00e8re dans le secteur, poss\u00e8de la plus longue exp\u00e9rience, une entreprise de conviction et la meilleure tente extensible du march\u00e9. L&#039;original.\" \/>\n<meta property=\"og:url\" content=\"https:\/\/www.tentickle.ch\/stretchzelt\/\" \/>\n<meta property=\"og:site_name\" content=\"Tentickle\" \/>\n<meta property=\"article:publisher\" content=\"https:\/\/www.facebook.com\/CreativeTents\/\" \/>\n<meta property=\"article:modified_time\" content=\"2022-02-16T16:52:27+00:00\" \/>\n<meta property=\"og:image\" content=\"https:\/\/www.tentickle.ch\/wp-content\/uploads\/2018\/11\/P1010556.jpg\" \/>\n\t<meta property=\"og:image:width\" content=\"3968\" \/>\n\t<meta property=\"og:image:height\" content=\"2232\" \/>\n\t<meta property=\"og:image:type\" content=\"image\/jpeg\" \/>\n<meta name=\"twitter:card\" content=\"summary_large_image\" \/>\n<meta name=\"twitter:label1\" content=\"Dur\u00e9e de lecture estim\u00e9e\" \/>\n\t<meta name=\"twitter:data1\" content=\"4 minutes\" \/>\n<script type=\"application\/ld+json\" class=\"yoast-schema-graph\">{\"@context\":\"https:\/\/schema.org\",\"@graph\":[{\"@type\":\"WebPage\",\"@id\":\"https:\/\/www.tentickle.ch\/stretchzelt\/\",\"url\":\"https:\/\/www.tentickle.ch\/stretchzelt\/\",\"name\":\"LA tente extensible de Tentickle, le pionnier du secteur\",\"isPartOf\":{\"@id\":\"https:\/\/www.tentickle.ch\/#website\"},\"primaryImageOfPage\":{\"@id\":\"https:\/\/www.tentickle.ch\/stretchzelt\/#primaryimage\"},\"image\":{\"@id\":\"https:\/\/www.tentickle.ch\/stretchzelt\/#primaryimage\"},\"thumbnailUrl\":\"https:\/\/tentickle.ch\/wp-content\/uploads\/2018\/11\/P1010556-1024x576.jpg\",\"datePublished\":\"2018-10-15T11:58:20+00:00\",\"dateModified\":\"2022-02-16T16:52:27+00:00\",\"description\":\"Seule la soci\u00e9t\u00e9 Tentickle, pionni\u00e8re dans le secteur, poss\u00e8de la plus longue exp\u00e9rience, une entreprise de conviction et la meilleure tente extensible du march\u00e9. L'original.\",\"breadcrumb\":{\"@id\":\"https:\/\/www.tentickle.ch\/stretchzelt\/#breadcrumb\"},\"inLanguage\":\"fr-FR\",\"potentialAction\":[{\"@type\":\"ReadAction\",\"target\":[\"https:\/\/www.tentickle.ch\/stretchzelt\/\"]}]},{\"@type\":\"ImageObject\",\"inLanguage\":\"fr-FR\",\"@id\":\"https:\/\/www.tentickle.ch\/stretchzelt\/#primaryimage\",\"url\":\"https:\/\/tentickle.ch\/wp-content\/uploads\/2018\/11\/P1010556-1024x576.jpg\",\"contentUrl\":\"https:\/\/tentickle.ch\/wp-content\/uploads\/2018\/11\/P1010556-1024x576.jpg\"},{\"@type\":\"BreadcrumbList\",\"@id\":\"https:\/\/www.tentickle.ch\/stretchzelt\/#breadcrumb\",\"itemListElement\":[{\"@type\":\"ListItem\",\"position\":1,\"name\":\"Home\",\"item\":\"https:\/\/www.tentickle.ch\/fr\/\"},{\"@type\":\"ListItem\",\"position\":2,\"name\":\"PARTICULARIT\u00c9S DE LA TENTE\"}]},{\"@type\":\"WebSite\",\"@id\":\"https:\/\/www.tentickle.ch\/#website\",\"url\":\"https:\/\/www.tentickle.ch\/\",\"name\":\"Tentickle Schweiz\",\"description\":\"Stilvolle Zelte f\u00fcr Feste und Anl\u00e4sse\",\"publisher\":{\"@id\":\"https:\/\/www.tentickle.ch\/#organization\"},\"potentialAction\":[{\"@type\":\"SearchAction\",\"target\":{\"@type\":\"EntryPoint\",\"urlTemplate\":\"https:\/\/www.tentickle.ch\/?s={search_term_string}\"},\"query-input\":{\"@type\":\"PropertyValueSpecification\",\"valueRequired\":true,\"valueName\":\"search_term_string\"}}],\"inLanguage\":\"fr-FR\"},{\"@type\":\"Organization\",\"@id\":\"https:\/\/www.tentickle.ch\/#organization\",\"name\":\"Tentickle\",\"url\":\"https:\/\/www.tentickle.ch\/\",\"logo\":{\"@type\":\"ImageObject\",\"inLanguage\":\"fr-FR\",\"@id\":\"https:\/\/www.tentickle.ch\/#\/schema\/logo\/image\/\",\"url\":\"https:\/\/www.tentickle.ch\/wp-content\/uploads\/2018\/10\/TentickleLogoTransparentohneCanopies-web.png\",\"contentUrl\":\"https:\/\/www.tentickle.ch\/wp-content\/uploads\/2018\/10\/TentickleLogoTransparentohneCanopies-web.png\",\"width\":1000,\"height\":294,\"caption\":\"Tentickle\"},\"image\":{\"@id\":\"https:\/\/www.tentickle.ch\/#\/schema\/logo\/image\/\"},\"sameAs\":[\"https:\/\/www.facebook.com\/CreativeTents\/\",\"https:\/\/www.instagram.com\/tentickle.switzerland\"]}]}<\/script>\n<!-- \/ Yoast SEO plugin. -->","yoast_head_json":{"title":"LA tente extensible de Tentickle, le pionnier du secteur","description":"Seule la soci\u00e9t\u00e9 Tentickle, pionni\u00e8re dans le secteur, poss\u00e8de la plus longue exp\u00e9rience, une entreprise de conviction et la meilleure tente extensible du march\u00e9. L'original.","robots":{"index":"index","follow":"follow","max-snippet":"max-snippet:-1","max-image-preview":"max-image-preview:large","max-video-preview":"max-video-preview:-1"},"canonical":"https:\/\/www.tentickle.ch\/stretchzelt\/","og_locale":"fr_FR","og_type":"article","og_title":"LA tente extensible de Tentickle, le pionnier du secteur","og_description":"Seule la soci\u00e9t\u00e9 Tentickle, pionni\u00e8re dans le secteur, poss\u00e8de la plus longue exp\u00e9rience, une entreprise de conviction et la meilleure tente extensible du march\u00e9. L'original.","og_url":"https:\/\/www.tentickle.ch\/stretchzelt\/","og_site_name":"Tentickle","article_publisher":"https:\/\/www.facebook.com\/CreativeTents\/","article_modified_time":"2022-02-16T16:52:27+00:00","og_image":[{"width":3968,"height":2232,"url":"https:\/\/www.tentickle.ch\/wp-content\/uploads\/2018\/11\/P1010556.jpg","type":"image\/jpeg"}],"twitter_card":"summary_large_image","twitter_misc":{"Dur\u00e9e de lecture estim\u00e9e":"4 minutes"},"schema":{"@context":"https:\/\/schema.org","@graph":[{"@type":"WebPage","@id":"https:\/\/www.tentickle.ch\/stretchzelt\/","url":"https:\/\/www.tentickle.ch\/stretchzelt\/","name":"LA tente extensible de Tentickle, le pionnier du secteur","isPartOf":{"@id":"https:\/\/www.tentickle.ch\/#website"},"primaryImageOfPage":{"@id":"https:\/\/www.tentickle.ch\/stretchzelt\/#primaryimage"},"image":{"@id":"https:\/\/www.tentickle.ch\/stretchzelt\/#primaryimage"},"thumbnailUrl":"https:\/\/tentickle.ch\/wp-content\/uploads\/2018\/11\/P1010556-1024x576.jpg","datePublished":"2018-10-15T11:58:20+00:00","dateModified":"2022-02-16T16:52:27+00:00","description":"Seule la soci\u00e9t\u00e9 Tentickle, pionni\u00e8re dans le secteur, poss\u00e8de la plus longue exp\u00e9rience, une entreprise de conviction et la meilleure tente extensible du march\u00e9. L'original.","breadcrumb":{"@id":"https:\/\/www.tentickle.ch\/stretchzelt\/#breadcrumb"},"inLanguage":"fr-FR","potentialAction":[{"@type":"ReadAction","target":["https:\/\/www.tentickle.ch\/stretchzelt\/"]}]},{"@type":"ImageObject","inLanguage":"fr-FR","@id":"https:\/\/www.tentickle.ch\/stretchzelt\/#primaryimage","url":"https:\/\/tentickle.ch\/wp-content\/uploads\/2018\/11\/P1010556-1024x576.jpg","contentUrl":"https:\/\/tentickle.ch\/wp-content\/uploads\/2018\/11\/P1010556-1024x576.jpg"},{"@type":"BreadcrumbList","@id":"https:\/\/www.tentickle.ch\/stretchzelt\/#breadcrumb","itemListElement":[{"@type":"ListItem","position":1,"name":"Home","item":"https:\/\/www.tentickle.ch\/fr\/"},{"@type":"ListItem","position":2,"name":"PARTICULARIT\u00c9S DE LA TENTE"}]},{"@type":"WebSite","@id":"https:\/\/www.tentickle.ch\/#website","url":"https:\/\/www.tentickle.ch\/","name":"Tentickle Schweiz","description":"Stilvolle Zelte f\u00fcr Feste und Anl\u00e4sse","publisher":{"@id":"https:\/\/www.tentickle.ch\/#organization"},"potentialAction":[{"@type":"SearchAction","target":{"@type":"EntryPoint","urlTemplate":"https:\/\/www.tentickle.ch\/?s={search_term_string}"},"query-input":{"@type":"PropertyValueSpecification","valueRequired":true,"valueName":"search_term_string"}}],"inLanguage":"fr-FR"},{"@type":"Organization","@id":"https:\/\/www.tentickle.ch\/#organization","name":"Tentickle","url":"https:\/\/www.tentickle.ch\/","logo":{"@type":"ImageObject","inLanguage":"fr-FR","@id":"https:\/\/www.tentickle.ch\/#\/schema\/logo\/image\/","url":"https:\/\/www.tentickle.ch\/wp-content\/uploads\/2018\/10\/TentickleLogoTransparentohneCanopies-web.png","contentUrl":"https:\/\/www.tentickle.ch\/wp-content\/uploads\/2018\/10\/TentickleLogoTransparentohneCanopies-web.png","width":1000,"height":294,"caption":"Tentickle"},"image":{"@id":"https:\/\/www.tentickle.ch\/#\/schema\/logo\/image\/"},"sameAs":["https:\/\/www.facebook.com\/CreativeTents\/","https:\/\/www.instagram.com\/tentickle.switzerland"]}]}},"_links":{"self":[{"href":"https:\/\/www.tentickle.ch\/fr\/wp-json\/wp\/v2\/pages\/16548","targetHints":{"allow":["GET"]}}],"collection":[{"href":"https:\/\/www.tentickle.ch\/fr\/wp-json\/wp\/v2\/pages"}],"about":[{"href":"https:\/\/www.tentickle.ch\/fr\/wp-json\/wp\/v2\/types\/page"}],"author":[{"embeddable":true,"href":"https:\/\/www.tentickle.ch\/fr\/wp-json\/wp\/v2\/users\/1"}],"replies":[{"embeddable":true,"href":"https:\/\/www.tentickle.ch\/fr\/wp-json\/wp\/v2\/comments?post=16548"}],"version-history":[{"count":2,"href":"https:\/\/www.tentickle.ch\/fr\/wp-json\/wp\/v2\/pages\/16548\/revisions"}],"predecessor-version":[{"id":16604,"href":"https:\/\/www.tentickle.ch\/fr\/wp-json\/wp\/v2\/pages\/16548\/revisions\/16604"}],"wp:attachment":[{"href":"https:\/\/www.tentickle.ch\/fr\/wp-json\/wp\/v2\/media?parent=16548"}],"curies":[{"name":"wp","href":"https:\/\/api.w.org\/{rel}","templated":true}]}}