{"id":16513,"date":"2018-10-22T11:50:57","date_gmt":"2018-10-22T09:50:57","guid":{"rendered":"https:\/\/www.tentickle.ch\/tente-de-jardin\/"},"modified":"2022-02-16T17:52:22","modified_gmt":"2022-02-16T16:52:22","slug":"tente-de-jardin","status":"publish","type":"page","link":"https:\/\/www.tentickle.ch\/fr\/particularites-de-la-tente\/tente-de-jardin\/","title":{"rendered":"TENTE DE JARDIN"},"content":{"rendered":"<p>[vc_row css_animation=\u00a0\u00bb\u00a0\u00bb row_type=\u00a0\u00bbrow\u00a0\u00bb use_row_as_full_screen_section=\u00a0\u00bbno\u00a0\u00bb type=\u00a0\u00bbgrid\u00a0\u00bb angled_section=\u00a0\u00bbno\u00a0\u00bb text_align=\u00a0\u00bbleft\u00a0\u00bb background_image_as_pattern=\u00a0\u00bbwithout_pattern\u00a0\u00bb z_index=\u00a0\u00bb\u00a0\u00bb][vc_column][vc_column_text][vc_separator type=\u00a0\u00bbtransparent\u00a0\u00bb position=\u00a0\u00bbcenter\u00a0\u00bb thickness=\u00a0\u00bb0&Prime; up=\u00a0\u00bb50&Prime; down=\u00a0\u00bb50&Prime;]<\/p>\n<h1>Tentes de jardin<\/h1>\n<p>[vc_separator type=\u00a0\u00bbtransparent\u00a0\u00bb position=\u00a0\u00bbcenter\u00a0\u00bb thickness=\u00a0\u00bb0&Prime; up=\u00a0\u00bb50&Prime; down=\u00a0\u00bb50&Prime;][\/vc_column_text][\/vc_column][\/vc_row]<\/p>\n<p>[vc_row css_animation=\u00a0\u00bb\u00a0\u00bb row_type=\u00a0\u00bbrow\u00a0\u00bb use_row_as_full_screen_section=\u00a0\u00bbno\u00a0\u00bb type=\u00a0\u00bbgrid\u00a0\u00bb angled_section=\u00a0\u00bbno\u00a0\u00bb text_align=\u00a0\u00bbleft\u00a0\u00bb background_image_as_pattern=\u00a0\u00bbwithout_pattern\u00a0\u00bb z_index=\u00a0\u00bb\u00a0\u00bb][vc_column width=\u00a0\u00bb1\/2&Prime;][vc_column_text]La polyvalence d&rsquo;un Tentickle est l&rsquo;un de ses plus grands atouts. Vous cherchez une tente de jardin ou un auvent pour votre camping-car ?<br \/>\nNous fabriquons votre Tentickle dans la taille et la forme dont vous avez besoin.<br \/>\nDans notre jardin se trouve une tente de jardin de Tentickle et le choix a \u00e9t\u00e9 facile pour nous, car une tente extensible de&#8230;<\/p>\n<p>[\/vc_column_text][\/vc_column][vc_column width=\u00a0\u00bb1\/4&Prime;][vc_column_text]<\/p>\n<p><a href=\"https:\/\/tentickle.ch\/wp-content\/uploads\/2018\/11\/DSC07717.jpg\"><img loading=\"lazy\" decoding=\"async\" class=\"alignnone wp-image-15159 size-large\" src=\"https:\/\/tentickle.ch\/wp-content\/uploads\/2018\/11\/DSC07717-1024x768.jpg\" alt=\"Tentickle Gartenzelt, ein Stretchzelt.\" width=\"1024\" height=\"768\" srcset=\"https:\/\/www.tentickle.ch\/wp-content\/uploads\/2018\/11\/DSC07717-1024x768.jpg 1024w, https:\/\/www.tentickle.ch\/wp-content\/uploads\/2018\/11\/DSC07717-300x225.jpg 300w, https:\/\/www.tentickle.ch\/wp-content\/uploads\/2018\/11\/DSC07717-768x576.jpg 768w, https:\/\/www.tentickle.ch\/wp-content\/uploads\/2018\/11\/DSC07717-800x600.jpg 800w, https:\/\/www.tentickle.ch\/wp-content\/uploads\/2018\/11\/DSC07717-700x525.jpg 700w\" sizes=\"auto, (max-width: 1024px) 100vw, 1024px\" \/><\/a><\/p>\n<p>[\/vc_column_text][\/vc_column][vc_column width=\u00a0\u00bb1\/4&Prime;][vc_column_text]<\/p>\n<p><a href=\"https:\/\/tentickle.ch\/wp-content\/uploads\/2018\/11\/IMG_0858.jpg\"><img loading=\"lazy\" decoding=\"async\" class=\"alignnone wp-image-16161 size-large\" src=\"https:\/\/www.tentickle.ch\/wp-content\/uploads\/2018\/11\/IMG_0858-1024x768.jpg\" alt=\"Tentickle Gartenzelt, ein Stretchzelt.\" width=\"1024\" height=\"768\" srcset=\"https:\/\/www.tentickle.ch\/wp-content\/uploads\/2018\/11\/IMG_0858-1024x768.jpg 1024w, https:\/\/www.tentickle.ch\/wp-content\/uploads\/2018\/11\/IMG_0858-300x225.jpg 300w, https:\/\/www.tentickle.ch\/wp-content\/uploads\/2018\/11\/IMG_0858-768x576.jpg 768w, https:\/\/www.tentickle.ch\/wp-content\/uploads\/2018\/11\/IMG_0858-800x600.jpg 800w, https:\/\/www.tentickle.ch\/wp-content\/uploads\/2018\/11\/IMG_0858-700x525.jpg 700w\" sizes=\"auto, (max-width: 1024px) 100vw, 1024px\" \/><\/a><\/p>\n<p>[\/vc_column_text][\/vc_column][\/vc_row]<\/p>\n<p>[vc_row css_animation=\u00a0\u00bb\u00a0\u00bb row_type=\u00a0\u00bbrow\u00a0\u00bb use_row_as_full_screen_section=\u00a0\u00bbno\u00a0\u00bb type=\u00a0\u00bbgrid\u00a0\u00bb angled_section=\u00a0\u00bbno\u00a0\u00bb text_align=\u00a0\u00bbleft\u00a0\u00bb background_image_as_pattern=\u00a0\u00bbwithout_pattern\u00a0\u00bb z_index=\u00a0\u00bb\u00a0\u00bb][vc_column][vc_column_text]<\/p>\n<ul>\n<li>a un aspect textile d&rsquo;une beaut\u00e9 imbattable et est 100% \u00e9tanche.<\/li>\n<li>est \u00e9lastique et peut \u00eatre tendu dans des situations quasiment impossibles, m\u00eame sur un toit ou un bateau.<\/li>\n<li>peut \u00eatre construit de diff\u00e9rentes mani\u00e8res<\/li>\n<li>r\u00e9siste, gr\u00e2ce \u00e0 sa flexibilit\u00e9, \u00e0 un vent d&rsquo;ouest violent.<\/li>\n<li>peut \u00eatre fix\u00e9 sur un bord avec un rail le long d&rsquo;un mur ou d&rsquo;un v\u00e9hicule.<\/li>\n<li>a l&rsquo;air si bien qu&rsquo;il n&rsquo;a pas \u00e0 se cacher des jardins nobles ou des maisons chics.<\/li>\n<li>se monte et se d\u00e9monte facilement une fois les points de fixation mis en place.<\/li>\n<li>est lavable.<\/li>\n<\/ul>\n<p>[vc_separator type=\u00a0\u00bbtransparent\u00a0\u00bb position=\u00a0\u00bbcenter\u00a0\u00bb thickness=\u00a0\u00bb0&Prime; up=\u00a0\u00bb50&Prime; down=\u00a0\u00bb50&Prime;][\/vc_column_text][\/vc_column][\/vc_row]<\/p>\n<p>[vc_row css_animation=\u00a0\u00bb\u00a0\u00bb row_type=\u00a0\u00bbrow\u00a0\u00bb use_row_as_full_screen_section=\u00a0\u00bbno\u00a0\u00bb type=\u00a0\u00bbgrid\u00a0\u00bb angled_section=\u00a0\u00bbno\u00a0\u00bb text_align=\u00a0\u00bbleft\u00a0\u00bb background_image_as_pattern=\u00a0\u00bbwithout_pattern\u00a0\u00bb z_index=\u00a0\u00bb\u00a0\u00bb][vc_column width=\u00a0\u00bb1\/4&Prime;][vc_column_text]<\/p>\n<p><a href=\"https:\/\/tentickle.ch\/wp-content\/uploads\/2018\/11\/IMG_0505.jpg\"><img loading=\"lazy\" decoding=\"async\" class=\"alignnone wp-image-16155 size-large\" src=\"https:\/\/www.tentickle.ch\/wp-content\/uploads\/2018\/11\/IMG_0505-1024x768.jpg\" alt=\"Tentickle Gartenzelt, ein Stretchzelt.\" width=\"1024\" height=\"768\" srcset=\"https:\/\/www.tentickle.ch\/wp-content\/uploads\/2018\/11\/IMG_0505-1024x768.jpg 1024w, https:\/\/www.tentickle.ch\/wp-content\/uploads\/2018\/11\/IMG_0505-300x225.jpg 300w, https:\/\/www.tentickle.ch\/wp-content\/uploads\/2018\/11\/IMG_0505-768x576.jpg 768w, https:\/\/www.tentickle.ch\/wp-content\/uploads\/2018\/11\/IMG_0505-800x600.jpg 800w, https:\/\/www.tentickle.ch\/wp-content\/uploads\/2018\/11\/IMG_0505-700x525.jpg 700w\" sizes=\"auto, (max-width: 1024px) 100vw, 1024px\" \/><\/a><\/p>\n<p>[\/vc_column_text][\/vc_column][vc_column width=\u00a0\u00bb1\/4&Prime;][vc_column_text]<\/p>\n<p><a href=\"https:\/\/tentickle.ch\/wp-content\/uploads\/2018\/11\/IMG_0850.jpg\"><img loading=\"lazy\" decoding=\"async\" class=\"alignnone wp-image-16158 size-large\" src=\"https:\/\/www.tentickle.ch\/wp-content\/uploads\/2018\/11\/IMG_0850-1024x768.jpg\" alt=\"Tentickle Gartenzelt, ein Stretchzelt.\" width=\"1024\" height=\"768\" srcset=\"https:\/\/www.tentickle.ch\/wp-content\/uploads\/2018\/11\/IMG_0850-1024x768.jpg 1024w, https:\/\/www.tentickle.ch\/wp-content\/uploads\/2018\/11\/IMG_0850-300x225.jpg 300w, https:\/\/www.tentickle.ch\/wp-content\/uploads\/2018\/11\/IMG_0850-768x576.jpg 768w, https:\/\/www.tentickle.ch\/wp-content\/uploads\/2018\/11\/IMG_0850-800x600.jpg 800w, https:\/\/www.tentickle.ch\/wp-content\/uploads\/2018\/11\/IMG_0850-700x525.jpg 700w\" sizes=\"auto, (max-width: 1024px) 100vw, 1024px\" \/><\/a>[\/vc_column_text][\/vc_column][vc_column width=\u00a0\u00bb1\/2&Prime;][vc_column_text]<\/p>\n<p>Les tentes de jardin de Tentickle sont certes tr\u00e8s r\u00e9sistantes, mais elles ne peuvent pas rester mont\u00e9es toute l&rsquo;ann\u00e9e. Si des tiges sont plac\u00e9es directement dans la toile, ces tiges doivent \u00eatre l\u00e9g\u00e8rement d\u00e9plac\u00e9es tous les mois afin de ne pas laisser d&#8217;empreintes permanentes. Pendant l&rsquo;hiver, il convient de d\u00e9monter une Tentickle. Vous pouvez le faire vous-m\u00eame ou nous demander de le faire pour vous.<\/p>\n<p>[\/vc_column_text][\/vc_column][\/vc_row]<\/p>\n<p>[vc_separator type=\u00a0\u00bbtransparent\u00a0\u00bb position=\u00a0\u00bbcenter\u00a0\u00bb thickness=\u00a0\u00bb0&Prime; up=\u00a0\u00bb50&Prime; down=\u00a0\u00bb50&Prime;]<\/p>\n","protected":false},"excerpt":{"rendered":"<p>[vc_row css_animation=\u00a0\u00bb\u00a0\u00bb row_type=\u00a0\u00bbrow\u00a0\u00bb use_row_as_full_screen_section=\u00a0\u00bbno\u00a0\u00bb type=\u00a0\u00bbgrid\u00a0\u00bb angled_section=\u00a0\u00bbno\u00a0\u00bb text_align=\u00a0\u00bbleft\u00a0\u00bb background_image_as_pattern=\u00a0\u00bbwithout_pattern\u00a0\u00bb z_index=\u00a0\u00bb\u00a0\u00bb][vc_column][vc_column_text][vc_separator type=\u00a0\u00bbtransparent\u00a0\u00bb position=\u00a0\u00bbcenter\u00a0\u00bb thickness=\u00a0\u00bb0&Prime; up=\u00a0\u00bb50&Prime; down=\u00a0\u00bb50&Prime;] Tentes de jardin [vc_separator type=\u00a0\u00bbtransparent\u00a0\u00bb position=\u00a0\u00bbcenter\u00a0\u00bb thickness=\u00a0\u00bb0&Prime; up=\u00a0\u00bb50&Prime; down=\u00a0\u00bb50&Prime;][\/vc_column_text][\/vc_column][\/vc_row] [vc_row css_animation=\u00a0\u00bb\u00a0\u00bb row_type=\u00a0\u00bbrow\u00a0\u00bb use_row_as_full_screen_section=\u00a0\u00bbno\u00a0\u00bb type=\u00a0\u00bbgrid\u00a0\u00bb angled_section=\u00a0\u00bbno\u00a0\u00bb text_align=\u00a0\u00bbleft\u00a0\u00bb background_image_as_pattern=\u00a0\u00bbwithout_pattern\u00a0\u00bb z_index=\u00a0\u00bb\u00a0\u00bb][vc_column width=\u00a0\u00bb1\/2&Prime;][vc_column_text]La polyvalence d&rsquo;un Tentickle est l&rsquo;un de ses plus grands atouts. Vous cherchez&#8230;<\/p>\n","protected":false},"author":1,"featured_media":0,"parent":16548,"menu_order":0,"comment_status":"closed","ping_status":"closed","template":"full_width.php","meta":{"footnotes":""},"class_list":["post-16513","page","type-page","status-publish","hentry"],"yoast_head":"<!-- This site is optimized with the Yoast SEO plugin v27.0 - https:\/\/yoast.com\/product\/yoast-seo-wordpress\/ -->\n<title>Des tentes de jardin qui sont belles et r\u00e9sistantes de Tentickle.<\/title>\n<meta name=\"description\" content=\"Une tente de jardin qui s&#039;adapte \u00e0 chaque maison, qui est belle et qui ne craint pas le vent ? Bien s\u00fbr, une tente extensible de Tentickle ! Cela pla\u00eet aussi aux voisins.\" \/>\n<meta name=\"robots\" content=\"index, follow, max-snippet:-1, max-image-preview:large, max-video-preview:-1\" \/>\n<link rel=\"canonical\" href=\"https:\/\/www.tentickle.ch\/stretchzelt\/gartenzelte\/\" \/>\n<meta property=\"og:locale\" content=\"fr_FR\" \/>\n<meta property=\"og:type\" content=\"article\" \/>\n<meta property=\"og:title\" content=\"Des tentes de jardin qui sont belles et r\u00e9sistantes de Tentickle.\" \/>\n<meta property=\"og:description\" content=\"Une tente de jardin qui s&#039;adapte \u00e0 chaque maison, qui est belle et qui ne craint pas le vent ? Bien s\u00fbr, une tente extensible de Tentickle ! Cela pla\u00eet aussi aux voisins.\" \/>\n<meta property=\"og:url\" content=\"https:\/\/www.tentickle.ch\/stretchzelt\/gartenzelte\/\" \/>\n<meta property=\"og:site_name\" content=\"Tentickle\" \/>\n<meta property=\"article:publisher\" content=\"https:\/\/www.facebook.com\/CreativeTents\/\" \/>\n<meta property=\"article:modified_time\" content=\"2022-02-16T16:52:22+00:00\" \/>\n<meta property=\"og:image\" content=\"https:\/\/www.tentickle.ch\/wp-content\/uploads\/2018\/11\/DSC07717-1024x768.jpg\" \/>\n\t<meta property=\"og:image:width\" content=\"1024\" \/>\n\t<meta property=\"og:image:height\" content=\"768\" \/>\n\t<meta property=\"og:image:type\" content=\"image\/jpeg\" \/>\n<meta name=\"twitter:card\" content=\"summary_large_image\" \/>\n<meta name=\"twitter:label1\" content=\"Dur\u00e9e de lecture estim\u00e9e\" \/>\n\t<meta name=\"twitter:data1\" content=\"2 minutes\" \/>\n<script type=\"application\/ld+json\" class=\"yoast-schema-graph\">{\"@context\":\"https:\/\/schema.org\",\"@graph\":[{\"@type\":\"WebPage\",\"@id\":\"https:\/\/www.tentickle.ch\/stretchzelt\/gartenzelte\/\",\"url\":\"https:\/\/www.tentickle.ch\/stretchzelt\/gartenzelte\/\",\"name\":\"Des tentes de jardin qui sont belles et r\u00e9sistantes de Tentickle.\",\"isPartOf\":{\"@id\":\"https:\/\/www.tentickle.ch\/#website\"},\"primaryImageOfPage\":{\"@id\":\"https:\/\/www.tentickle.ch\/stretchzelt\/gartenzelte\/#primaryimage\"},\"image\":{\"@id\":\"https:\/\/www.tentickle.ch\/stretchzelt\/gartenzelte\/#primaryimage\"},\"thumbnailUrl\":\"https:\/\/tentickle.ch\/wp-content\/uploads\/2018\/11\/DSC07717-1024x768.jpg\",\"datePublished\":\"2018-10-22T09:50:57+00:00\",\"dateModified\":\"2022-02-16T16:52:22+00:00\",\"description\":\"Une tente de jardin qui s'adapte \u00e0 chaque maison, qui est belle et qui ne craint pas le vent ? Bien s\u00fbr, une tente extensible de Tentickle ! Cela pla\u00eet aussi aux voisins.\",\"breadcrumb\":{\"@id\":\"https:\/\/www.tentickle.ch\/stretchzelt\/gartenzelte\/#breadcrumb\"},\"inLanguage\":\"fr-FR\",\"potentialAction\":[{\"@type\":\"ReadAction\",\"target\":[\"https:\/\/www.tentickle.ch\/stretchzelt\/gartenzelte\/\"]}]},{\"@type\":\"ImageObject\",\"inLanguage\":\"fr-FR\",\"@id\":\"https:\/\/www.tentickle.ch\/stretchzelt\/gartenzelte\/#primaryimage\",\"url\":\"https:\/\/tentickle.ch\/wp-content\/uploads\/2018\/11\/DSC07717-1024x768.jpg\",\"contentUrl\":\"https:\/\/tentickle.ch\/wp-content\/uploads\/2018\/11\/DSC07717-1024x768.jpg\"},{\"@type\":\"BreadcrumbList\",\"@id\":\"https:\/\/www.tentickle.ch\/stretchzelt\/gartenzelte\/#breadcrumb\",\"itemListElement\":[{\"@type\":\"ListItem\",\"position\":1,\"name\":\"Home\",\"item\":\"https:\/\/www.tentickle.ch\/fr\/\"},{\"@type\":\"ListItem\",\"position\":2,\"name\":\"PARTICULARIT\u00c9S DE LA TENTE\",\"item\":\"https:\/\/www.tentickle.ch\/stretchzelt\/\"},{\"@type\":\"ListItem\",\"position\":3,\"name\":\"TENTE DE JARDIN\"}]},{\"@type\":\"WebSite\",\"@id\":\"https:\/\/www.tentickle.ch\/#website\",\"url\":\"https:\/\/www.tentickle.ch\/\",\"name\":\"Tentickle Schweiz\",\"description\":\"Stilvolle Zelte f\u00fcr Feste und Anl\u00e4sse\",\"publisher\":{\"@id\":\"https:\/\/www.tentickle.ch\/#organization\"},\"potentialAction\":[{\"@type\":\"SearchAction\",\"target\":{\"@type\":\"EntryPoint\",\"urlTemplate\":\"https:\/\/www.tentickle.ch\/?s={search_term_string}\"},\"query-input\":{\"@type\":\"PropertyValueSpecification\",\"valueRequired\":true,\"valueName\":\"search_term_string\"}}],\"inLanguage\":\"fr-FR\"},{\"@type\":\"Organization\",\"@id\":\"https:\/\/www.tentickle.ch\/#organization\",\"name\":\"Tentickle\",\"url\":\"https:\/\/www.tentickle.ch\/\",\"logo\":{\"@type\":\"ImageObject\",\"inLanguage\":\"fr-FR\",\"@id\":\"https:\/\/www.tentickle.ch\/#\/schema\/logo\/image\/\",\"url\":\"https:\/\/www.tentickle.ch\/wp-content\/uploads\/2018\/10\/TentickleLogoTransparentohneCanopies-web.png\",\"contentUrl\":\"https:\/\/www.tentickle.ch\/wp-content\/uploads\/2018\/10\/TentickleLogoTransparentohneCanopies-web.png\",\"width\":1000,\"height\":294,\"caption\":\"Tentickle\"},\"image\":{\"@id\":\"https:\/\/www.tentickle.ch\/#\/schema\/logo\/image\/\"},\"sameAs\":[\"https:\/\/www.facebook.com\/CreativeTents\/\",\"https:\/\/www.instagram.com\/tentickle.switzerland\"]}]}<\/script>\n<!-- \/ Yoast SEO plugin. -->","yoast_head_json":{"title":"Des tentes de jardin qui sont belles et r\u00e9sistantes de Tentickle.","description":"Une tente de jardin qui s'adapte \u00e0 chaque maison, qui est belle et qui ne craint pas le vent ? Bien s\u00fbr, une tente extensible de Tentickle ! Cela pla\u00eet aussi aux voisins.","robots":{"index":"index","follow":"follow","max-snippet":"max-snippet:-1","max-image-preview":"max-image-preview:large","max-video-preview":"max-video-preview:-1"},"canonical":"https:\/\/www.tentickle.ch\/stretchzelt\/gartenzelte\/","og_locale":"fr_FR","og_type":"article","og_title":"Des tentes de jardin qui sont belles et r\u00e9sistantes de Tentickle.","og_description":"Une tente de jardin qui s'adapte \u00e0 chaque maison, qui est belle et qui ne craint pas le vent ? Bien s\u00fbr, une tente extensible de Tentickle ! Cela pla\u00eet aussi aux voisins.","og_url":"https:\/\/www.tentickle.ch\/stretchzelt\/gartenzelte\/","og_site_name":"Tentickle","article_publisher":"https:\/\/www.facebook.com\/CreativeTents\/","article_modified_time":"2022-02-16T16:52:22+00:00","og_image":[{"width":1024,"height":768,"url":"https:\/\/www.tentickle.ch\/wp-content\/uploads\/2018\/11\/DSC07717-1024x768.jpg","type":"image\/jpeg"}],"twitter_card":"summary_large_image","twitter_misc":{"Dur\u00e9e de lecture estim\u00e9e":"2 minutes"},"schema":{"@context":"https:\/\/schema.org","@graph":[{"@type":"WebPage","@id":"https:\/\/www.tentickle.ch\/stretchzelt\/gartenzelte\/","url":"https:\/\/www.tentickle.ch\/stretchzelt\/gartenzelte\/","name":"Des tentes de jardin qui sont belles et r\u00e9sistantes de Tentickle.","isPartOf":{"@id":"https:\/\/www.tentickle.ch\/#website"},"primaryImageOfPage":{"@id":"https:\/\/www.tentickle.ch\/stretchzelt\/gartenzelte\/#primaryimage"},"image":{"@id":"https:\/\/www.tentickle.ch\/stretchzelt\/gartenzelte\/#primaryimage"},"thumbnailUrl":"https:\/\/tentickle.ch\/wp-content\/uploads\/2018\/11\/DSC07717-1024x768.jpg","datePublished":"2018-10-22T09:50:57+00:00","dateModified":"2022-02-16T16:52:22+00:00","description":"Une tente de jardin qui s'adapte \u00e0 chaque maison, qui est belle et qui ne craint pas le vent ? Bien s\u00fbr, une tente extensible de Tentickle ! Cela pla\u00eet aussi aux voisins.","breadcrumb":{"@id":"https:\/\/www.tentickle.ch\/stretchzelt\/gartenzelte\/#breadcrumb"},"inLanguage":"fr-FR","potentialAction":[{"@type":"ReadAction","target":["https:\/\/www.tentickle.ch\/stretchzelt\/gartenzelte\/"]}]},{"@type":"ImageObject","inLanguage":"fr-FR","@id":"https:\/\/www.tentickle.ch\/stretchzelt\/gartenzelte\/#primaryimage","url":"https:\/\/tentickle.ch\/wp-content\/uploads\/2018\/11\/DSC07717-1024x768.jpg","contentUrl":"https:\/\/tentickle.ch\/wp-content\/uploads\/2018\/11\/DSC07717-1024x768.jpg"},{"@type":"BreadcrumbList","@id":"https:\/\/www.tentickle.ch\/stretchzelt\/gartenzelte\/#breadcrumb","itemListElement":[{"@type":"ListItem","position":1,"name":"Home","item":"https:\/\/www.tentickle.ch\/fr\/"},{"@type":"ListItem","position":2,"name":"PARTICULARIT\u00c9S DE LA TENTE","item":"https:\/\/www.tentickle.ch\/stretchzelt\/"},{"@type":"ListItem","position":3,"name":"TENTE DE JARDIN"}]},{"@type":"WebSite","@id":"https:\/\/www.tentickle.ch\/#website","url":"https:\/\/www.tentickle.ch\/","name":"Tentickle Schweiz","description":"Stilvolle Zelte f\u00fcr Feste und Anl\u00e4sse","publisher":{"@id":"https:\/\/www.tentickle.ch\/#organization"},"potentialAction":[{"@type":"SearchAction","target":{"@type":"EntryPoint","urlTemplate":"https:\/\/www.tentickle.ch\/?s={search_term_string}"},"query-input":{"@type":"PropertyValueSpecification","valueRequired":true,"valueName":"search_term_string"}}],"inLanguage":"fr-FR"},{"@type":"Organization","@id":"https:\/\/www.tentickle.ch\/#organization","name":"Tentickle","url":"https:\/\/www.tentickle.ch\/","logo":{"@type":"ImageObject","inLanguage":"fr-FR","@id":"https:\/\/www.tentickle.ch\/#\/schema\/logo\/image\/","url":"https:\/\/www.tentickle.ch\/wp-content\/uploads\/2018\/10\/TentickleLogoTransparentohneCanopies-web.png","contentUrl":"https:\/\/www.tentickle.ch\/wp-content\/uploads\/2018\/10\/TentickleLogoTransparentohneCanopies-web.png","width":1000,"height":294,"caption":"Tentickle"},"image":{"@id":"https:\/\/www.tentickle.ch\/#\/schema\/logo\/image\/"},"sameAs":["https:\/\/www.facebook.com\/CreativeTents\/","https:\/\/www.instagram.com\/tentickle.switzerland"]}]}},"_links":{"self":[{"href":"https:\/\/www.tentickle.ch\/fr\/wp-json\/wp\/v2\/pages\/16513","targetHints":{"allow":["GET"]}}],"collection":[{"href":"https:\/\/www.tentickle.ch\/fr\/wp-json\/wp\/v2\/pages"}],"about":[{"href":"https:\/\/www.tentickle.ch\/fr\/wp-json\/wp\/v2\/types\/page"}],"author":[{"embeddable":true,"href":"https:\/\/www.tentickle.ch\/fr\/wp-json\/wp\/v2\/users\/1"}],"replies":[{"embeddable":true,"href":"https:\/\/www.tentickle.ch\/fr\/wp-json\/wp\/v2\/comments?post=16513"}],"version-history":[{"count":1,"href":"https:\/\/www.tentickle.ch\/fr\/wp-json\/wp\/v2\/pages\/16513\/revisions"}],"predecessor-version":[{"id":16531,"href":"https:\/\/www.tentickle.ch\/fr\/wp-json\/wp\/v2\/pages\/16513\/revisions\/16531"}],"up":[{"embeddable":true,"href":"https:\/\/www.tentickle.ch\/fr\/wp-json\/wp\/v2\/pages\/16548"}],"wp:attachment":[{"href":"https:\/\/www.tentickle.ch\/fr\/wp-json\/wp\/v2\/media?parent=16513"}],"curies":[{"name":"wp","href":"https:\/\/api.w.org\/{rel}","templated":true}]}}