{"id":16445,"date":"2018-11-26T13:21:09","date_gmt":"2018-11-26T12:21:09","guid":{"rendered":"https:\/\/www.tentickle.ch\/formulaire-de-demande\/"},"modified":"2022-02-22T17:29:36","modified_gmt":"2022-02-22T16:29:36","slug":"formulaire-de-demande","status":"publish","type":"page","link":"https:\/\/www.tentickle.ch\/fr\/formulaire-de-demande\/","title":{"rendered":"FORMULAIRE DE DEMANDE"},"content":{"rendered":"<p>[vc_row css_animation=\u00a0\u00bb\u00a0\u00bb row_type=\u00a0\u00bbrow\u00a0\u00bb use_row_as_full_screen_section=\u00a0\u00bbno\u00a0\u00bb type=\u00a0\u00bbfull_width\u00a0\u00bb angled_section=\u00a0\u00bbno\u00a0\u00bb text_align=\u00a0\u00bbleft\u00a0\u00bb background_image_as_pattern=\u00a0\u00bbwithout_pattern\u00a0\u00bb][vc_column][vc_column_text][vc_separator type=\u00a0\u00bbtransparent\u00a0\u00bb position=\u00a0\u00bbcenter\u00a0\u00bb thickness=\u00a0\u00bb0&Prime; up=\u00a0\u00bb50&Prime; down=\u00a0\u00bb50&Prime;]<\/p>\n<h1>Formulaire de demande<\/h1>\n<p>[vc_separator type=\u00a0\u00bbtransparent\u00a0\u00bb position=\u00a0\u00bbcenter\u00a0\u00bb thickness=\u00a0\u00bb0&Prime; up=\u00a0\u00bb50&Prime; down=\u00a0\u00bb50&Prime;][\/vc_column_text]\n<div class=\"wpcf7 no-js\" id=\"wpcf7-f16653-o1\" lang=\"de-CH\" dir=\"ltr\" data-wpcf7-id=\"16653\">\n<div class=\"screen-reader-response\"><p role=\"status\" aria-live=\"polite\" aria-atomic=\"true\"><\/p> <ul><\/ul><\/div>\n<form action=\"\/fr\/wp-json\/wp\/v2\/pages\/16445#wpcf7-f16653-o1\" method=\"post\" class=\"wpcf7-form init cf7_custom_style_1\" aria-label=\"Contact form\" novalidate=\"novalidate\" data-status=\"init\">\n<fieldset class=\"hidden-fields-container\"><input type=\"hidden\" name=\"_wpcf7\" value=\"16653\" \/><input type=\"hidden\" name=\"_wpcf7_version\" value=\"6.1.5\" \/><input type=\"hidden\" name=\"_wpcf7_locale\" value=\"de_CH\" \/><input type=\"hidden\" name=\"_wpcf7_unit_tag\" value=\"wpcf7-f16653-o1\" \/><input type=\"hidden\" name=\"_wpcf7_container_post\" value=\"0\" \/><input type=\"hidden\" name=\"_wpcf7_posted_data_hash\" value=\"\" \/><input type=\"hidden\" name=\"_wpcf7_recaptcha_response\" value=\"\" \/>\n<\/fieldset>\n<p><label> Je suis<br \/>\n<span class=\"wpcf7-form-control-wrap\" data-name=\"ich-bin\"><select class=\"wpcf7-form-control wpcf7-select\" aria-invalid=\"false\" name=\"ich-bin\"><option value=\"\">&#8211; Bitte ausw\u00e4hlen &#8211;<\/option><option value=\"Priv\u00e9\">Priv\u00e9<\/option><option value=\"Organisateur\/Agence\">Organisateur\/Agence<\/option><option value=\"Commerce\/Restauration\">Commerce\/Restauration<\/option><\/select><\/span> <\/label>\n<\/p>\n<p><label> *Je souhaite un Tentickle<br \/>\n<span class=\"wpcf7-form-control-wrap\" data-name=\"ich-moechte\"><select class=\"wpcf7-form-control wpcf7-select wpcf7-validates-as-required\" aria-required=\"true\" aria-invalid=\"false\" name=\"ich-moechte\"><option value=\"\">&#8211; Bitte ausw\u00e4hlen &#8211;<\/option><option value=\"louer\">louer<\/option><option value=\"acheter\">acheter<\/option><\/select><\/span> <\/label>\n<\/p>\n<p><label> *Nom de famille<br \/>\n<span class=\"wpcf7-form-control-wrap\" data-name=\"Name\"><input size=\"40\" maxlength=\"400\" class=\"wpcf7-form-control wpcf7-text wpcf7-validates-as-required\" aria-required=\"true\" aria-invalid=\"false\" value=\"\" type=\"text\" name=\"Name\" \/><\/span> <\/label>\n<\/p>\n<p><label> *Pr\u00e9nom<br \/>\n<span class=\"wpcf7-form-control-wrap\" data-name=\"Vorname\"><input size=\"40\" maxlength=\"400\" class=\"wpcf7-form-control wpcf7-text wpcf7-validates-as-required\" aria-required=\"true\" aria-invalid=\"false\" value=\"\" type=\"text\" name=\"Vorname\" \/><\/span> <\/label>\n<\/p>\n<p><label> Soci\u00e9t\u00e9<br \/>\n<span class=\"wpcf7-form-control-wrap\" data-name=\"Firma\"><input size=\"40\" maxlength=\"400\" class=\"wpcf7-form-control wpcf7-text\" aria-invalid=\"false\" value=\"\" type=\"text\" name=\"Firma\" \/><\/span> <\/label>\n<\/p>\n<p><label> Adresse<br \/>\n<span class=\"wpcf7-form-control-wrap\" data-name=\"Adresse\"><input size=\"40\" maxlength=\"400\" class=\"wpcf7-form-control wpcf7-text\" aria-invalid=\"false\" value=\"\" type=\"text\" name=\"Adresse\" \/><\/span> <\/label>\n<\/p>\n<p><label> NPA lieu<br \/>\n<span class=\"wpcf7-form-control-wrap\" data-name=\"PLZ\"><input size=\"40\" maxlength=\"400\" class=\"wpcf7-form-control wpcf7-text\" aria-invalid=\"false\" value=\"\" type=\"text\" name=\"PLZ\" \/><\/span> <\/label>\n<\/p>\n<p><label> *Num\u00e9ro de t\u00e9l\u00e9phone<br \/>\n<span class=\"wpcf7-form-control-wrap\" data-name=\"Telefonnummer\"><input size=\"40\" maxlength=\"400\" class=\"wpcf7-form-control wpcf7-text wpcf7-validates-as-required\" aria-required=\"true\" aria-invalid=\"false\" value=\"\" type=\"text\" name=\"Telefonnummer\" \/><\/span> <\/label>\n<\/p>\n<p><label> *E-Mail<br \/>\n<span class=\"wpcf7-form-control-wrap\" data-name=\"email\"><input size=\"40\" maxlength=\"400\" class=\"wpcf7-form-control wpcf7-email wpcf7-validates-as-required wpcf7-text wpcf7-validates-as-email\" aria-required=\"true\" aria-invalid=\"false\" value=\"\" type=\"email\" name=\"email\" \/><\/span> <\/label>\n<\/p>\n<p><label> Adresse de l'\u00e9v\u00e9nement<br \/>\n<span class=\"wpcf7-form-control-wrap\" data-name=\"Veranstaltungsadresse\"><input size=\"40\" maxlength=\"400\" class=\"wpcf7-form-control wpcf7-text\" aria-invalid=\"false\" value=\"\" type=\"text\" name=\"Veranstaltungsadresse\" \/><\/span> <\/label>\n<\/p>\n<p><label> Date de l'\u00e9v\u00e9nement<br \/>\n<span class=\"wpcf7-form-control-wrap\" data-name=\"Veranstaltungsdatum\"><input size=\"40\" maxlength=\"400\" class=\"wpcf7-form-control wpcf7-text\" aria-invalid=\"false\" value=\"\" type=\"text\" name=\"Veranstaltungsdatum\" \/><\/span> <\/label>\n<\/p>\n<p><label> Piquets de tente <\/label><br \/>\n<span class=\"wpcf7-form-control-wrap\" data-name=\"Piquets\"><span class=\"wpcf7-form-control wpcf7-checkbox\"><span class=\"wpcf7-list-item first\"><input type=\"checkbox\" name=\"Piquets[]\" value=\"Aluminium\" \/><span class=\"wpcf7-list-item-label\">Aluminium<\/span><\/span><span class=\"wpcf7-list-item last\"><input type=\"checkbox\" name=\"Piquets[]\" value=\"Bois\" \/><span class=\"wpcf7-list-item-label\">Bois<\/span><\/span><\/span><\/span>\n<\/p>\n<p><label> Couleur de la tente <\/label>.<br \/>\n<span class=\"wpcf7-form-control-wrap\" data-name=\"Couleur\"><span class=\"wpcf7-form-control wpcf7-checkbox\"><span class=\"wpcf7-list-item first\"><input type=\"checkbox\" name=\"Couleur[]\" value=\"Blanc\" \/><span class=\"wpcf7-list-item-label\">Blanc<\/span><\/span><span class=\"wpcf7-list-item\"><input type=\"checkbox\" name=\"Couleur[]\" value=\"Argent\" \/><span class=\"wpcf7-list-item-label\">Argent<\/span><\/span><span class=\"wpcf7-list-item\"><input type=\"checkbox\" name=\"Couleur[]\" value=\"Beige\" \/><span class=\"wpcf7-list-item-label\">Beige<\/span><\/span><span class=\"wpcf7-list-item\"><input type=\"checkbox\" name=\"Couleur[]\" value=\"Rouge\" \/><span class=\"wpcf7-list-item-label\">Rouge<\/span><\/span><span class=\"wpcf7-list-item\"><input type=\"checkbox\" name=\"Couleur[]\" value=\"Taupe\" \/><span class=\"wpcf7-list-item-label\">Taupe<\/span><\/span><span class=\"wpcf7-list-item last\"><input type=\"checkbox\" name=\"Couleur[]\" value=\"Noir\" \/><span class=\"wpcf7-list-item-label\">Noir<\/span><\/span><\/span><\/span>\n<\/p>\n<p><label> Taille de la tente <\/label><br \/>\n<span class=\"wpcf7-form-control-wrap\" data-name=\"Zeltgroesse\"><span class=\"wpcf7-form-control wpcf7-checkbox\"><span class=\"wpcf7-list-item first\"><input type=\"checkbox\" name=\"Zeltgroesse[]\" value=\"54m\u00b2\" \/><span class=\"wpcf7-list-item-label\">54m\u00b2<\/span><\/span><span class=\"wpcf7-list-item\"><input type=\"checkbox\" name=\"Zeltgroesse[]\" value=\"75m\u00b2\" \/><span class=\"wpcf7-list-item-label\">75m\u00b2<\/span><\/span><span class=\"wpcf7-list-item\"><input type=\"checkbox\" name=\"Zeltgroesse[]\" value=\"100m\u00b2\" \/><span class=\"wpcf7-list-item-label\">100m\u00b2<\/span><\/span><span class=\"wpcf7-list-item\"><input type=\"checkbox\" name=\"Zeltgroesse[]\" value=\"150m\u00b2\" \/><span class=\"wpcf7-list-item-label\">150m\u00b2<\/span><\/span><span class=\"wpcf7-list-item\"><input type=\"checkbox\" name=\"Zeltgroesse[]\" value=\"300m\u00b2\" \/><span class=\"wpcf7-list-item-label\">300m\u00b2<\/span><\/span><span class=\"wpcf7-list-item last\"><input type=\"checkbox\" name=\"Zeltgroesse[]\" value=\"autre\" \/><span class=\"wpcf7-list-item-label\">autre<\/span><\/span><\/span><\/span>\n<\/p>\n<p><label> Sous-sol <\/label><br \/>\n<span class=\"wpcf7-form-control-wrap\" data-name=\"Untergrund\"><span class=\"wpcf7-form-control wpcf7-checkbox\"><span class=\"wpcf7-list-item first\"><input type=\"checkbox\" name=\"Untergrund[]\" value=\"Prairie\" \/><span class=\"wpcf7-list-item-label\">Prairie<\/span><\/span><span class=\"wpcf7-list-item\"><input type=\"checkbox\" name=\"Untergrund[]\" value=\"Asphalte\" \/><span class=\"wpcf7-list-item-label\">Asphalte<\/span><\/span><span class=\"wpcf7-list-item\"><input type=\"checkbox\" name=\"Untergrund[]\" value=\"Gravier\" \/><span class=\"wpcf7-list-item-label\">Gravier<\/span><\/span><span class=\"wpcf7-list-item\"><input type=\"checkbox\" name=\"Untergrund[]\" value=\"B\u00e9ton\" \/><span class=\"wpcf7-list-item-label\">B\u00e9ton<\/span><\/span><span class=\"wpcf7-list-item last\"><input type=\"checkbox\" name=\"Untergrund[]\" value=\"Autre\" \/><span class=\"wpcf7-list-item-label\">Autre<\/span><\/span><\/span><\/span>\n<\/p>\n<p><label> Votre message<br \/>\n<span class=\"wpcf7-form-control-wrap\" data-name=\"Nachricht\"><textarea cols=\"40\" rows=\"10\" maxlength=\"2000\" class=\"wpcf7-form-control wpcf7-textarea\" aria-invalid=\"false\" name=\"Nachricht\"><\/textarea><\/span> <\/label>\n<\/p>\n<p><input class=\"wpcf7-form-control wpcf7-submit has-spinner\" type=\"submit\" value=\"Envoyer\" \/>\n<\/p><div class=\"wpcf7-response-output\" aria-hidden=\"true\"><\/div>\n<\/form>\n<\/div>\n[\/vc_column][\/vc_row][vc_row css_animation=\u00a0\u00bb\u00a0\u00bb row_type=\u00a0\u00bbrow\u00a0\u00bb use_row_as_full_screen_section=\u00a0\u00bbno\u00a0\u00bb type=\u00a0\u00bbfull_width\u00a0\u00bb angled_section=\u00a0\u00bbno\u00a0\u00bb text_align=\u00a0\u00bbleft\u00a0\u00bb background_image_as_pattern=\u00a0\u00bbwithout_pattern\u00a0\u00bb][\/vc_row][vc_column][\/vc_column]<\/p>\n","protected":false},"excerpt":{"rendered":"<p>[vc_row css_animation=\u00a0\u00bb\u00a0\u00bb row_type=\u00a0\u00bbrow\u00a0\u00bb use_row_as_full_screen_section=\u00a0\u00bbno\u00a0\u00bb type=\u00a0\u00bbfull_width\u00a0\u00bb angled_section=\u00a0\u00bbno\u00a0\u00bb text_align=\u00a0\u00bbleft\u00a0\u00bb background_image_as_pattern=\u00a0\u00bbwithout_pattern\u00a0\u00bb][vc_column][vc_column_text][vc_separator type=\u00a0\u00bbtransparent\u00a0\u00bb position=\u00a0\u00bbcenter\u00a0\u00bb thickness=\u00a0\u00bb0&Prime; up=\u00a0\u00bb50&Prime; down=\u00a0\u00bb50&Prime;] Formulaire de demande [vc_separator type=\u00a0\u00bbtransparent\u00a0\u00bb position=\u00a0\u00bbcenter\u00a0\u00bb thickness=\u00a0\u00bb0&Prime; up=\u00a0\u00bb50&Prime; down=\u00a0\u00bb50&Prime;][\/vc_column_text][\/vc_column][\/vc_row][vc_row css_animation=\u00a0\u00bb\u00a0\u00bb row_type=\u00a0\u00bbrow\u00a0\u00bb use_row_as_full_screen_section=\u00a0\u00bbno\u00a0\u00bb type=\u00a0\u00bbfull_width\u00a0\u00bb angled_section=\u00a0\u00bbno\u00a0\u00bb text_align=\u00a0\u00bbleft\u00a0\u00bb background_image_as_pattern=\u00a0\u00bbwithout_pattern\u00a0\u00bb][\/vc_row][vc_column][\/vc_column]<\/p>\n","protected":false},"author":1,"featured_media":0,"parent":0,"menu_order":0,"comment_status":"closed","ping_status":"closed","template":"","meta":{"footnotes":""},"class_list":["post-16445","page","type-page","status-publish","hentry"],"yoast_head":"<!-- This site is optimized with the Yoast SEO plugin v27.5 - https:\/\/yoast.com\/product\/yoast-seo-wordpress\/ -->\n<title>FORMULAIRE DE DEMANDE - Tentickle<\/title>\n<meta name=\"robots\" content=\"index, follow, max-snippet:-1, max-image-preview:large, max-video-preview:-1\" \/>\n<link rel=\"canonical\" href=\"https:\/\/www.tentickle.ch\/kontaktformular\/\" \/>\n<meta property=\"og:locale\" content=\"fr_FR\" \/>\n<meta property=\"og:type\" content=\"article\" \/>\n<meta property=\"og:title\" content=\"FORMULAIRE DE DEMANDE - Tentickle\" \/>\n<meta property=\"og:description\" content=\"[vc_row css_animation=\u00a0\u00bb\u00a0\u00bb row_type=\u00a0\u00bbrow\u00a0\u00bb use_row_as_full_screen_section=\u00a0\u00bbno\u00a0\u00bb type=\u00a0\u00bbfull_width\u00a0\u00bb angled_section=\u00a0\u00bbno\u00a0\u00bb text_align=\u00a0\u00bbleft\u00a0\u00bb background_image_as_pattern=\u00a0\u00bbwithout_pattern\u00a0\u00bb][vc_column][vc_column_text][vc_separator type=\u00a0\u00bbtransparent\u00a0\u00bb position=\u00a0\u00bbcenter\u00a0\u00bb thickness=\u00a0\u00bb0&Prime; up=\u00a0\u00bb50&Prime; down=\u00a0\u00bb50&Prime;] Formulaire de demande [vc_separator type=\u00a0\u00bbtransparent\u00a0\u00bb position=\u00a0\u00bbcenter\u00a0\u00bb thickness=\u00a0\u00bb0&Prime; up=\u00a0\u00bb50&Prime; down=\u00a0\u00bb50&Prime;][\/vc_column_text][\/vc_column][\/vc_row][vc_row css_animation=\u00a0\u00bb\u00a0\u00bb row_type=\u00a0\u00bbrow\u00a0\u00bb use_row_as_full_screen_section=\u00a0\u00bbno\u00a0\u00bb type=\u00a0\u00bbfull_width\u00a0\u00bb angled_section=\u00a0\u00bbno\u00a0\u00bb text_align=\u00a0\u00bbleft\u00a0\u00bb background_image_as_pattern=\u00a0\u00bbwithout_pattern\u00a0\u00bb][\/vc_row][vc_column][\/vc_column]\" \/>\n<meta property=\"og:url\" content=\"https:\/\/www.tentickle.ch\/kontaktformular\/\" \/>\n<meta property=\"og:site_name\" content=\"Tentickle\" \/>\n<meta property=\"article:publisher\" content=\"https:\/\/www.facebook.com\/CreativeTents\/\" \/>\n<meta property=\"article:modified_time\" content=\"2022-02-22T16:29:36+00:00\" \/>\n<meta name=\"twitter:card\" content=\"summary_large_image\" \/>\n<meta name=\"twitter:label1\" content=\"Dur\u00e9e de lecture estim\u00e9e\" \/>\n\t<meta name=\"twitter:data1\" content=\"1 minute\" \/>\n<script type=\"application\/ld+json\" class=\"yoast-schema-graph\">{\"@context\":\"https:\\\/\\\/schema.org\",\"@graph\":[{\"@type\":\"WebPage\",\"@id\":\"https:\\\/\\\/www.tentickle.ch\\\/kontaktformular\\\/\",\"url\":\"https:\\\/\\\/www.tentickle.ch\\\/kontaktformular\\\/\",\"name\":\"FORMULAIRE DE DEMANDE - Tentickle\",\"isPartOf\":{\"@id\":\"https:\\\/\\\/www.tentickle.ch\\\/#website\"},\"datePublished\":\"2018-11-26T12:21:09+00:00\",\"dateModified\":\"2022-02-22T16:29:36+00:00\",\"breadcrumb\":{\"@id\":\"https:\\\/\\\/www.tentickle.ch\\\/kontaktformular\\\/#breadcrumb\"},\"inLanguage\":\"fr-FR\",\"potentialAction\":[{\"@type\":\"ReadAction\",\"target\":[\"https:\\\/\\\/www.tentickle.ch\\\/kontaktformular\\\/\"]}]},{\"@type\":\"BreadcrumbList\",\"@id\":\"https:\\\/\\\/www.tentickle.ch\\\/kontaktformular\\\/#breadcrumb\",\"itemListElement\":[{\"@type\":\"ListItem\",\"position\":1,\"name\":\"Home\",\"item\":\"https:\\\/\\\/www.tentickle.ch\\\/fr\\\/\"},{\"@type\":\"ListItem\",\"position\":2,\"name\":\"FORMULAIRE DE DEMANDE\"}]},{\"@type\":\"WebSite\",\"@id\":\"https:\\\/\\\/www.tentickle.ch\\\/#website\",\"url\":\"https:\\\/\\\/www.tentickle.ch\\\/\",\"name\":\"Tentickle Schweiz\",\"description\":\"Stilvolle Zelte f\u00fcr Feste und Anl\u00e4sse\",\"publisher\":{\"@id\":\"https:\\\/\\\/www.tentickle.ch\\\/#organization\"},\"potentialAction\":[{\"@type\":\"SearchAction\",\"target\":{\"@type\":\"EntryPoint\",\"urlTemplate\":\"https:\\\/\\\/www.tentickle.ch\\\/?s={search_term_string}\"},\"query-input\":{\"@type\":\"PropertyValueSpecification\",\"valueRequired\":true,\"valueName\":\"search_term_string\"}}],\"inLanguage\":\"fr-FR\"},{\"@type\":\"Organization\",\"@id\":\"https:\\\/\\\/www.tentickle.ch\\\/#organization\",\"name\":\"Tentickle\",\"url\":\"https:\\\/\\\/www.tentickle.ch\\\/\",\"logo\":{\"@type\":\"ImageObject\",\"inLanguage\":\"fr-FR\",\"@id\":\"https:\\\/\\\/www.tentickle.ch\\\/#\\\/schema\\\/logo\\\/image\\\/\",\"url\":\"https:\\\/\\\/www.tentickle.ch\\\/wp-content\\\/uploads\\\/2018\\\/10\\\/TentickleLogoTransparentohneCanopies-web.png\",\"contentUrl\":\"https:\\\/\\\/www.tentickle.ch\\\/wp-content\\\/uploads\\\/2018\\\/10\\\/TentickleLogoTransparentohneCanopies-web.png\",\"width\":1000,\"height\":294,\"caption\":\"Tentickle\"},\"image\":{\"@id\":\"https:\\\/\\\/www.tentickle.ch\\\/#\\\/schema\\\/logo\\\/image\\\/\"},\"sameAs\":[\"https:\\\/\\\/www.facebook.com\\\/CreativeTents\\\/\",\"https:\\\/\\\/www.instagram.com\\\/tentickle.switzerland\"]}]}<\/script>\n<!-- \/ Yoast SEO plugin. -->","yoast_head_json":{"title":"FORMULAIRE DE DEMANDE - Tentickle","robots":{"index":"index","follow":"follow","max-snippet":"max-snippet:-1","max-image-preview":"max-image-preview:large","max-video-preview":"max-video-preview:-1"},"canonical":"https:\/\/www.tentickle.ch\/kontaktformular\/","og_locale":"fr_FR","og_type":"article","og_title":"FORMULAIRE DE DEMANDE - Tentickle","og_description":"[vc_row css_animation=\u00a0\u00bb\u00a0\u00bb row_type=\u00a0\u00bbrow\u00a0\u00bb use_row_as_full_screen_section=\u00a0\u00bbno\u00a0\u00bb type=\u00a0\u00bbfull_width\u00a0\u00bb angled_section=\u00a0\u00bbno\u00a0\u00bb text_align=\u00a0\u00bbleft\u00a0\u00bb background_image_as_pattern=\u00a0\u00bbwithout_pattern\u00a0\u00bb][vc_column][vc_column_text][vc_separator type=\u00a0\u00bbtransparent\u00a0\u00bb position=\u00a0\u00bbcenter\u00a0\u00bb thickness=\u00a0\u00bb0&Prime; up=\u00a0\u00bb50&Prime; down=\u00a0\u00bb50&Prime;] Formulaire de demande [vc_separator type=\u00a0\u00bbtransparent\u00a0\u00bb position=\u00a0\u00bbcenter\u00a0\u00bb thickness=\u00a0\u00bb0&Prime; up=\u00a0\u00bb50&Prime; down=\u00a0\u00bb50&Prime;][\/vc_column_text][\/vc_column][\/vc_row][vc_row css_animation=\u00a0\u00bb\u00a0\u00bb row_type=\u00a0\u00bbrow\u00a0\u00bb use_row_as_full_screen_section=\u00a0\u00bbno\u00a0\u00bb type=\u00a0\u00bbfull_width\u00a0\u00bb angled_section=\u00a0\u00bbno\u00a0\u00bb text_align=\u00a0\u00bbleft\u00a0\u00bb background_image_as_pattern=\u00a0\u00bbwithout_pattern\u00a0\u00bb][\/vc_row][vc_column][\/vc_column]","og_url":"https:\/\/www.tentickle.ch\/kontaktformular\/","og_site_name":"Tentickle","article_publisher":"https:\/\/www.facebook.com\/CreativeTents\/","article_modified_time":"2022-02-22T16:29:36+00:00","twitter_card":"summary_large_image","twitter_misc":{"Dur\u00e9e de lecture estim\u00e9e":"1 minute"},"schema":{"@context":"https:\/\/schema.org","@graph":[{"@type":"WebPage","@id":"https:\/\/www.tentickle.ch\/kontaktformular\/","url":"https:\/\/www.tentickle.ch\/kontaktformular\/","name":"FORMULAIRE DE DEMANDE - Tentickle","isPartOf":{"@id":"https:\/\/www.tentickle.ch\/#website"},"datePublished":"2018-11-26T12:21:09+00:00","dateModified":"2022-02-22T16:29:36+00:00","breadcrumb":{"@id":"https:\/\/www.tentickle.ch\/kontaktformular\/#breadcrumb"},"inLanguage":"fr-FR","potentialAction":[{"@type":"ReadAction","target":["https:\/\/www.tentickle.ch\/kontaktformular\/"]}]},{"@type":"BreadcrumbList","@id":"https:\/\/www.tentickle.ch\/kontaktformular\/#breadcrumb","itemListElement":[{"@type":"ListItem","position":1,"name":"Home","item":"https:\/\/www.tentickle.ch\/fr\/"},{"@type":"ListItem","position":2,"name":"FORMULAIRE DE DEMANDE"}]},{"@type":"WebSite","@id":"https:\/\/www.tentickle.ch\/#website","url":"https:\/\/www.tentickle.ch\/","name":"Tentickle Schweiz","description":"Stilvolle Zelte f\u00fcr Feste und Anl\u00e4sse","publisher":{"@id":"https:\/\/www.tentickle.ch\/#organization"},"potentialAction":[{"@type":"SearchAction","target":{"@type":"EntryPoint","urlTemplate":"https:\/\/www.tentickle.ch\/?s={search_term_string}"},"query-input":{"@type":"PropertyValueSpecification","valueRequired":true,"valueName":"search_term_string"}}],"inLanguage":"fr-FR"},{"@type":"Organization","@id":"https:\/\/www.tentickle.ch\/#organization","name":"Tentickle","url":"https:\/\/www.tentickle.ch\/","logo":{"@type":"ImageObject","inLanguage":"fr-FR","@id":"https:\/\/www.tentickle.ch\/#\/schema\/logo\/image\/","url":"https:\/\/www.tentickle.ch\/wp-content\/uploads\/2018\/10\/TentickleLogoTransparentohneCanopies-web.png","contentUrl":"https:\/\/www.tentickle.ch\/wp-content\/uploads\/2018\/10\/TentickleLogoTransparentohneCanopies-web.png","width":1000,"height":294,"caption":"Tentickle"},"image":{"@id":"https:\/\/www.tentickle.ch\/#\/schema\/logo\/image\/"},"sameAs":["https:\/\/www.facebook.com\/CreativeTents\/","https:\/\/www.instagram.com\/tentickle.switzerland"]}]}},"_links":{"self":[{"href":"https:\/\/www.tentickle.ch\/fr\/wp-json\/wp\/v2\/pages\/16445","targetHints":{"allow":["GET"]}}],"collection":[{"href":"https:\/\/www.tentickle.ch\/fr\/wp-json\/wp\/v2\/pages"}],"about":[{"href":"https:\/\/www.tentickle.ch\/fr\/wp-json\/wp\/v2\/types\/page"}],"author":[{"embeddable":true,"href":"https:\/\/www.tentickle.ch\/fr\/wp-json\/wp\/v2\/users\/1"}],"replies":[{"embeddable":true,"href":"https:\/\/www.tentickle.ch\/fr\/wp-json\/wp\/v2\/comments?post=16445"}],"version-history":[{"count":8,"href":"https:\/\/www.tentickle.ch\/fr\/wp-json\/wp\/v2\/pages\/16445\/revisions"}],"predecessor-version":[{"id":16657,"href":"https:\/\/www.tentickle.ch\/fr\/wp-json\/wp\/v2\/pages\/16445\/revisions\/16657"}],"wp:attachment":[{"href":"https:\/\/www.tentickle.ch\/fr\/wp-json\/wp\/v2\/media?parent=16445"}],"curies":[{"name":"wp","href":"https:\/\/api.w.org\/{rel}","templated":true}]}}