{"id":16437,"date":"2018-10-22T11:51:05","date_gmt":"2018-10-22T09:51:05","guid":{"rendered":"https:\/\/www.tentickle.ch\/voile-de-soleil\/"},"modified":"2022-02-16T17:52:22","modified_gmt":"2022-02-16T16:52:22","slug":"voile-de-soleil","status":"publish","type":"page","link":"https:\/\/www.tentickle.ch\/fr\/particularites-de-la-tente\/voile-de-soleil\/","title":{"rendered":"VOILE DE SOLEIL"},"content":{"rendered":"<p>[vc_row css_animation=\u00a0\u00bb\u00a0\u00bb row_type=\u00a0\u00bbrow\u00a0\u00bb use_row_as_full_screen_section=\u00a0\u00bbno\u00a0\u00bb type=\u00a0\u00bbgrid\u00a0\u00bb angled_section=\u00a0\u00bbno\u00a0\u00bb text_align=\u00a0\u00bbleft\u00a0\u00bb background_image_as_pattern=\u00a0\u00bbwithout_pattern\u00a0\u00bb z_index=\u00a0\u00bb\u00a0\u00bb][vc_column][vc_column_text][vc_separator type=\u00a0\u00bbtransparent\u00a0\u00bb position=\u00a0\u00bbcenter\u00a0\u00bb thickness=\u00a0\u00bb0&Prime; up=\u00a0\u00bb50&Prime; down=\u00a0\u00bb50&Prime;]<\/p>\n<h1>Voile d&rsquo;ombrage<\/h1>\n<p>[vc_separator type=\u00a0\u00bbtransparent\u00a0\u00bb position=\u00a0\u00bbcenter\u00a0\u00bb thickness=\u00a0\u00bb0&Prime; up=\u00a0\u00bb50&Prime; down=\u00a0\u00bb50&Prime;][\/vc_column_text][\/vc_row]<\/p>\n<p>[vc_row css_animation=\u00a0\u00bb\u00a0\u00bb row_type=\u00a0\u00bbrow\u00a0\u00bb use_row_as_full_screen_section=\u00a0\u00bbno\u00a0\u00bb type=\u00a0\u00bbgrid\u00a0\u00bb angled_section=\u00a0\u00bbno\u00a0\u00bb text_align=\u00a0\u00bbleft\u00a0\u00bb background_image_as_pattern=\u00a0\u00bbwithout_pattern\u00a0\u00bb z_index=\u00a0\u00bb\u00a0\u00bb][vc_column width=\u00a0\u00bb3\/4&Prime;][vc_column_text]Les tentes extensibles de Tentickle sont id\u00e9ales comme auvents. En effet, gr\u00e2ce \u00e0 la flexibilit\u00e9 du syst\u00e8me, chaque tente peut \u00eatre ferm\u00e9e ou ouverte, selon la situation. Lorsque les temp\u00e9ratures sont \u00e9lev\u00e9es et que le soleil brille, on a envie de passer du temps \u00e0 l&rsquo;ext\u00e9rieur. C&rsquo;est un petit art de cr\u00e9er un endroit ombrag\u00e9 o\u00f9 l&rsquo;on a l&rsquo;impression d&rsquo;\u00eatre en plein air.<\/p>\n<p>[\/vc_column_text][\/vc_column][vc_column width=\u00a0\u00bb1\/4&Prime;][vc_column_text]<\/p>\n<p><a href=\"https:\/\/tentickle.ch\/wp-content\/uploads\/2018\/11\/IMG_0756.jpg\"><img loading=\"lazy\" decoding=\"async\" class=\"alignnone wp-image-15171 size-large\" src=\"https:\/\/tentickle.ch\/wp-content\/uploads\/2018\/11\/IMG_0756-1024x562.jpg\" alt=\"\" width=\"1024\" height=\"562\" srcset=\"https:\/\/www.tentickle.ch\/wp-content\/uploads\/2018\/11\/IMG_0756-1024x562.jpg 1024w, https:\/\/www.tentickle.ch\/wp-content\/uploads\/2018\/11\/IMG_0756-300x165.jpg 300w, https:\/\/www.tentickle.ch\/wp-content\/uploads\/2018\/11\/IMG_0756-768x422.jpg 768w, https:\/\/www.tentickle.ch\/wp-content\/uploads\/2018\/11\/IMG_0756-700x384.jpg 700w\" sizes=\"auto, (max-width: 1024px) 100vw, 1024px\" \/><\/a>[\/vc_column_text][\/vc_column][\/vc_row]<\/p>\n<p>[vc_row css_animation=\u00a0\u00bb\u00a0\u00bb row_type=\u00a0\u00bbrow\u00a0\u00bb use_row_as_full_screen_section=\u00a0\u00bbno\u00a0\u00bb type=\u00a0\u00bbgrid\u00a0\u00bb angled_section=\u00a0\u00bbno\u00a0\u00bb text_align=\u00a0\u00bbleft\u00a0\u00bb background_image_as_pattern=\u00a0\u00bbwithout_pattern\u00a0\u00bb z_index=\u00a0\u00bb\u00a0\u00bb]<blockquote class=' with_quote_icon' style=''><i class='fa fa-quote-right' style=''><\/i><h5 class='blockquote-text' style=''>C'est un peu un art de cr\u00e9er un endroit ombrag\u00e9 o\u00f9 l'on a l'impression d'\u00eatre en plein air.<\/h5><\/blockquote>[\/vc_row]<\/p>\n<p>[vc_row css_animation=\u00a0\u00bb\u00a0\u00bb row_type=\u00a0\u00bbrow\u00a0\u00bb use_row_as_full_screen_section=\u00a0\u00bbno\u00a0\u00bb type=\u00a0\u00bbgrid\u00a0\u00bb angled_section=\u00a0\u00bbno\u00a0\u00bb text_align=\u00a0\u00bbleft\u00a0\u00bb background_image_as_pattern=\u00a0\u00bbwithout_pattern\u00a0\u00bb z_index=\u00a0\u00bb\u00a0\u00bb][vc_column width=\u00a0\u00bb1\/4&Prime;][vc_column_text]<\/p>\n<p><a href=\"https:\/\/tentickle.ch\/wp-content\/uploads\/2018\/11\/IMG_0873.jpg\"><img loading=\"lazy\" decoding=\"async\" class=\"wp-image-16188\" src=\"https:\/\/www.tentickle.ch\/wp-content\/uploads\/2018\/11\/IMG_0873-1024x768.jpg\" alt=\"Sonnensegel in rot, von Tentickle\" width=\"400\" height=\"300\" srcset=\"https:\/\/www.tentickle.ch\/wp-content\/uploads\/2018\/11\/IMG_0873-1024x768.jpg 1024w, https:\/\/www.tentickle.ch\/wp-content\/uploads\/2018\/11\/IMG_0873-300x225.jpg 300w, https:\/\/www.tentickle.ch\/wp-content\/uploads\/2018\/11\/IMG_0873-768x576.jpg 768w, https:\/\/www.tentickle.ch\/wp-content\/uploads\/2018\/11\/IMG_0873-800x600.jpg 800w, https:\/\/www.tentickle.ch\/wp-content\/uploads\/2018\/11\/IMG_0873-700x525.jpg 700w\" sizes=\"auto, (max-width: 400px) 100vw, 400px\" \/><\/a><\/p>\n<p>[\/vc_column_text][\/vc_column][vc_column width=\u00a0\u00bb3\/4&Prime;][vc_column_text]<\/p>\n<p>Un Tentickle peut \u00eatre install\u00e9 de mani\u00e8re \u00e0 ce que l&rsquo;air ne s&rsquo;accumule pas en dessous, que la toile de tente soit haute par rapport au sol et que l&rsquo;on puisse conserver en dessous la sensation d&rsquo;\u00eatre \u00e0 l&rsquo;ext\u00e9rieur. Une vraie voile d&rsquo;ombrage, en somme. En cas d&rsquo;orage estival, un Tentickle multifonctionnel ne doit pas se cacher du vent et de la pluie. Gr\u00e2ce \u00e0 son \u00e9lasticit\u00e9, une tente en stretch r\u00e9siste en toute s\u00e9curit\u00e9 \u00e0 des hauteurs de temp\u00eate et est 100% \u00e9tanche \u00e0 l&rsquo;eau. Le mat\u00e9riel Tentickle est le fruit d&rsquo;une grande exp\u00e9rience et il est vraiment tr\u00e8s r\u00e9sistant.<\/p>\n<p>[\/vc_column_text][\/vc_column][\/vc_row]<\/p>\n<p>[vc_separator type=\u00a0\u00bbtransparent\u00a0\u00bb position=\u00a0\u00bbcenter\u00a0\u00bb thickness=\u00a0\u00bb0&Prime; up=\u00a0\u00bb50&Prime; down=\u00a0\u00bb50&Prime;]<\/p>\n","protected":false},"excerpt":{"rendered":"<p>[vc_row css_animation=\u00a0\u00bb\u00a0\u00bb row_type=\u00a0\u00bbrow\u00a0\u00bb use_row_as_full_screen_section=\u00a0\u00bbno\u00a0\u00bb type=\u00a0\u00bbgrid\u00a0\u00bb angled_section=\u00a0\u00bbno\u00a0\u00bb text_align=\u00a0\u00bbleft\u00a0\u00bb background_image_as_pattern=\u00a0\u00bbwithout_pattern\u00a0\u00bb z_index=\u00a0\u00bb\u00a0\u00bb][vc_column][vc_column_text][vc_separator type=\u00a0\u00bbtransparent\u00a0\u00bb position=\u00a0\u00bbcenter\u00a0\u00bb thickness=\u00a0\u00bb0&Prime; up=\u00a0\u00bb50&Prime; down=\u00a0\u00bb50&Prime;] Voile d&rsquo;ombrage [vc_separator type=\u00a0\u00bbtransparent\u00a0\u00bb position=\u00a0\u00bbcenter\u00a0\u00bb thickness=\u00a0\u00bb0&Prime; up=\u00a0\u00bb50&Prime; down=\u00a0\u00bb50&Prime;][\/vc_column_text][\/vc_row] [vc_row css_animation=\u00a0\u00bb\u00a0\u00bb row_type=\u00a0\u00bbrow\u00a0\u00bb use_row_as_full_screen_section=\u00a0\u00bbno\u00a0\u00bb type=\u00a0\u00bbgrid\u00a0\u00bb angled_section=\u00a0\u00bbno\u00a0\u00bb text_align=\u00a0\u00bbleft\u00a0\u00bb background_image_as_pattern=\u00a0\u00bbwithout_pattern\u00a0\u00bb z_index=\u00a0\u00bb\u00a0\u00bb][vc_column width=\u00a0\u00bb3\/4&Prime;][vc_column_text]Les tentes extensibles de Tentickle sont id\u00e9ales comme auvents. En effet, gr\u00e2ce \u00e0 la&#8230;<\/p>\n","protected":false},"author":1,"featured_media":0,"parent":16548,"menu_order":0,"comment_status":"closed","ping_status":"closed","template":"full_width.php","meta":{"footnotes":""},"class_list":["post-16437","page","type-page","status-publish","hentry"],"yoast_head":"<!-- This site is optimized with the Yoast SEO plugin v27.0 - https:\/\/yoast.com\/product\/yoast-seo-wordpress\/ -->\n<title>Voile d&#039;ombrage de Tentickle : Des voiles d&#039;ombrage qui r\u00e9sistent vraiment \u00e0 l&#039;usure !<\/title>\n<meta name=\"description\" content=\"Les voiles d&#039;ombrage de Tentickle ne sont pas seulement magnifiques, elles r\u00e9sistent aussi au vent comme aucune autre. Le mat\u00e9riau \u00e9lastique suit le vent et r\u00e9siste \u00e0 beaucoup de choses.\" \/>\n<meta name=\"robots\" content=\"index, follow, max-snippet:-1, max-image-preview:large, max-video-preview:-1\" \/>\n<link rel=\"canonical\" href=\"https:\/\/www.tentickle.ch\/stretchzelt\/sonnensegel\/\" \/>\n<meta property=\"og:locale\" content=\"fr_FR\" \/>\n<meta property=\"og:type\" content=\"article\" \/>\n<meta property=\"og:title\" content=\"Voile d&#039;ombrage de Tentickle : Des voiles d&#039;ombrage qui r\u00e9sistent vraiment \u00e0 l&#039;usure !\" \/>\n<meta property=\"og:description\" content=\"Les voiles d&#039;ombrage de Tentickle ne sont pas seulement magnifiques, elles r\u00e9sistent aussi au vent comme aucune autre. Le mat\u00e9riau \u00e9lastique suit le vent et r\u00e9siste \u00e0 beaucoup de choses.\" \/>\n<meta property=\"og:url\" content=\"https:\/\/www.tentickle.ch\/stretchzelt\/sonnensegel\/\" \/>\n<meta property=\"og:site_name\" content=\"Tentickle\" \/>\n<meta property=\"article:publisher\" content=\"https:\/\/www.facebook.com\/CreativeTents\/\" \/>\n<meta property=\"article:modified_time\" content=\"2022-02-16T16:52:22+00:00\" \/>\n<meta property=\"og:image\" content=\"https:\/\/www.tentickle.ch\/wp-content\/uploads\/2018\/11\/IMG_0756-1024x562.jpg\" \/>\n\t<meta property=\"og:image:width\" content=\"1024\" \/>\n\t<meta property=\"og:image:height\" content=\"562\" \/>\n\t<meta property=\"og:image:type\" content=\"image\/jpeg\" \/>\n<meta name=\"twitter:card\" content=\"summary_large_image\" \/>\n<meta name=\"twitter:label1\" content=\"Dur\u00e9e de lecture estim\u00e9e\" \/>\n\t<meta name=\"twitter:data1\" content=\"2 minutes\" \/>\n<script type=\"application\/ld+json\" class=\"yoast-schema-graph\">{\"@context\":\"https:\/\/schema.org\",\"@graph\":[{\"@type\":\"WebPage\",\"@id\":\"https:\/\/www.tentickle.ch\/stretchzelt\/sonnensegel\/\",\"url\":\"https:\/\/www.tentickle.ch\/stretchzelt\/sonnensegel\/\",\"name\":\"Voile d'ombrage de Tentickle : Des voiles d'ombrage qui r\u00e9sistent vraiment \u00e0 l'usure !\",\"isPartOf\":{\"@id\":\"https:\/\/www.tentickle.ch\/#website\"},\"primaryImageOfPage\":{\"@id\":\"https:\/\/www.tentickle.ch\/stretchzelt\/sonnensegel\/#primaryimage\"},\"image\":{\"@id\":\"https:\/\/www.tentickle.ch\/stretchzelt\/sonnensegel\/#primaryimage\"},\"thumbnailUrl\":\"https:\/\/tentickle.ch\/wp-content\/uploads\/2018\/11\/IMG_0756-1024x562.jpg\",\"datePublished\":\"2018-10-22T09:51:05+00:00\",\"dateModified\":\"2022-02-16T16:52:22+00:00\",\"description\":\"Les voiles d'ombrage de Tentickle ne sont pas seulement magnifiques, elles r\u00e9sistent aussi au vent comme aucune autre. Le mat\u00e9riau \u00e9lastique suit le vent et r\u00e9siste \u00e0 beaucoup de choses.\",\"breadcrumb\":{\"@id\":\"https:\/\/www.tentickle.ch\/stretchzelt\/sonnensegel\/#breadcrumb\"},\"inLanguage\":\"fr-FR\",\"potentialAction\":[{\"@type\":\"ReadAction\",\"target\":[\"https:\/\/www.tentickle.ch\/stretchzelt\/sonnensegel\/\"]}]},{\"@type\":\"ImageObject\",\"inLanguage\":\"fr-FR\",\"@id\":\"https:\/\/www.tentickle.ch\/stretchzelt\/sonnensegel\/#primaryimage\",\"url\":\"https:\/\/tentickle.ch\/wp-content\/uploads\/2018\/11\/IMG_0756-1024x562.jpg\",\"contentUrl\":\"https:\/\/tentickle.ch\/wp-content\/uploads\/2018\/11\/IMG_0756-1024x562.jpg\"},{\"@type\":\"BreadcrumbList\",\"@id\":\"https:\/\/www.tentickle.ch\/stretchzelt\/sonnensegel\/#breadcrumb\",\"itemListElement\":[{\"@type\":\"ListItem\",\"position\":1,\"name\":\"Home\",\"item\":\"https:\/\/www.tentickle.ch\/fr\/\"},{\"@type\":\"ListItem\",\"position\":2,\"name\":\"PARTICULARIT\u00c9S DE LA TENTE\",\"item\":\"https:\/\/www.tentickle.ch\/stretchzelt\/\"},{\"@type\":\"ListItem\",\"position\":3,\"name\":\"VOILE DE SOLEIL\"}]},{\"@type\":\"WebSite\",\"@id\":\"https:\/\/www.tentickle.ch\/#website\",\"url\":\"https:\/\/www.tentickle.ch\/\",\"name\":\"Tentickle Schweiz\",\"description\":\"Stilvolle Zelte f\u00fcr Feste und Anl\u00e4sse\",\"publisher\":{\"@id\":\"https:\/\/www.tentickle.ch\/#organization\"},\"potentialAction\":[{\"@type\":\"SearchAction\",\"target\":{\"@type\":\"EntryPoint\",\"urlTemplate\":\"https:\/\/www.tentickle.ch\/?s={search_term_string}\"},\"query-input\":{\"@type\":\"PropertyValueSpecification\",\"valueRequired\":true,\"valueName\":\"search_term_string\"}}],\"inLanguage\":\"fr-FR\"},{\"@type\":\"Organization\",\"@id\":\"https:\/\/www.tentickle.ch\/#organization\",\"name\":\"Tentickle\",\"url\":\"https:\/\/www.tentickle.ch\/\",\"logo\":{\"@type\":\"ImageObject\",\"inLanguage\":\"fr-FR\",\"@id\":\"https:\/\/www.tentickle.ch\/#\/schema\/logo\/image\/\",\"url\":\"https:\/\/www.tentickle.ch\/wp-content\/uploads\/2018\/10\/TentickleLogoTransparentohneCanopies-web.png\",\"contentUrl\":\"https:\/\/www.tentickle.ch\/wp-content\/uploads\/2018\/10\/TentickleLogoTransparentohneCanopies-web.png\",\"width\":1000,\"height\":294,\"caption\":\"Tentickle\"},\"image\":{\"@id\":\"https:\/\/www.tentickle.ch\/#\/schema\/logo\/image\/\"},\"sameAs\":[\"https:\/\/www.facebook.com\/CreativeTents\/\",\"https:\/\/www.instagram.com\/tentickle.switzerland\"]}]}<\/script>\n<!-- \/ Yoast SEO plugin. -->","yoast_head_json":{"title":"Voile d'ombrage de Tentickle : Des voiles d'ombrage qui r\u00e9sistent vraiment \u00e0 l'usure !","description":"Les voiles d'ombrage de Tentickle ne sont pas seulement magnifiques, elles r\u00e9sistent aussi au vent comme aucune autre. Le mat\u00e9riau \u00e9lastique suit le vent et r\u00e9siste \u00e0 beaucoup de choses.","robots":{"index":"index","follow":"follow","max-snippet":"max-snippet:-1","max-image-preview":"max-image-preview:large","max-video-preview":"max-video-preview:-1"},"canonical":"https:\/\/www.tentickle.ch\/stretchzelt\/sonnensegel\/","og_locale":"fr_FR","og_type":"article","og_title":"Voile d'ombrage de Tentickle : Des voiles d'ombrage qui r\u00e9sistent vraiment \u00e0 l'usure !","og_description":"Les voiles d'ombrage de Tentickle ne sont pas seulement magnifiques, elles r\u00e9sistent aussi au vent comme aucune autre. Le mat\u00e9riau \u00e9lastique suit le vent et r\u00e9siste \u00e0 beaucoup de choses.","og_url":"https:\/\/www.tentickle.ch\/stretchzelt\/sonnensegel\/","og_site_name":"Tentickle","article_publisher":"https:\/\/www.facebook.com\/CreativeTents\/","article_modified_time":"2022-02-16T16:52:22+00:00","og_image":[{"width":1024,"height":562,"url":"https:\/\/www.tentickle.ch\/wp-content\/uploads\/2018\/11\/IMG_0756-1024x562.jpg","type":"image\/jpeg"}],"twitter_card":"summary_large_image","twitter_misc":{"Dur\u00e9e de lecture estim\u00e9e":"2 minutes"},"schema":{"@context":"https:\/\/schema.org","@graph":[{"@type":"WebPage","@id":"https:\/\/www.tentickle.ch\/stretchzelt\/sonnensegel\/","url":"https:\/\/www.tentickle.ch\/stretchzelt\/sonnensegel\/","name":"Voile d'ombrage de Tentickle : Des voiles d'ombrage qui r\u00e9sistent vraiment \u00e0 l'usure !","isPartOf":{"@id":"https:\/\/www.tentickle.ch\/#website"},"primaryImageOfPage":{"@id":"https:\/\/www.tentickle.ch\/stretchzelt\/sonnensegel\/#primaryimage"},"image":{"@id":"https:\/\/www.tentickle.ch\/stretchzelt\/sonnensegel\/#primaryimage"},"thumbnailUrl":"https:\/\/tentickle.ch\/wp-content\/uploads\/2018\/11\/IMG_0756-1024x562.jpg","datePublished":"2018-10-22T09:51:05+00:00","dateModified":"2022-02-16T16:52:22+00:00","description":"Les voiles d'ombrage de Tentickle ne sont pas seulement magnifiques, elles r\u00e9sistent aussi au vent comme aucune autre. Le mat\u00e9riau \u00e9lastique suit le vent et r\u00e9siste \u00e0 beaucoup de choses.","breadcrumb":{"@id":"https:\/\/www.tentickle.ch\/stretchzelt\/sonnensegel\/#breadcrumb"},"inLanguage":"fr-FR","potentialAction":[{"@type":"ReadAction","target":["https:\/\/www.tentickle.ch\/stretchzelt\/sonnensegel\/"]}]},{"@type":"ImageObject","inLanguage":"fr-FR","@id":"https:\/\/www.tentickle.ch\/stretchzelt\/sonnensegel\/#primaryimage","url":"https:\/\/tentickle.ch\/wp-content\/uploads\/2018\/11\/IMG_0756-1024x562.jpg","contentUrl":"https:\/\/tentickle.ch\/wp-content\/uploads\/2018\/11\/IMG_0756-1024x562.jpg"},{"@type":"BreadcrumbList","@id":"https:\/\/www.tentickle.ch\/stretchzelt\/sonnensegel\/#breadcrumb","itemListElement":[{"@type":"ListItem","position":1,"name":"Home","item":"https:\/\/www.tentickle.ch\/fr\/"},{"@type":"ListItem","position":2,"name":"PARTICULARIT\u00c9S DE LA TENTE","item":"https:\/\/www.tentickle.ch\/stretchzelt\/"},{"@type":"ListItem","position":3,"name":"VOILE DE SOLEIL"}]},{"@type":"WebSite","@id":"https:\/\/www.tentickle.ch\/#website","url":"https:\/\/www.tentickle.ch\/","name":"Tentickle Schweiz","description":"Stilvolle Zelte f\u00fcr Feste und Anl\u00e4sse","publisher":{"@id":"https:\/\/www.tentickle.ch\/#organization"},"potentialAction":[{"@type":"SearchAction","target":{"@type":"EntryPoint","urlTemplate":"https:\/\/www.tentickle.ch\/?s={search_term_string}"},"query-input":{"@type":"PropertyValueSpecification","valueRequired":true,"valueName":"search_term_string"}}],"inLanguage":"fr-FR"},{"@type":"Organization","@id":"https:\/\/www.tentickle.ch\/#organization","name":"Tentickle","url":"https:\/\/www.tentickle.ch\/","logo":{"@type":"ImageObject","inLanguage":"fr-FR","@id":"https:\/\/www.tentickle.ch\/#\/schema\/logo\/image\/","url":"https:\/\/www.tentickle.ch\/wp-content\/uploads\/2018\/10\/TentickleLogoTransparentohneCanopies-web.png","contentUrl":"https:\/\/www.tentickle.ch\/wp-content\/uploads\/2018\/10\/TentickleLogoTransparentohneCanopies-web.png","width":1000,"height":294,"caption":"Tentickle"},"image":{"@id":"https:\/\/www.tentickle.ch\/#\/schema\/logo\/image\/"},"sameAs":["https:\/\/www.facebook.com\/CreativeTents\/","https:\/\/www.instagram.com\/tentickle.switzerland"]}]}},"_links":{"self":[{"href":"https:\/\/www.tentickle.ch\/fr\/wp-json\/wp\/v2\/pages\/16437","targetHints":{"allow":["GET"]}}],"collection":[{"href":"https:\/\/www.tentickle.ch\/fr\/wp-json\/wp\/v2\/pages"}],"about":[{"href":"https:\/\/www.tentickle.ch\/fr\/wp-json\/wp\/v2\/types\/page"}],"author":[{"embeddable":true,"href":"https:\/\/www.tentickle.ch\/fr\/wp-json\/wp\/v2\/users\/1"}],"replies":[{"embeddable":true,"href":"https:\/\/www.tentickle.ch\/fr\/wp-json\/wp\/v2\/comments?post=16437"}],"version-history":[{"count":4,"href":"https:\/\/www.tentickle.ch\/fr\/wp-json\/wp\/v2\/pages\/16437\/revisions"}],"predecessor-version":[{"id":16549,"href":"https:\/\/www.tentickle.ch\/fr\/wp-json\/wp\/v2\/pages\/16437\/revisions\/16549"}],"up":[{"embeddable":true,"href":"https:\/\/www.tentickle.ch\/fr\/wp-json\/wp\/v2\/pages\/16548"}],"wp:attachment":[{"href":"https:\/\/www.tentickle.ch\/fr\/wp-json\/wp\/v2\/media?parent=16437"}],"curies":[{"name":"wp","href":"https:\/\/api.w.org\/{rel}","templated":true}]}}